{"id":1404,"date":"2017-11-21T21:54:12","date_gmt":"2017-11-21T18:54:12","guid":{"rendered":"https:\/\/plurifor.iefc.net\/emerging-pests-and-diseases\/"},"modified":"2019-07-09T10:14:58","modified_gmt":"2019-07-09T07:14:58","slug":"plagas-enfermedades-emergentes","status":"publish","type":"page","link":"https:\/\/plurifor.iefc.net\/es\/plagas-enfermedades-emergentes\/","title":{"rendered":"Aparici\u00f3n de nuevas plagas y enfermedades"},"content":{"rendered":"<div class=\"fusion-fullwidth fullwidth-box fusion-builder-row-1 nonhundred-percent-fullwidth non-hundred-percent-height-scrolling\" style=\"--awb-border-radius-top-left:0px;--awb-border-radius-top-right:0px;--awb-border-radius-bottom-right:0px;--awb-border-radius-bottom-left:0px;--awb-flex-wrap:wrap;\" ><div class=\"fusion-builder-row fusion-row\"><div class=\"fusion-layout-column fusion_builder_column fusion-builder-column-0 fusion_builder_column_1_1 1_1 fusion-one-full fusion-column-first fusion-column-last\" style=\"--awb-bg-size:cover;--awb-margin-bottom:0px;\"><div class=\"fusion-column-wrapper fusion-flex-column-wrapper-legacy\"><div class=\"fusion-text fusion-text-1\"><\/div><div class=\"fusion-text fusion-text-2\"><p><img decoding=\"async\" class=\"size-thumbnail wp-image-1147 alignleft\" src=\"https:\/\/plurifor.iefc.net\/wp-content\/uploads\/2017\/11\/plagas_y_enfermedades_emergentes_min-150x150.jpg\" alt=\"\" width=\"150\" height=\"150\" srcset=\"https:\/\/plurifor.iefc.net\/wp-content\/uploads\/2017\/11\/plagas_y_enfermedades_emergentes_min-66x66.jpg 66w, https:\/\/plurifor.iefc.net\/wp-content\/uploads\/2017\/11\/plagas_y_enfermedades_emergentes_min-150x150.jpg 150w, https:\/\/plurifor.iefc.net\/wp-content\/uploads\/2017\/11\/plagas_y_enfermedades_emergentes_min-200x200.jpg 200w, https:\/\/plurifor.iefc.net\/wp-content\/uploads\/2017\/11\/plagas_y_enfermedades_emergentes_min-300x300.jpg 300w, https:\/\/plurifor.iefc.net\/wp-content\/uploads\/2017\/11\/plagas_y_enfermedades_emergentes_min-400x400.jpg 400w, https:\/\/plurifor.iefc.net\/wp-content\/uploads\/2017\/11\/plagas_y_enfermedades_emergentes_min.jpg 500w\" sizes=\"(max-width: 150px) 100vw, 150px\" \/><\/p>\n<p>La urbanizaci\u00f3n, el comercio mundial y el cambio clim\u00e1tico han contribuido al establecimiento de plagas y enfermedades ex\u00f3ticas e invasoras en Europa. Las plagas y enfermedades emergentes aumentan el riesgo en las plantaciones forestales. Se necesitan herramientas de prevenci\u00f3n y seguimiento para reducir el riesgo.<\/p>\n<\/div><div class=\"fusion-sep-clear\"><\/div><div class=\"fusion-separator fusion-full-width-sep\" style=\"margin-left: auto;margin-right: auto;width:100%;\"><div class=\"fusion-separator-border sep-shadow\" style=\"--awb-height:20px;--awb-amount:20px;background:radial-gradient(ellipse at 50% -50% , #e0dede 0px, rgba(255, 255, 255, 0) 80%) repeat scroll 0 0 rgba(0, 0, 0, 0);background:-webkit-radial-gradient(ellipse at 50% -50% , #e0dede 0px, rgba(255, 255, 255, 0) 80%) repeat scroll 0 0 rgba(0, 0, 0, 0);background:-moz-radial-gradient(ellipse at 50% -50% , #e0dede 0px, rgba(255, 255, 255, 0) 80%) repeat scroll 0 0 rgba(0, 0, 0, 0);background:-o-radial-gradient(ellipse at 50% -50% , #e0dede 0px, rgba(255, 255, 255, 0) 80%) repeat scroll 0 0 rgba(0, 0, 0, 0);\"><\/div><\/div><div class=\"fusion-sep-clear\"><\/div><div class=\"fusion-clearfix\"><\/div><\/div><\/div><div class=\"fusion-layout-column fusion_builder_column fusion-builder-column-1 fusion_builder_column_1_1 1_1 fusion-one-full fusion-column-first fusion-column-last\" style=\"--awb-bg-size:cover;--awb-margin-bottom:0px;\"><div class=\"fusion-column-wrapper fusion-flex-column-wrapper-legacy\"><div class=\"fusion-text fusion-text-3\"><h2 style=\"font-size: 28px;\">Planes de gesti\u00f3n de riesgos y herramientas<\/h2>\n<\/div><div class=\"fusion-text fusion-text-4\"><p><a href=\"https:\/\/plurifor.iefc.net\/wp-content\/uploads\/WP4\/E411_Emerging-pests-and-diseases-risk-plan_final_FR.docx\">an de detecci\u00f3n de plagas y enfermedades emergentes en Aquitania V2<\/a>\u00a0(FR)<\/p>\n<p><a href=\"https:\/\/plurifor.iefc.net\/wp-content\/uploads\/WP2\/plans\/Emerging-pests-and-diseases-risk-plan_FR.pdf\">Plan de detecci\u00f3n de plagas y enfermedades emergentes en Aquitania V1<\/a>\u00a0(FR)<\/p>\n<p><a href=\"https:\/\/plurifor.iefc.net\/wp-content\/uploads\/WP2\/plans\/Emerging-pests-and-diseases-risk-plan_PT.pdf\">Plan de detecci\u00f3n de plagas y enfermedades emergentes en Portugal<\/a>\u00a0(PT)<\/p>\n<p><a href=\"https:\/\/plurifor.iefc.net\/wp-content\/uploads\/WP4\/E411_plan_emergentes_Euskadi.pdf\">Plan de gesti\u00f3n de plagas y enfermedades emergentes en el Pa\u00eds Vasco V2<\/a><\/p>\n<p><a href=\"https:\/\/plurifor.iefc.net\/wp-content\/uploads\/WP2\/plans\/Emerging-pests-and-diseases-risk-plan_ES.pdf\">Plan de gesti\u00f3n de plagas y enfermedades emergentes en el Pa\u00eds Vasco V1<\/a><\/p>\n<p><a href=\"https:\/\/plurifor.iefc.net\/es\/herramientas-para-aparicion-de-nuevas-plagas-y-enfermedades\/\">Herramientas<\/a><\/p>\n<\/div><div class=\"fusion-sep-clear\"><\/div><div class=\"fusion-separator fusion-full-width-sep\" style=\"margin-left: auto;margin-right: auto;width:100%;\"><div class=\"fusion-separator-border sep-shadow\" style=\"--awb-height:20px;--awb-amount:20px;background:radial-gradient(ellipse at 50% -50% , #e0dede 0px, rgba(255, 255, 255, 0) 80%) repeat scroll 0 0 rgba(0, 0, 0, 0);background:-webkit-radial-gradient(ellipse at 50% -50% , #e0dede 0px, rgba(255, 255, 255, 0) 80%) repeat scroll 0 0 rgba(0, 0, 0, 0);background:-moz-radial-gradient(ellipse at 50% -50% , #e0dede 0px, rgba(255, 255, 255, 0) 80%) repeat scroll 0 0 rgba(0, 0, 0, 0);background:-o-radial-gradient(ellipse at 50% -50% , #e0dede 0px, rgba(255, 255, 255, 0) 80%) repeat scroll 0 0 rgba(0, 0, 0, 0);\"><\/div><\/div><div class=\"fusion-sep-clear\"><\/div><div class=\"fusion-clearfix\"><\/div><\/div><\/div><div class=\"fusion-layout-column fusion_builder_column fusion-builder-column-2 fusion_builder_column_1_1 1_1 fusion-one-full fusion-column-first fusion-column-last\" style=\"--awb-bg-size:cover;--awb-margin-bottom:0px;\"><div class=\"fusion-column-wrapper fusion-flex-column-wrapper-legacy\"><div class=\"fusion-text fusion-text-5\"><h2 style=\"font-size: 28px;\">Taller sobre el riesgo de nuevas plagas y enfermedades 2: <em>Evaluaci\u00f3n del plan de gesti\u00f3n de riesgos<\/em><\/h2>\n<\/div><div class=\"fusion-text fusion-text-6\"><p>18 Febrero 2019 en Cestas (Francia)<\/p>\n<p><a href=\"https:\/\/plurifor.iefc.net\/wp-content\/uploads\/WP4\/Deliv311_emerging_pests_diseases.pdf\">Actas<\/a> (EN)<\/p>\n<p><a href=\"https:\/\/plurifor.iefc.net\/wp-content\/uploads\/WP4\/E321_EmergingPests_France.xlsx\">Evaluaci\u00f3n econ\u00f3mica del plan<\/a> (EN)<\/p>\n<\/div><div class=\"fusion-text fusion-text-7\"><h2 style=\"font-size: 28px;\">Taller sobre el riesgo de nuevas plagas y enfermedades 1: Avances hacia nuevos m\u00e9todos de detecci\u00f3n<\/h2>\n<\/div><div class=\"fusion-text fusion-text-8\"><p>25 Enero 2018 en Oeiras (Portugal)<\/p>\n<p>Este taller forma parte de la serie de talleres transnacionales de formaci\u00f3n organizados por el proyecto PLURIFOR. Los talleres transnacionales de formaci\u00f3n tienen por objeto intercambiar conocimientos sobre la gesti\u00f3n del riesgo forestal entre los socios y los socios asociados del proyecto.<\/p>\n<p><a href=\"https:\/\/plurifor.iefc.net\/wp-content\/uploads\/WP2\/workshop_material\/emerging_pests_workshop_agenda_25-january-2018_v3.pdf\">Programa<\/a><\/p>\n<p><a title=\"Minutes of the emerging pests and diseases workshop\" href=\"https:\/\/plurifor.iefc.net\/wp-content\/uploads\/WP2\/2.1.1\/Emerging\/Emerging-workshop-minutes.pdf\">Actas<\/a><\/p>\n<p><a href=\"\/?page_id=3874\">Presentaciones<\/a><\/p>\n<\/div><div class=\"fusion-sep-clear\"><\/div><div class=\"fusion-separator fusion-full-width-sep\" style=\"margin-left: auto;margin-right: auto;width:100%;\"><div class=\"fusion-separator-border sep-shadow\" style=\"--awb-height:20px;--awb-amount:20px;background:radial-gradient(ellipse at 50% -50% , #e0dede 0px, rgba(255, 255, 255, 0) 80%) repeat scroll 0 0 rgba(0, 0, 0, 0);background:-webkit-radial-gradient(ellipse at 50% -50% , #e0dede 0px, rgba(255, 255, 255, 0) 80%) repeat scroll 0 0 rgba(0, 0, 0, 0);background:-moz-radial-gradient(ellipse at 50% -50% , #e0dede 0px, rgba(255, 255, 255, 0) 80%) repeat scroll 0 0 rgba(0, 0, 0, 0);background:-o-radial-gradient(ellipse at 50% -50% , #e0dede 0px, rgba(255, 255, 255, 0) 80%) repeat scroll 0 0 rgba(0, 0, 0, 0);\"><\/div><\/div><div class=\"fusion-sep-clear\"><\/div><div class=\"fusion-clearfix\"><\/div><\/div><\/div><div class=\"fusion-layout-column fusion_builder_column fusion-builder-column-3 fusion_builder_column_1_1 1_1 fusion-one-full fusion-column-first fusion-column-last\" style=\"--awb-bg-size:cover;--awb-margin-bottom:0px;\"><div class=\"fusion-column-wrapper fusion-flex-column-wrapper-legacy\"><div class=\"fusion-text fusion-text-9\"><h2>Resultados<\/h2>\n<\/div><div class=\"fusion-text fusion-text-10\"><h3>Informes regionales<\/h3>\n<p>Informes que describen c\u00f3mo se gestionaba el riesgo de plagas y enfermedades nuevas en las regiones implicadas al inicio del proyecto, en 2016:<\/p>\n<ul>\n<li><a title=\"Forest risk management in Aquitaine (2016)\" href=\"https:\/\/plurifor.iefc.net\/wp-content\/uploads\/WP1\/1.2.1\/Aquitaine\/WP1_Aquitaine.pdf\">Gesti\u00f3n del riesgo florestal en Aquitania\u00a0<\/a>(FR)<\/li>\n<li><a title=\"Forest risk management in the Basque Country (2016)\" href=\"https:\/\/plurifor.iefc.net\/wp-content\/uploads\/WP1\/1.2.1\/Euskadi\/WP1_Euskadi.pdf\">Gesti\u00f3n del riesgo florestal en el Pa\u00eds Vasco (2016)<\/a><\/li>\n<li><a href=\"https:\/\/plurifor.iefc.net\/wp-content\/uploads\/WP1\/1.2.1\/Portugal\/WP1_Portugal.pdf\">Gesti\u00f3n del riesgo florestal en Portugal (2016) <\/a>(PT)<\/li>\n<\/ul>\n<h3>Informe de s\u00edntesis<\/h3>\n<p>Informe que resume la gesti\u00f3n de los ocho riesgos en las regiones respectivas al inicio del proyecto, en 2016:<\/p>\n<ul>\n<li><a title=\"Summary report: risk management before the PLURIFOR project (2016)\" href=\"https:\/\/plurifor.iefc.net\/wp-content\/uploads\/WP1\/1.2.2\/WP1-Summary-report-FINAL.pdf\">Informe resumido (2016)<\/a>\u00a0(EN)<\/li>\n<\/ul>\n<\/div><div class=\"fusion-sep-clear\"><\/div><div class=\"fusion-separator fusion-full-width-sep\" style=\"margin-left: auto;margin-right: auto;width:100%;\"><div class=\"fusion-separator-border sep-shadow\" style=\"--awb-height:20px;--awb-amount:20px;background:radial-gradient(ellipse at 50% -50% , #e0dede 0px, rgba(255, 255, 255, 0) 80%) repeat scroll 0 0 rgba(0, 0, 0, 0);background:-webkit-radial-gradient(ellipse at 50% -50% , #e0dede 0px, rgba(255, 255, 255, 0) 80%) repeat scroll 0 0 rgba(0, 0, 0, 0);background:-moz-radial-gradient(ellipse at 50% -50% , #e0dede 0px, rgba(255, 255, 255, 0) 80%) repeat scroll 0 0 rgba(0, 0, 0, 0);background:-o-radial-gradient(ellipse at 50% -50% , #e0dede 0px, rgba(255, 255, 255, 0) 80%) repeat scroll 0 0 rgba(0, 0, 0, 0);\"><\/div><\/div><div class=\"fusion-sep-clear\"><\/div><div class=\"fusion-clearfix\"><\/div><\/div><\/div><div class=\"fusion-layout-column fusion_builder_column fusion-builder-column-4 fusion_builder_column_1_1 1_1 fusion-one-full fusion-column-first fusion-column-last\" style=\"--awb-bg-size:cover;--awb-margin-bottom:0px;\"><div class=\"fusion-column-wrapper fusion-flex-column-wrapper-legacy\"><div class=\"fusion-text fusion-text-11\"><h2 style=\"font-size: 28px;\">Contactos<\/h2>\n<\/div><div class=\"fusion-text fusion-text-12\"><ul>\n<li><strong>Aquitania<\/strong>:\u00a0Herv\u00e9 Jactel (INRA) &#8211;\u00a0herve.jactel @ inra.fr &#8211; coordinador<\/li>\n<li><strong>Pa\u00eds Vasco<\/strong>: Alejandro Cantero (HAZI) &#8211;\u00a0acantero @ hazi.eus<\/li>\n<li><b>Pa\u00eds Vasco<\/b>: Amaia Ortiz (NEIKER) &#8211;\u00a0aortizb @ neiker.eus<\/li>\n<li><strong>Portugal<\/strong>:\u00a0Manuela Branco (ISA) &#8211;\u00a0mrbranco @ isa.ulisboa.pt<\/li>\n<\/ul>\n<\/div><div class=\"fusion-clearfix\"><\/div><\/div><\/div><\/div><\/div>\n","protected":false},"excerpt":{"rendered":"","protected":false},"author":3,"featured_media":0,"parent":0,"menu_order":0,"comment_status":"closed","ping_status":"closed","template":"","meta":[],"_links":{"self":[{"href":"https:\/\/plurifor.iefc.net\/es\/wp-json\/wp\/v2\/pages\/1404"}],"collection":[{"href":"https:\/\/plurifor.iefc.net\/es\/wp-json\/wp\/v2\/pages"}],"about":[{"href":"https:\/\/plurifor.iefc.net\/es\/wp-json\/wp\/v2\/types\/page"}],"author":[{"embeddable":true,"href":"https:\/\/plurifor.iefc.net\/es\/wp-json\/wp\/v2\/users\/3"}],"replies":[{"embeddable":true,"href":"https:\/\/plurifor.iefc.net\/es\/wp-json\/wp\/v2\/comments?post=1404"}],"version-history":[{"count":96,"href":"https:\/\/plurifor.iefc.net\/es\/wp-json\/wp\/v2\/pages\/1404\/revisions"}],"predecessor-version":[{"id":7244,"href":"https:\/\/plurifor.iefc.net\/es\/wp-json\/wp\/v2\/pages\/1404\/revisions\/7244"}],"wp:attachment":[{"href":"https:\/\/plurifor.iefc.net\/es\/wp-json\/wp\/v2\/media?parent=1404"}],"curies":[{"name":"wp","href":"https:\/\/api.w.org\/{rel}","templated":true}]}}