{"id":1423,"date":"2017-11-21T21:54:58","date_gmt":"2017-11-21T18:54:58","guid":{"rendered":"https:\/\/plurifor.iefc.net\/fire\/"},"modified":"2019-07-09T10:30:06","modified_gmt":"2019-07-09T07:30:06","slug":"incendios-forestales","status":"publish","type":"page","link":"https:\/\/plurifor.iefc.net\/es\/incendios-forestales\/","title":{"rendered":"Incendios forestales"},"content":{"rendered":"<div class=\"fusion-fullwidth fullwidth-box fusion-builder-row-1 nonhundred-percent-fullwidth non-hundred-percent-height-scrolling\" style=\"--awb-border-radius-top-left:0px;--awb-border-radius-top-right:0px;--awb-border-radius-bottom-right:0px;--awb-border-radius-bottom-left:0px;--awb-flex-wrap:wrap;\" ><div class=\"fusion-builder-row fusion-row\"><div class=\"fusion-layout-column fusion_builder_column fusion-builder-column-0 fusion_builder_column_1_1 1_1 fusion-one-full fusion-column-first fusion-column-last\" style=\"--awb-bg-size:cover;--awb-margin-bottom:0px;\"><div class=\"fusion-column-wrapper fusion-flex-column-wrapper-legacy\"><div class=\"fusion-text fusion-text-1\"><\/div><div class=\"fusion-text fusion-text-2\"><p><img decoding=\"async\" class=\"size-thumbnail wp-image-1310 alignleft\" src=\"https:\/\/plurifor.iefc.net\/wp-content\/uploads\/2017\/11\/incendios_forestales_min-1-150x150.jpg\" alt=\"\" width=\"150\" height=\"150\" srcset=\"https:\/\/plurifor.iefc.net\/wp-content\/uploads\/2017\/11\/incendios_forestales_min-1-66x66.jpg 66w, https:\/\/plurifor.iefc.net\/wp-content\/uploads\/2017\/11\/incendios_forestales_min-1-150x150.jpg 150w, https:\/\/plurifor.iefc.net\/wp-content\/uploads\/2017\/11\/incendios_forestales_min-1-200x200.jpg 200w, https:\/\/plurifor.iefc.net\/wp-content\/uploads\/2017\/11\/incendios_forestales_min-1-300x300.jpg 300w, https:\/\/plurifor.iefc.net\/wp-content\/uploads\/2017\/11\/incendios_forestales_min-1-400x400.jpg 400w, https:\/\/plurifor.iefc.net\/wp-content\/uploads\/2017\/11\/incendios_forestales_min-1.jpg 500w\" sizes=\"(max-width: 150px) 100vw, 150px\" \/><\/p>\n<p>Los incendios forestales son un peligro importante en el sur de Europa. La mayoria son provocados por los seres humanos (ya sea accidental o intencionadamente); sin embargo, las condiciones clim\u00e1ticas y la acumulaci\u00f3n de combustible han causado cambios importantes en el riesgo de incendio con el tiempo<\/p>\n<\/div><div class=\"fusion-sep-clear\"><\/div><div class=\"fusion-separator fusion-full-width-sep\" style=\"margin-left: auto;margin-right: auto;width:100%;\"><div class=\"fusion-separator-border sep-shadow\" style=\"--awb-height:20px;--awb-amount:20px;background:radial-gradient(ellipse at 50% -50% , #e0dede 0px, rgba(255, 255, 255, 0) 80%) repeat scroll 0 0 rgba(0, 0, 0, 0);background:-webkit-radial-gradient(ellipse at 50% -50% , #e0dede 0px, rgba(255, 255, 255, 0) 80%) repeat scroll 0 0 rgba(0, 0, 0, 0);background:-moz-radial-gradient(ellipse at 50% -50% , #e0dede 0px, rgba(255, 255, 255, 0) 80%) repeat scroll 0 0 rgba(0, 0, 0, 0);background:-o-radial-gradient(ellipse at 50% -50% , #e0dede 0px, rgba(255, 255, 255, 0) 80%) repeat scroll 0 0 rgba(0, 0, 0, 0);\"><\/div><\/div><div class=\"fusion-sep-clear\"><\/div><div class=\"fusion-text fusion-text-3\"><h2 style=\"font-size: 28px;\">Planes de gesti\u00f3n de riesgos y herramientas<\/h2>\n<\/div><div class=\"fusion-text fusion-text-4\"><p><a href=\"https:\/\/plurifor.iefc.net\/wp-content\/uploads\/WP2\/plans\/Fire-risk-plan_1_ES.pdf\">Plan de riesgo de incendio forestal en el norte de Espa\u00f1a y Portugal<\/a><\/p>\n<p><a href=\"https:\/\/plurifor.iefc.net\/es\/herramientas-de-monitoreo-de-incendios-forestales\/\">Herramientas<\/a><\/p>\n<\/div><div class=\"fusion-clearfix\"><\/div><\/div><\/div><div class=\"fusion-layout-column fusion_builder_column fusion-builder-column-1 fusion_builder_column_1_1 1_1 fusion-one-full fusion-column-first fusion-column-last\" style=\"--awb-bg-size:cover;--awb-margin-bottom:0px;\"><div class=\"fusion-column-wrapper fusion-flex-column-wrapper-legacy\"><div class=\"fusion-text fusion-text-5\"><h2 style=\"font-size: 28px;\">Taller sobre el riesgo de incendio forestal 3:\u00a0<em>Difusi\u00f3n del\u00a0<\/em><em>plan de gesti\u00f3n<\/em><\/h2>\n<\/div><div class=\"fusion-text fusion-text-6\"><p><a href=\"\/?page_id=7173\">Presentaciones<\/a><\/p>\n<\/div><div class=\"fusion-text fusion-text-7\"><p>7 Junio 2019 en Arkaute (Espa\u00f1a)<\/p>\n<p><a title=\"Forest fire workshop minutes\" href=\"https:\/\/plurifor.iefc.net\/wp-content\/uploads\/WP4\/E421-Fire-1.pdf\">Actas <\/a>(ES)<\/p>\n<\/div><div class=\"fusion-text fusion-text-8\"><p>13 &#8211; 14 May 2019 en Carbay\u00edn (Espa\u00f1a)<\/p>\n<p><a title=\"Forest fire workshop minutes\" href=\"https:\/\/plurifor.iefc.net\/wp-content\/uploads\/WP4\/E431-Fire.pdf\">Actas 2 <\/a>(ES)<\/p>\n<p><a title=\"Forest fire workshop minutes\" href=\"https:\/\/plurifor.iefc.net\/wp-content\/uploads\/WP4\/E421-Fire-2.pdf\">Actas 1 <\/a>(ES)<\/p>\n<\/div><div class=\"fusion-text fusion-text-9\"><h2 style=\"font-size: 28px;\">Taller sobre el riesgo de incendio forestal 2:\u00a0<em>Evaluaci\u00f3n del plan de gesti\u00f3n<\/em><\/h2>\n<div><\/div>\n<\/div><div class=\"fusion-text fusion-text-10\"><p>15 Febrero 2019 en Pontevedra (Espa\u00f1a)<\/p>\n<p><a title=\"Forest fire workshop minutes\" href=\"https:\/\/plurifor.iefc.net\/wp-content\/uploads\/WP3\/Deliv321_322_forest-fire.pdf\">Actas y evaluaci\u00f3n econ\u00f3mica del plan<\/a>\u00a0(EN)<\/p>\n<\/div><div class=\"fusion-text fusion-text-11\"><h2 style=\"font-size: 28px;\">Taller sobre el riesgo de incendio forestal 1: <em>Software de control de fuego, una buena herramienta para mejorar los planes de protecci\u00f3n contra incendios forestales<br \/>\n<\/em><\/h2>\n<\/div><div class=\"fusion-text fusion-text-12\"><p>22-23 Mayo 2017 en Lisboa (Portugal)<\/p>\n<p><a href=\"https:\/\/plurifor.iefc.net\/wp-content\/uploads\/WP2\/workshop_material\/fire_workshop_agenda_22and23-05-2017.pdf\">Programa<\/a><\/p>\n<p><a title=\"Forest fire workshop minutes\" href=\"https:\/\/plurifor.iefc.net\/wp-content\/uploads\/WP2\/2.1.1\/Fire\/Forest-fire-workshop-minutes.pdf\">Actas<\/a><\/p>\n<\/div><div class=\"fusion-sep-clear\"><\/div><div class=\"fusion-separator fusion-full-width-sep\" style=\"margin-left: auto;margin-right: auto;width:100%;\"><div class=\"fusion-separator-border sep-shadow\" style=\"--awb-height:20px;--awb-amount:20px;background:radial-gradient(ellipse at 50% -50% , #e0dede 0px, rgba(255, 255, 255, 0) 80%) repeat scroll 0 0 rgba(0, 0, 0, 0);background:-webkit-radial-gradient(ellipse at 50% -50% , #e0dede 0px, rgba(255, 255, 255, 0) 80%) repeat scroll 0 0 rgba(0, 0, 0, 0);background:-moz-radial-gradient(ellipse at 50% -50% , #e0dede 0px, rgba(255, 255, 255, 0) 80%) repeat scroll 0 0 rgba(0, 0, 0, 0);background:-o-radial-gradient(ellipse at 50% -50% , #e0dede 0px, rgba(255, 255, 255, 0) 80%) repeat scroll 0 0 rgba(0, 0, 0, 0);\"><\/div><\/div><div class=\"fusion-sep-clear\"><\/div><div class=\"fusion-clearfix\"><\/div><\/div><\/div><div class=\"fusion-layout-column fusion_builder_column fusion-builder-column-2 fusion_builder_column_1_1 1_1 fusion-one-full fusion-column-first fusion-column-last\" style=\"--awb-bg-size:cover;--awb-margin-bottom:0px;\"><div class=\"fusion-column-wrapper fusion-flex-column-wrapper-legacy\"><div class=\"fusion-text fusion-text-13\"><h2 style=\"font-size: 28px;\">Resultados<\/h2>\n<\/div><div class=\"fusion-text fusion-text-14\"><h3>Informes regionales<\/h3>\n<p>Informes que describen c\u00f3mo se gestionaba el riesgo de incendios forestales en las regiones implicadas al inicio del proyecto, en 2016:<\/p>\n<ul>\n<li><a href=\"https:\/\/plurifor.iefc.net\/wp-content\/uploads\/WP1\/1.2.1\/Asturias\/WP1_Asturias.pdf\">Gesti\u00f3n del riesgo de incendio forestal en Asturias (2016)<\/a><\/li>\n<li><a href=\"https:\/\/plurifor.iefc.net\/wp-content\/uploads\/WP1\/1.2.1\/Galicia\/WP1_Galicia.pdf\">Gesti\u00f3n del riesgo de incendio forestal en el Pa\u00eds Vasco\u00a0(2016)<\/a><\/li>\n<li><a href=\"https:\/\/plurifor.iefc.net\/wp-content\/uploads\/WP1\/1.2.1\/Galicia\/WP1_Galicia.pdf\">Gesti\u00f3n del riesgo de incendio forestal en Galicia (2016)<\/a><\/li>\n<li><a href=\"https:\/\/plurifor.iefc.net\/wp-content\/uploads\/WP1\/1.2.1\/Portugal\/WP1_Portugal.pdf\">Gesti\u00f3n del riesgo de incendio forestal en Portugal (2016)<\/a> (PT)<\/li>\n<\/ul>\n<h3>Informe de s\u00edntesis<\/h3>\n<p>Informe que resume la gesti\u00f3n de los ocho riesgos en las regiones respectivas al inicio del proyecto, en 2016:<\/p>\n<ul>\n<li><a href=\"https:\/\/plurifor.iefc.net\/wp-content\/uploads\/WP1\/1.2.2\/WP1-Summary-report-FINAL.pdf\">Informe resumido (2016)<\/a> (EN)<\/li>\n<\/ul>\n<\/div><div class=\"fusion-sep-clear\"><\/div><div class=\"fusion-separator fusion-full-width-sep\" style=\"margin-left: auto;margin-right: auto;width:100%;\"><div class=\"fusion-separator-border sep-shadow\" style=\"--awb-height:20px;--awb-amount:20px;background:radial-gradient(ellipse at 50% -50% , #e0dede 0px, rgba(255, 255, 255, 0) 80%) repeat scroll 0 0 rgba(0, 0, 0, 0);background:-webkit-radial-gradient(ellipse at 50% -50% , #e0dede 0px, rgba(255, 255, 255, 0) 80%) repeat scroll 0 0 rgba(0, 0, 0, 0);background:-moz-radial-gradient(ellipse at 50% -50% , #e0dede 0px, rgba(255, 255, 255, 0) 80%) repeat scroll 0 0 rgba(0, 0, 0, 0);background:-o-radial-gradient(ellipse at 50% -50% , #e0dede 0px, rgba(255, 255, 255, 0) 80%) repeat scroll 0 0 rgba(0, 0, 0, 0);\"><\/div><\/div><div class=\"fusion-sep-clear\"><\/div><div class=\"fusion-clearfix\"><\/div><\/div><\/div><div class=\"fusion-layout-column fusion_builder_column fusion-builder-column-3 fusion_builder_column_1_1 1_1 fusion-one-full fusion-column-first fusion-column-last\" style=\"--awb-bg-size:cover;--awb-margin-bottom:0px;\"><div class=\"fusion-column-wrapper fusion-flex-column-wrapper-legacy\"><div class=\"fusion-text fusion-text-15\"><h2 style=\"font-size: 28px;\">Contactos<\/h2>\n<\/div><div class=\"fusion-text fusion-text-16\"><ul>\n<li><strong>Portugal<\/strong>:\u00a0Concei\u00e7\u00e3o Cola\u00e7o (ISA) &#8211; ccolaco @ isa.ulisboa.pt &#8211; coordinador<\/li>\n<li><strong>Asturias<\/strong>:\u00a0Sandra S\u00e1nchez (CETEMAS) &#8211;\u00a0ssanchez @ cetemas.es<\/li>\n<li><b>Pa\u00eds Vasco<\/b>: Alejandro Cantero (HAZI) &#8211;\u00a0acantero @ hazi.eus<\/li>\n<li><strong>Galicia<\/strong>:\u00a0Cristina Fern\u00e1ndez (CIF\/INGACAL) &#8211;\u00a0cffilgueira @ gmail.com<\/li>\n<\/ul>\n<\/div><div class=\"fusion-clearfix\"><\/div><\/div><\/div><\/div><\/div>\n","protected":false},"excerpt":{"rendered":"","protected":false},"author":3,"featured_media":0,"parent":0,"menu_order":0,"comment_status":"closed","ping_status":"closed","template":"","meta":[],"_links":{"self":[{"href":"https:\/\/plurifor.iefc.net\/es\/wp-json\/wp\/v2\/pages\/1423"}],"collection":[{"href":"https:\/\/plurifor.iefc.net\/es\/wp-json\/wp\/v2\/pages"}],"about":[{"href":"https:\/\/plurifor.iefc.net\/es\/wp-json\/wp\/v2\/types\/page"}],"author":[{"embeddable":true,"href":"https:\/\/plurifor.iefc.net\/es\/wp-json\/wp\/v2\/users\/3"}],"replies":[{"embeddable":true,"href":"https:\/\/plurifor.iefc.net\/es\/wp-json\/wp\/v2\/comments?post=1423"}],"version-history":[{"count":115,"href":"https:\/\/plurifor.iefc.net\/es\/wp-json\/wp\/v2\/pages\/1423\/revisions"}],"predecessor-version":[{"id":7280,"href":"https:\/\/plurifor.iefc.net\/es\/wp-json\/wp\/v2\/pages\/1423\/revisions\/7280"}],"wp:attachment":[{"href":"https:\/\/plurifor.iefc.net\/es\/wp-json\/wp\/v2\/media?parent=1423"}],"curies":[{"name":"wp","href":"https:\/\/api.w.org\/{rel}","templated":true}]}}