{"id":1435,"date":"2017-11-21T21:55:39","date_gmt":"2017-11-21T18:55:39","guid":{"rendered":"https:\/\/plurifor.iefc.net\/soil-degradation\/"},"modified":"2019-07-31T17:20:46","modified_gmt":"2019-07-31T14:20:46","slug":"degradacion-del-suelo","status":"publish","type":"page","link":"https:\/\/plurifor.iefc.net\/es\/degradacion-del-suelo\/","title":{"rendered":"Degradaci\u00f3n del suelo"},"content":{"rendered":"<div class=\"fusion-fullwidth fullwidth-box fusion-builder-row-1 nonhundred-percent-fullwidth non-hundred-percent-height-scrolling\" style=\"--awb-border-radius-top-left:0px;--awb-border-radius-top-right:0px;--awb-border-radius-bottom-right:0px;--awb-border-radius-bottom-left:0px;--awb-flex-wrap:wrap;\" ><div class=\"fusion-builder-row fusion-row\"><div class=\"fusion-layout-column fusion_builder_column fusion-builder-column-0 fusion_builder_column_1_1 1_1 fusion-one-full fusion-column-first fusion-column-last\" style=\"--awb-bg-size:cover;--awb-margin-bottom:0px;\"><div class=\"fusion-column-wrapper fusion-flex-column-wrapper-legacy\"><div class=\"fusion-text fusion-text-1\"><\/div><div class=\"fusion-text fusion-text-2\"><p><img decoding=\"async\" class=\"size-thumbnail wp-image-1109 alignleft\" src=\"https:\/\/plurifor.iefc.net\/wp-content\/uploads\/2017\/11\/degradacion_del_suelo_min-150x150.jpg\" alt=\"\" width=\"150\" height=\"150\" \/><\/p>\n<p><span id=\"result_box\" class=\"\" lang=\"es\">La degradaci\u00f3n del suelo es causada principalmente por usos no sostenibles de la tierra. Los bosques desempe\u00f1an un papel clave en la protecci\u00f3n del suelo y el agua. En los bosques plantados, la compactaci\u00f3n del suelo, la erosi\u00f3n o la disminuci\u00f3n en el horizonte org\u00e1nico a menudo se observan cuando los suelos se degradan. <span class=\"\">La optimizaci\u00f3n del manejo forestal puede reducir significativamente estos impactos adversos en los suelos<\/span><\/span><\/p>\n<p><strong>\u00a0<\/strong><\/p>\n<\/div><div class=\"fusion-sep-clear\"><\/div><div class=\"fusion-separator fusion-full-width-sep\" style=\"margin-left: auto;margin-right: auto;width:100%;\"><div class=\"fusion-separator-border sep-shadow\" style=\"--awb-height:20px;--awb-amount:20px;background:radial-gradient(ellipse at 50% -50% , #e0dede 0px, rgba(255, 255, 255, 0) 80%) repeat scroll 0 0 rgba(0, 0, 0, 0);background:-webkit-radial-gradient(ellipse at 50% -50% , #e0dede 0px, rgba(255, 255, 255, 0) 80%) repeat scroll 0 0 rgba(0, 0, 0, 0);background:-moz-radial-gradient(ellipse at 50% -50% , #e0dede 0px, rgba(255, 255, 255, 0) 80%) repeat scroll 0 0 rgba(0, 0, 0, 0);background:-o-radial-gradient(ellipse at 50% -50% , #e0dede 0px, rgba(255, 255, 255, 0) 80%) repeat scroll 0 0 rgba(0, 0, 0, 0);\"><\/div><\/div><div class=\"fusion-sep-clear\"><\/div><div class=\"fusion-clearfix\"><\/div><\/div><\/div><div class=\"fusion-layout-column fusion_builder_column fusion-builder-column-1 fusion_builder_column_1_1 1_1 fusion-one-full fusion-column-first fusion-column-last\" style=\"--awb-bg-size:cover;--awb-margin-bottom:0px;\"><div class=\"fusion-column-wrapper fusion-flex-column-wrapper-legacy\"><div class=\"fusion-text fusion-text-3\"><h2 style=\"font-size: 28px;\">Planes de gesti\u00f3n de riesgos y herramientas<\/h2>\n<\/div><div class=\"fusion-text fusion-text-4\"><p><a href=\"https:\/\/plurifor.iefc.net\/wp-content\/uploads\/WP4\/E411_soil-degradation.pdf\">Plan de gesti\u00f3n del riesgo de\u00a0degradaci\u00f3n de suelos V2<\/a>\u00a0(ES)<\/p>\n<p><a href=\"https:\/\/plurifor.iefc.net\/wp-content\/uploads\/WP2\/plans\/Soil-degradation-plan_ES.pdf\">Plan de gesti\u00f3n del riesgo de\u00a0degradaci\u00f3n de suelos V1<\/a>\u00a0(ES)<\/p>\n<p><a href=\"https:\/\/plurifor.iefc.net\/es\/herramientas-para-la-degradacion-del-suelo\/\">Herramientas<\/a><\/p>\n<\/div><div class=\"fusion-sep-clear\"><\/div><div class=\"fusion-separator fusion-full-width-sep\" style=\"margin-left: auto;margin-right: auto;width:100%;\"><div class=\"fusion-separator-border sep-shadow\" style=\"--awb-height:20px;--awb-amount:20px;background:radial-gradient(ellipse at 50% -50% , #e0dede 0px, rgba(255, 255, 255, 0) 80%) repeat scroll 0 0 rgba(0, 0, 0, 0);background:-webkit-radial-gradient(ellipse at 50% -50% , #e0dede 0px, rgba(255, 255, 255, 0) 80%) repeat scroll 0 0 rgba(0, 0, 0, 0);background:-moz-radial-gradient(ellipse at 50% -50% , #e0dede 0px, rgba(255, 255, 255, 0) 80%) repeat scroll 0 0 rgba(0, 0, 0, 0);background:-o-radial-gradient(ellipse at 50% -50% , #e0dede 0px, rgba(255, 255, 255, 0) 80%) repeat scroll 0 0 rgba(0, 0, 0, 0);\"><\/div><\/div><div class=\"fusion-sep-clear\"><\/div><div class=\"fusion-clearfix\"><\/div><\/div><\/div><div class=\"fusion-layout-column fusion_builder_column fusion-builder-column-2 fusion_builder_column_1_1 1_1 fusion-one-full fusion-column-first fusion-column-last\" style=\"--awb-bg-size:cover;--awb-margin-bottom:0px;\"><div class=\"fusion-column-wrapper fusion-flex-column-wrapper-legacy\"><div class=\"fusion-text fusion-text-5\"><h2 style=\"font-size: 28px;\">Taller sobre el riesgo de la degradaci\u00f3n del suelo 3: <em>Difusi\u00f3n del\u00a0<\/em><em>plan de gesti\u00f3n<\/em><\/h2>\n<\/div><div class=\"fusion-text fusion-text-6\"><p>17 junio 2019 en Ond\u00e1rroa (Espa\u00f1a)<\/p>\n<p><a title=\"Minutes of the soil degradation workshop\" href=\"https:\/\/plurifor.iefc.net\/wp-content\/uploads\/WP4\/E421_soil.pdf\">Actas<\/a> (ES)<\/p>\n<p>27 mayo 2019 en Arkaute (Espa\u00f1a)<\/p>\n<p><a title=\"Minutes of the soil degradation workshop\" href=\"https:\/\/plurifor.iefc.net\/wp-content\/uploads\/WP4\/E431_soil.pdf\">Actas<\/a> (ES)<\/p>\n<\/div><div class=\"fusion-text fusion-text-7\"><h2 style=\"font-size: 28px;\">Taller sobre el riesgo de la degradaci\u00f3n del suelo 2:\u00a0<em>Evaluaci\u00f3n del plan de gesti\u00f3n de riesgos<\/em><\/h2>\n<\/div><div class=\"fusion-text fusion-text-8\"><p>3 &#8211; 4 diciembre 2019 en \u00d3bidos (Portugal)<\/p>\n<p><a title=\"Minutes of the soil degradation workshop\" href=\"https:\/\/plurifor.iefc.net\/wp-content\/uploads\/WP3\/Deliv321_322_soil-degradation.pdf\">Actas<\/a>\u00a0(EN)<\/p>\n<p><a href=\"https:\/\/plurifor.iefc.net\/wp-content\/uploads\/WP3\/Deliv321_soil-degradation.xlsx\">Evaluaci\u00f3n econ\u00f3mica del plan<\/a><\/p>\n<\/div><div class=\"fusion-text fusion-text-9\"><h2 style=\"font-size: 28px;\">Taller sobre el riesgo de la degradaci\u00f3n del suelo 1: <span id=\"result_box\" class=\"\" lang=\"es\"><span class=\"\">Orientaci\u00f3n pr\u00e1ctica para desarrollar planes que mejoren el riesgo de degradaci\u00f3n del suelo en <span class=\"st\"> \u00e1reas<\/span> forestales<\/span><\/span><em><span id=\"result_box\" class=\"\" lang=\"es\"><span class=\"\"><br \/>\n<\/span><\/span><\/em><\/h2>\n<\/div><div class=\"fusion-text fusion-text-10\"><p>28 junio 2017 en Plasencia (Espa\u00f1a)<\/p>\n<p><a title=\"Minutes of the soil degradation workshop\" href=\"https:\/\/plurifor.iefc.net\/wp-content\/uploads\/WP2\/2.1.1\/Soil\/Soil-degradation-workshop-minutes.pdf\">Actas<\/a><\/p>\n<p><a href=\"https:\/\/plurifor.iefc.net\/es\/blog\/soil-degradation-presentations\/\">Presentaciones<\/a><\/p>\n<\/div><div class=\"fusion-sep-clear\"><\/div><div class=\"fusion-separator fusion-full-width-sep\" style=\"margin-left: auto;margin-right: auto;width:100%;\"><div class=\"fusion-separator-border sep-shadow\" style=\"--awb-height:20px;--awb-amount:20px;background:radial-gradient(ellipse at 50% -50% , #e0dede 0px, rgba(255, 255, 255, 0) 80%) repeat scroll 0 0 rgba(0, 0, 0, 0);background:-webkit-radial-gradient(ellipse at 50% -50% , #e0dede 0px, rgba(255, 255, 255, 0) 80%) repeat scroll 0 0 rgba(0, 0, 0, 0);background:-moz-radial-gradient(ellipse at 50% -50% , #e0dede 0px, rgba(255, 255, 255, 0) 80%) repeat scroll 0 0 rgba(0, 0, 0, 0);background:-o-radial-gradient(ellipse at 50% -50% , #e0dede 0px, rgba(255, 255, 255, 0) 80%) repeat scroll 0 0 rgba(0, 0, 0, 0);\"><\/div><\/div><div class=\"fusion-sep-clear\"><\/div><div class=\"fusion-clearfix\"><\/div><\/div><\/div><div class=\"fusion-layout-column fusion_builder_column fusion-builder-column-3 fusion_builder_column_1_1 1_1 fusion-one-full fusion-column-first fusion-column-last\" style=\"--awb-bg-size:cover;--awb-margin-bottom:0px;\"><div class=\"fusion-column-wrapper fusion-flex-column-wrapper-legacy\"><div class=\"fusion-text fusion-text-11\"><h2 style=\"font-size: 28px;\">Resultados<\/h2>\n<\/div><div class=\"fusion-text fusion-text-12\"><h3>Informes regionales<\/h3>\n<p>Informes que describen c\u00f3mo se gestionaba el riesgo de degradaci\u00f3n del suelo en las regiones implicadas al inicio del proyecto, en 2016:<\/p>\n<ul>\n<li><a title=\"Forest risk management in Asturias (2016)\" href=\"https:\/\/plurifor.iefc.net\/wp-content\/uploads\/WP1\/1.2.1\/Asturias\/WP1_Asturias.pdf\">Gesti\u00f3n del riesgo forestal en Asturias (2016)<\/a><\/li>\n<li><a title=\"Forest risk management in Galicia (2016)\" href=\"https:\/\/plurifor.iefc.net\/wp-content\/uploads\/WP1\/1.2.1\/Galicia\/WP1_Galicia.pdf\">Gesti\u00f3n del riesgo forestal en Galicia (2016)<\/a><\/li>\n<li><a title=\"Forest risk management in Galicia (2016)\" href=\"https:\/\/plurifor.iefc.net\/wp-content\/uploads\/WP1\/1.2.1\/Euskadi\/WP1_Euskadi.pdf\">Gesti\u00f3n del riesgo florestal en el Pa\u00eds Vasco (2016)<\/a><\/li>\n<li><a title=\"Forest risk management in Portugal (2016)\" href=\"https:\/\/plurifor.iefc.net\/wp-content\/uploads\/WP1\/1.2.1\/Portugal\/WP1_Portugal.pdf\">Gesti\u00f3n del riesgo forestal en Portugal (2016)<\/a> (PT)<\/li>\n<\/ul>\n<h3>Informe de s\u00edntesis<\/h3>\n<p>Informe que resume la gesti\u00f3n de los ocho riesgos en las regiones respectivas al inicio del proyecto, en 2016:<\/p>\n<ul>\n<li><a title=\"Summary report: risk management before the PLURIFOR project (2016)\" href=\"https:\/\/plurifor.iefc.net\/wp-content\/uploads\/WP1\/1.2.2\/WP1-Summary-report-FINAL.pdf\">Informe resumido (2016)<\/a>\u00a0(EN)<\/li>\n<\/ul>\n<\/div><div class=\"fusion-sep-clear\"><\/div><div class=\"fusion-separator fusion-full-width-sep\" style=\"margin-left: auto;margin-right: auto;width:100%;\"><div class=\"fusion-separator-border sep-shadow\" style=\"--awb-height:20px;--awb-amount:20px;background:radial-gradient(ellipse at 50% -50% , #e0dede 0px, rgba(255, 255, 255, 0) 80%) repeat scroll 0 0 rgba(0, 0, 0, 0);background:-webkit-radial-gradient(ellipse at 50% -50% , #e0dede 0px, rgba(255, 255, 255, 0) 80%) repeat scroll 0 0 rgba(0, 0, 0, 0);background:-moz-radial-gradient(ellipse at 50% -50% , #e0dede 0px, rgba(255, 255, 255, 0) 80%) repeat scroll 0 0 rgba(0, 0, 0, 0);background:-o-radial-gradient(ellipse at 50% -50% , #e0dede 0px, rgba(255, 255, 255, 0) 80%) repeat scroll 0 0 rgba(0, 0, 0, 0);\"><\/div><\/div><div class=\"fusion-sep-clear\"><\/div><div class=\"fusion-clearfix\"><\/div><\/div><\/div><div class=\"fusion-layout-column fusion_builder_column fusion-builder-column-4 fusion_builder_column_1_1 1_1 fusion-one-full fusion-column-first fusion-column-last\" style=\"--awb-bg-size:cover;--awb-margin-bottom:0px;\"><div class=\"fusion-column-wrapper fusion-flex-column-wrapper-legacy\"><div class=\"fusion-text fusion-text-13\"><h2 style=\"font-size: 28px;\">Contactos<\/h2>\n<\/div><div class=\"fusion-text fusion-text-14\"><ul>\n<li><strong>Pa\u00eds Vasco<\/strong>: Ander Arias (NEIKER) &#8211;\u00a0agonzalez @ neiker.eus &#8211; coordinador<\/li>\n<li><strong>Asturias<\/strong>: Elena Canga (CETEMAS) &#8211; ecanga @ cetemas.es<\/li>\n<li><strong>Galicia<\/strong>: Cristina Fern\u00e1ndez (CIF\/INGACAL) &#8211;\u00a0cffilgueira @ gmail.com<\/li>\n<li><strong>Portugal<\/strong>: Manuel Madeira (ISA) &#8211; mavmadeira @ isa.ulisboa.pt<\/li>\n<\/ul>\n<\/div><div class=\"fusion-clearfix\"><\/div><\/div><\/div><\/div><\/div>\n","protected":false},"excerpt":{"rendered":"","protected":false},"author":3,"featured_media":0,"parent":0,"menu_order":0,"comment_status":"closed","ping_status":"closed","template":"","meta":[],"_links":{"self":[{"href":"https:\/\/plurifor.iefc.net\/es\/wp-json\/wp\/v2\/pages\/1435"}],"collection":[{"href":"https:\/\/plurifor.iefc.net\/es\/wp-json\/wp\/v2\/pages"}],"about":[{"href":"https:\/\/plurifor.iefc.net\/es\/wp-json\/wp\/v2\/types\/page"}],"author":[{"embeddable":true,"href":"https:\/\/plurifor.iefc.net\/es\/wp-json\/wp\/v2\/users\/3"}],"replies":[{"embeddable":true,"href":"https:\/\/plurifor.iefc.net\/es\/wp-json\/wp\/v2\/comments?post=1435"}],"version-history":[{"count":112,"href":"https:\/\/plurifor.iefc.net\/es\/wp-json\/wp\/v2\/pages\/1435\/revisions"}],"predecessor-version":[{"id":7751,"href":"https:\/\/plurifor.iefc.net\/es\/wp-json\/wp\/v2\/pages\/1435\/revisions\/7751"}],"wp:attachment":[{"href":"https:\/\/plurifor.iefc.net\/es\/wp-json\/wp\/v2\/media?parent=1435"}],"curies":[{"name":"wp","href":"https:\/\/api.w.org\/{rel}","templated":true}]}}