{"id":1439,"date":"2017-11-21T21:56:12","date_gmt":"2017-11-21T18:56:12","guid":{"rendered":"https:\/\/plurifor.iefc.net\/storm\/"},"modified":"2019-07-09T11:25:52","modified_gmt":"2019-07-09T08:25:52","slug":"tormenta","status":"publish","type":"page","link":"https:\/\/plurifor.iefc.net\/es\/tormenta\/","title":{"rendered":"Tormentas"},"content":{"rendered":"<div class=\"fusion-fullwidth fullwidth-box fusion-builder-row-1 nonhundred-percent-fullwidth non-hundred-percent-height-scrolling\" style=\"--awb-border-radius-top-left:0px;--awb-border-radius-top-right:0px;--awb-border-radius-bottom-right:0px;--awb-border-radius-bottom-left:0px;--awb-flex-wrap:wrap;\" ><div class=\"fusion-builder-row fusion-row\"><div class=\"fusion-layout-column fusion_builder_column fusion-builder-column-0 fusion_builder_column_1_1 1_1 fusion-one-full fusion-column-first fusion-column-last\" style=\"--awb-bg-size:cover;--awb-margin-bottom:0px;\"><div class=\"fusion-column-wrapper fusion-flex-column-wrapper-legacy\"><div class=\"fusion-text fusion-text-1\"><\/div><div class=\"fusion-text fusion-text-2\"><p><img decoding=\"async\" class=\"size-thumbnail wp-image-1315 alignleft\" src=\"https:\/\/plurifor.iefc.net\/wp-content\/uploads\/2017\/11\/tormenta_min-1-150x150.jpg\" alt=\"\" width=\"150\" height=\"150\" srcset=\"https:\/\/plurifor.iefc.net\/wp-content\/uploads\/2017\/11\/tormenta_min-1-66x66.jpg 66w, https:\/\/plurifor.iefc.net\/wp-content\/uploads\/2017\/11\/tormenta_min-1-150x150.jpg 150w, https:\/\/plurifor.iefc.net\/wp-content\/uploads\/2017\/11\/tormenta_min-1-200x200.jpg 200w, https:\/\/plurifor.iefc.net\/wp-content\/uploads\/2017\/11\/tormenta_min-1-300x300.jpg 300w, https:\/\/plurifor.iefc.net\/wp-content\/uploads\/2017\/11\/tormenta_min-1-400x400.jpg 400w, https:\/\/plurifor.iefc.net\/wp-content\/uploads\/2017\/11\/tormenta_min-1.jpg 500w\" sizes=\"(max-width: 150px) 100vw, 150px\" \/><\/p>\n<p>En Europa, las tormentas son responsables de m\u00e1s del 50% de todo el volumen de p\u00e9rdidas por da\u00f1os. Tambi\u00e9n se observa un aumento en el riesgo de viento para los bosques no afectados anteriormente en los pa\u00edses del norte de Europa. La preparaci\u00f3n y el mapeo de la vulnerabilidad son un componente clave de esta gesti\u00f3n de riesgos.<\/p>\n<\/div><div class=\"fusion-sep-clear\"><\/div><div class=\"fusion-separator fusion-full-width-sep\" style=\"margin-left: auto;margin-right: auto;width:100%;\"><div class=\"fusion-separator-border sep-shadow\" style=\"--awb-height:20px;--awb-amount:20px;background:radial-gradient(ellipse at 50% -50% , #e0dede 0px, rgba(255, 255, 255, 0) 80%) repeat scroll 0 0 rgba(0, 0, 0, 0);background:-webkit-radial-gradient(ellipse at 50% -50% , #e0dede 0px, rgba(255, 255, 255, 0) 80%) repeat scroll 0 0 rgba(0, 0, 0, 0);background:-moz-radial-gradient(ellipse at 50% -50% , #e0dede 0px, rgba(255, 255, 255, 0) 80%) repeat scroll 0 0 rgba(0, 0, 0, 0);background:-o-radial-gradient(ellipse at 50% -50% , #e0dede 0px, rgba(255, 255, 255, 0) 80%) repeat scroll 0 0 rgba(0, 0, 0, 0);\"><\/div><\/div><div class=\"fusion-sep-clear\"><\/div><div class=\"fusion-clearfix\"><\/div><\/div><\/div><div class=\"fusion-layout-column fusion_builder_column fusion-builder-column-1 fusion_builder_column_1_1 1_1 fusion-one-full fusion-column-first fusion-column-last\" style=\"--awb-bg-size:cover;--awb-margin-bottom:0px;\"><div class=\"fusion-column-wrapper fusion-flex-column-wrapper-legacy\"><div class=\"fusion-text fusion-text-3\"><h2 style=\"font-size: 28px;\">Planes de gesti\u00f3n de riesgos y herramientas<\/h2>\n<\/div><div class=\"fusion-text fusion-text-4\"><p><a href=\"https:\/\/plurifor.iefc.net\/wp-content\/uploads\/WP2\/plans\/Storm-risk-national-plan_FR.pdf\">Plan nacional de riesgo de tormentas en Francia<\/a>\u00a0(FR)<\/p>\n<p><a href=\"https:\/\/plurifor.iefc.net\/wp-content\/uploads\/WP2\/plans\/Storm-plan_FR.pdf\">Recomendaciones para el plan nacional franc\u00e9s sobre el riesgo de tormentas<\/a>\u00a0(FR)<\/p>\n<p><a href=\"https:\/\/plurifor.iefc.net\/wp-content\/uploads\/WP4\/E411_plan_storm_Euskadi.pdf\">Plan de gesti\u00f3n de tormentas en el Pa\u00eds Vasco V2<\/a>\u00a0(ES)<\/p>\n<p><a href=\"https:\/\/plurifor.iefc.net\/wp-content\/uploads\/WP2\/plans\/storm-risk-plan_ES.pdf\">Plan de gesti\u00f3n de tormentas en el Pa\u00eds Vasco V1<\/a>\u00a0(ES)<\/p>\n<p><a href=\"https:\/\/plurifor.iefc.net\/wp-content\/uploads\/WP4\/WindPlansSynthforEuskadi.pdf\">S\u00edntesis de planes atl\u00e1nticos de gesti\u00f3n del riesgo de vendaval<\/a> (ES)<\/p>\n<p><a href=\"https:\/\/plurifor.iefc.net\/es\/herramientas\/\">Herramientas<\/a><\/p>\n<\/div><div class=\"fusion-sep-clear\"><\/div><div class=\"fusion-separator fusion-full-width-sep\" style=\"margin-left: auto;margin-right: auto;width:100%;\"><div class=\"fusion-separator-border sep-shadow\" style=\"--awb-height:20px;--awb-amount:20px;background:radial-gradient(ellipse at 50% -50% , #e0dede 0px, rgba(255, 255, 255, 0) 80%) repeat scroll 0 0 rgba(0, 0, 0, 0);background:-webkit-radial-gradient(ellipse at 50% -50% , #e0dede 0px, rgba(255, 255, 255, 0) 80%) repeat scroll 0 0 rgba(0, 0, 0, 0);background:-moz-radial-gradient(ellipse at 50% -50% , #e0dede 0px, rgba(255, 255, 255, 0) 80%) repeat scroll 0 0 rgba(0, 0, 0, 0);background:-o-radial-gradient(ellipse at 50% -50% , #e0dede 0px, rgba(255, 255, 255, 0) 80%) repeat scroll 0 0 rgba(0, 0, 0, 0);\"><\/div><\/div><div class=\"fusion-sep-clear\"><\/div><div class=\"fusion-clearfix\"><\/div><\/div><\/div><div class=\"fusion-layout-column fusion_builder_column fusion-builder-column-2 fusion_builder_column_1_1 1_1 fusion-one-full fusion-column-first fusion-column-last\" style=\"--awb-bg-size:cover;--awb-margin-bottom:0px;\"><div class=\"fusion-column-wrapper fusion-flex-column-wrapper-legacy\"><div class=\"fusion-text fusion-text-5\"><h2 style=\"font-size: 28px;\">Taller sobre el riesgo de tormentas 4:\u00a0<em>Difusi\u00f3n del\u00a0<\/em><em>plan de gesti\u00f3n<\/em><\/h2>\n<\/div><div class=\"fusion-text fusion-text-6\"><p>24 &#8211; 28 de Junio 2019 en Waterford (Irelanda)<\/p>\n<p><a title=\"Forest fire workshop minutes\" href=\"https:\/\/plurifor.iefc.net\/wp-content\/uploads\/WP4\/E421-Storm2-1.pdf\">Actas <\/a>(EN)<\/p>\n<div class=\"fusion-text\"><\/div>\n<\/div><div class=\"fusion-text fusion-text-7\"><p>7 de Junio 2019 en Arkaute (Espa\u00f1a)<\/p>\n<p><a title=\"Forest fire workshop minutes\" href=\"https:\/\/plurifor.iefc.net\/wp-content\/uploads\/WP4\/E421-Storm1.pdf\">Actas <\/a>(ES)<\/p>\n<div class=\"fusion-text\"><\/div>\n<\/div><div class=\"fusion-text fusion-text-8\"><p>18 de Febrero de 2019 en Saugnacq-et-Muret (Francia)<\/p>\n<div class=\"fusion-text\">\n<p><a title=\"Forest fire workshop minutes\" href=\"https:\/\/plurifor.iefc.net\/wp-content\/uploads\/WP4\/E431-Storm.pdf\">Actas<\/a>\u00a0(EN)<\/p>\n<\/div>\n<div class=\"fusion-text\"><\/div>\n<\/div><div class=\"fusion-text fusion-text-9\"><h2 style=\"font-size: 28px;\">Taller sobre el riesgo de tormentas 3: <em>Evaluaci\u00f3n del plan de gesti\u00f3n<\/em><\/h2>\n<\/div><div class=\"fusion-text fusion-text-10\"><p>10 de Deciembre 2018 en Toki Alai (Espa\u00f1a)<\/p>\n<div class=\"fusion-text\">\n<p><a title=\"Forest fire workshop minutes\" href=\"https:\/\/plurifor.iefc.net\/wp-content\/uploads\/WP3\/Deliv311_321_wind_BasqueCountry.pdf\">Actas y evaluaci\u00f3n econ\u00f3mica del plan<\/a>\u00a0(EN)<\/p>\n<\/div>\n<div class=\"fusion-text\"><\/div>\n<\/div><div class=\"fusion-text fusion-text-11\"><h2 style=\"font-size: 28px;\">Taller sobre el riesgo de tormentas 2: <em>Intercambio de conocimientos especializados sobre la gesti\u00f3n del riesgo de tormentas<\/em><\/h2>\n<\/div><div class=\"fusion-text fusion-text-12\"><p>19 &#8211; 20 de Abril de 2018 en Nueva-Aquitaine (Francia)<\/p>\n<div class=\"fusion-text\">\n<p><a title=\"Forest fire workshop minutes\" href=\"https:\/\/plurifor.iefc.net\/wp-content\/uploads\/WP2\/plans\/Experts-exchange-minutes.pdf\">Actas<\/a>\u00a0(EN)<\/p>\n<\/div>\n<div class=\"fusion-text\"><\/div>\n<\/div><div class=\"fusion-text fusion-text-13\"><h2 style=\"font-size: 28px;\">Taller sobre el riesgo de tormentas 1: <em>Modelo de an\u00e1lisis de riesgos causados por el viento en Euskadi y gesti\u00f3n forestal adaptada a <span class=\"st\">da\u00f1o<\/span>s causados por el viento<\/em><\/h2>\n<\/div><div class=\"fusion-text fusion-text-14\"><p>11 &#8211; 12 de Septiembre 2017 en Galdakao y Eskoriatza (Espa\u00f1a)<\/p>\n<p><a href=\"https:\/\/plurifor.iefc.net\/wp-content\/uploads\/WP2\/workshop_material\/plurifor_storm_workshop__agenda_12-09-2017.pdf\">Programa<\/a><\/p>\n<p><a title=\"Minutes of the storm risk workshop\" href=\"https:\/\/plurifor.iefc.net\/wp-content\/uploads\/WP2\/2.1.1\/Storm\/2.1_Storm-workshop-minutes.pdf\">Actas<\/a><\/p>\n<p><a href=\"\/?page_id=3862\">Presentaciones<\/a><\/p>\n<\/div><div class=\"fusion-sep-clear\"><\/div><div class=\"fusion-separator fusion-full-width-sep\" style=\"margin-left: auto;margin-right: auto;width:100%;\"><div class=\"fusion-separator-border sep-shadow\" style=\"--awb-height:20px;--awb-amount:20px;background:radial-gradient(ellipse at 50% -50% , #e0dede 0px, rgba(255, 255, 255, 0) 80%) repeat scroll 0 0 rgba(0, 0, 0, 0);background:-webkit-radial-gradient(ellipse at 50% -50% , #e0dede 0px, rgba(255, 255, 255, 0) 80%) repeat scroll 0 0 rgba(0, 0, 0, 0);background:-moz-radial-gradient(ellipse at 50% -50% , #e0dede 0px, rgba(255, 255, 255, 0) 80%) repeat scroll 0 0 rgba(0, 0, 0, 0);background:-o-radial-gradient(ellipse at 50% -50% , #e0dede 0px, rgba(255, 255, 255, 0) 80%) repeat scroll 0 0 rgba(0, 0, 0, 0);\"><\/div><\/div><div class=\"fusion-sep-clear\"><\/div><div class=\"fusion-clearfix\"><\/div><\/div><\/div><div class=\"fusion-layout-column fusion_builder_column fusion-builder-column-3 fusion_builder_column_1_1 1_1 fusion-one-full fusion-column-first fusion-column-last\" style=\"--awb-bg-size:cover;--awb-margin-bottom:0px;\"><div class=\"fusion-column-wrapper fusion-flex-column-wrapper-legacy\"><div class=\"fusion-text fusion-text-15\"><h2>Resultados<\/h2>\n<\/div><div class=\"fusion-text fusion-text-16\"><h3>Informes regionales<\/h3>\n<p>Informes que describen c\u00f3mo se gestionaba el riesgo de vendavales en las regiones implicadas al inicio del proyecto, en 2016:<\/p>\n<ul>\n<li><a title=\"Forest risk management in Aquitaine (2016)\" href=\"https:\/\/plurifor.iefc.net\/wp-content\/uploads\/WP1\/1.2.1\/Aquitaine\/WP1_Aquitaine.pdf\">Gesti\u00f3n del riesgo forestal en Aquitania (2016)<\/a>\u00a0(FR)<\/li>\n<li><a title=\"Forest risk management in the Basque Country (2016)\" href=\"https:\/\/plurifor.iefc.net\/wp-content\/uploads\/WP1\/1.2.1\/Euskadi\/WP1_Euskadi.pdf\">Gesti\u00f3n del riesgo forestal en el Pa\u00eds Vasco (2016)<\/a><\/li>\n<\/ul>\n<h3>Informe de s\u00edntesis<\/h3>\n<p>Informe que resume la gesti\u00f3n de los ocho riesgos en las regiones respectivas al inicio del proyecto, en 2016:<\/p>\n<ul>\n<li><a title=\"Summary report: risk management before the PLURIFOR project (2016)\" href=\"https:\/\/plurifor.iefc.net\/wp-content\/uploads\/WP1\/1.2.2\/WP1-Summary-report-FINAL.pdf\">Informe resumido (2016)<\/a>\u00a0(EN)<\/li>\n<\/ul>\n<\/div><div class=\"fusion-sep-clear\"><\/div><div class=\"fusion-separator fusion-full-width-sep\" style=\"margin-left: auto;margin-right: auto;width:100%;\"><div class=\"fusion-separator-border sep-shadow\" style=\"--awb-height:20px;--awb-amount:20px;background:radial-gradient(ellipse at 50% -50% , #e0dede 0px, rgba(255, 255, 255, 0) 80%) repeat scroll 0 0 rgba(0, 0, 0, 0);background:-webkit-radial-gradient(ellipse at 50% -50% , #e0dede 0px, rgba(255, 255, 255, 0) 80%) repeat scroll 0 0 rgba(0, 0, 0, 0);background:-moz-radial-gradient(ellipse at 50% -50% , #e0dede 0px, rgba(255, 255, 255, 0) 80%) repeat scroll 0 0 rgba(0, 0, 0, 0);background:-o-radial-gradient(ellipse at 50% -50% , #e0dede 0px, rgba(255, 255, 255, 0) 80%) repeat scroll 0 0 rgba(0, 0, 0, 0);\"><\/div><\/div><div class=\"fusion-sep-clear\"><\/div><div class=\"fusion-clearfix\"><\/div><\/div><\/div><div class=\"fusion-layout-column fusion_builder_column fusion-builder-column-4 fusion_builder_column_1_1 1_1 fusion-one-full fusion-column-first fusion-column-last\" style=\"--awb-bg-size:cover;--awb-margin-bottom:0px;\"><div class=\"fusion-column-wrapper fusion-flex-column-wrapper-legacy\"><div class=\"fusion-text fusion-text-17\"><h2 style=\"font-size: 28px;\">Contactos<\/h2>\n<\/div><div class=\"fusion-text fusion-text-18\"><ul>\n<li><strong>Aquitania<\/strong>: Barry Gardiner (EFI) &#8211; barry.gardiner @ efi.int &#8211; coordinador<\/li>\n<li><strong>Pa\u00eds Vasco<\/strong>: Alejandro Cantero (HAZI) &#8211; acantero @ hazi.eus<\/li>\n<\/ul>\n<\/div><div class=\"fusion-clearfix\"><\/div><\/div><\/div><\/div><\/div>\n","protected":false},"excerpt":{"rendered":"","protected":false},"author":3,"featured_media":0,"parent":0,"menu_order":0,"comment_status":"closed","ping_status":"closed","template":"","meta":[],"_links":{"self":[{"href":"https:\/\/plurifor.iefc.net\/es\/wp-json\/wp\/v2\/pages\/1439"}],"collection":[{"href":"https:\/\/plurifor.iefc.net\/es\/wp-json\/wp\/v2\/pages"}],"about":[{"href":"https:\/\/plurifor.iefc.net\/es\/wp-json\/wp\/v2\/types\/page"}],"author":[{"embeddable":true,"href":"https:\/\/plurifor.iefc.net\/es\/wp-json\/wp\/v2\/users\/3"}],"replies":[{"embeddable":true,"href":"https:\/\/plurifor.iefc.net\/es\/wp-json\/wp\/v2\/comments?post=1439"}],"version-history":[{"count":145,"href":"https:\/\/plurifor.iefc.net\/es\/wp-json\/wp\/v2\/pages\/1439\/revisions"}],"predecessor-version":[{"id":7404,"href":"https:\/\/plurifor.iefc.net\/es\/wp-json\/wp\/v2\/pages\/1439\/revisions\/7404"}],"wp:attachment":[{"href":"https:\/\/plurifor.iefc.net\/es\/wp-json\/wp\/v2\/media?parent=1439"}],"curies":[{"name":"wp","href":"https:\/\/api.w.org\/{rel}","templated":true}]}}