{"id":42,"date":"2017-10-26T13:37:05","date_gmt":"2017-10-26T10:37:05","guid":{"rendered":"https:\/\/plurifor.iefc.net\/recursos\/"},"modified":"2019-04-16T15:39:54","modified_gmt":"2019-04-16T12:39:54","slug":"avispilla-del-castano","status":"publish","type":"page","link":"https:\/\/plurifor.iefc.net\/es\/avispilla-del-castano\/","title":{"rendered":"Avispilla del casta\u00f1o"},"content":{"rendered":"<div class=\"fusion-fullwidth fullwidth-box fusion-builder-row-1 nonhundred-percent-fullwidth non-hundred-percent-height-scrolling\" style=\"--awb-border-radius-top-left:0px;--awb-border-radius-top-right:0px;--awb-border-radius-bottom-right:0px;--awb-border-radius-bottom-left:0px;--awb-flex-wrap:wrap;\" ><div class=\"fusion-builder-row fusion-row\"><div class=\"fusion-layout-column fusion_builder_column fusion-builder-column-0 fusion_builder_column_1_1 1_1 fusion-one-full fusion-column-first fusion-column-last\" style=\"--awb-bg-size:cover;--awb-margin-bottom:0px;\"><div class=\"fusion-column-wrapper fusion-flex-column-wrapper-legacy\"><div class=\"fusion-text fusion-text-1\"><p><img decoding=\"async\" class=\"size-thumbnail wp-image-1305 alignleft\" src=\"https:\/\/plurifor.iefc.net\/wp-content\/uploads\/2017\/11\/avispilla_del_casta\u00f1o_min-1-150x150.jpg\" alt=\"\" width=\"150\" height=\"150\" srcset=\"https:\/\/plurifor.iefc.net\/wp-content\/uploads\/2017\/11\/avispilla_del_casta\u00f1o_min-1-66x66.jpg 66w, https:\/\/plurifor.iefc.net\/wp-content\/uploads\/2017\/11\/avispilla_del_casta\u00f1o_min-1-150x150.jpg 150w, https:\/\/plurifor.iefc.net\/wp-content\/uploads\/2017\/11\/avispilla_del_casta\u00f1o_min-1-200x200.jpg 200w, https:\/\/plurifor.iefc.net\/wp-content\/uploads\/2017\/11\/avispilla_del_casta\u00f1o_min-1-300x300.jpg 300w, https:\/\/plurifor.iefc.net\/wp-content\/uploads\/2017\/11\/avispilla_del_casta\u00f1o_min-1-400x400.jpg 400w, https:\/\/plurifor.iefc.net\/wp-content\/uploads\/2017\/11\/avispilla_del_casta\u00f1o_min-1.jpg 500w\" sizes=\"(max-width: 150px) 100vw, 150px\" \/><\/p>\n<p>La avispilla del casta\u00f1o (<em>Dryocosmus kuriphilus<\/em>) es un insecto que causa crecimientos anormales (verrugas) en los casta\u00f1os. En verano (junio-julio), el insecto pone huevos en los capullos, hojas y pec\u00edolos de los brotes de casta\u00f1o. Las avispas adultas emergen de las agallas, localizan nuevos brotes de casta\u00f1o y ponen huevos que eclosionar\u00e1n en la pr\u00f3xima generaci\u00f3n. Las agallas causan distorsi\u00f3n de la hoja, suprimen la elongaci\u00f3n del brote y reducen la producci\u00f3n de frutos secos.<\/p>\n<\/div><div class=\"fusion-text fusion-text-2\"><\/div><div class=\"fusion-sep-clear\"><\/div><div class=\"fusion-separator fusion-full-width-sep\" style=\"margin-left: auto;margin-right: auto;width:100%;\"><div class=\"fusion-separator-border sep-shadow\" style=\"--awb-height:20px;--awb-amount:20px;background:radial-gradient(ellipse at 50% -50% , #e0dede 0px, rgba(255, 255, 255, 0) 80%) repeat scroll 0 0 rgba(0, 0, 0, 0);background:-webkit-radial-gradient(ellipse at 50% -50% , #e0dede 0px, rgba(255, 255, 255, 0) 80%) repeat scroll 0 0 rgba(0, 0, 0, 0);background:-moz-radial-gradient(ellipse at 50% -50% , #e0dede 0px, rgba(255, 255, 255, 0) 80%) repeat scroll 0 0 rgba(0, 0, 0, 0);background:-o-radial-gradient(ellipse at 50% -50% , #e0dede 0px, rgba(255, 255, 255, 0) 80%) repeat scroll 0 0 rgba(0, 0, 0, 0);\"><\/div><\/div><div class=\"fusion-sep-clear\"><\/div><div class=\"fusion-clearfix\"><\/div><\/div><\/div><div class=\"fusion-layout-column fusion_builder_column fusion-builder-column-1 fusion_builder_column_1_1 1_1 fusion-one-full fusion-column-first fusion-column-last\" style=\"--awb-bg-size:cover;--awb-margin-bottom:0px;\"><div class=\"fusion-column-wrapper fusion-flex-column-wrapper-legacy\"><div class=\"fusion-text fusion-text-3\"><h2 style=\"font-size: 28px;\"><span id=\"result_box\" class=\"short_text\" lang=\"es\"><span class=\"\">Planes y herramientas de gesti\u00f3n de riesgos<\/span><\/span><\/h2>\n<\/div><div class=\"fusion-text fusion-text-4\"><p><a href=\"https:\/\/plurifor.iefc.net\/wp-content\/uploads\/WP2\/plans\/Dryocosmus-kuriphilus-risk-plan_PT.pdf\">Plan nacional de Dryocosmus kuriphilus en Portugal<\/a>\u00a0(PT)<\/p>\n<p><a href=\"https:\/\/plurifor.iefc.net\/wp-content\/uploads\/WP2\/plans\/Dryocosmus-kuriphilus-risk-plan_SP.pdf\">Plan de contingencia de Dryocosmus kuriphilus en Castilla y Le\u00f3n V1<\/a>\u00a0(ES)<\/p>\n<p><a href=\"https:\/\/plurifor.iefc.net\/wp-content\/uploads\/WP4\/E411_Dryocosmus-kuriphilus-risk-plan_final_ES.pdf\">Plan de contingencia de Dryocosmus kuriphilus en Castilla y Le\u00f3n V2<\/a>\u00a0(ES)<\/p>\n<p><a href=\"https:\/\/plurifor.iefc.net\/es\/herramientas-del-cancro-resinoso-del-pino\/\">Herramientas<\/a><\/p>\n<\/div><div class=\"fusion-sep-clear\"><\/div><div class=\"fusion-separator fusion-full-width-sep\" style=\"margin-left: auto;margin-right: auto;width:100%;\"><div class=\"fusion-separator-border sep-shadow\" style=\"--awb-height:20px;--awb-amount:20px;background:radial-gradient(ellipse at 50% -50% , #e0dede 0px, rgba(255, 255, 255, 0) 80%) repeat scroll 0 0 rgba(0, 0, 0, 0);background:-webkit-radial-gradient(ellipse at 50% -50% , #e0dede 0px, rgba(255, 255, 255, 0) 80%) repeat scroll 0 0 rgba(0, 0, 0, 0);background:-moz-radial-gradient(ellipse at 50% -50% , #e0dede 0px, rgba(255, 255, 255, 0) 80%) repeat scroll 0 0 rgba(0, 0, 0, 0);background:-o-radial-gradient(ellipse at 50% -50% , #e0dede 0px, rgba(255, 255, 255, 0) 80%) repeat scroll 0 0 rgba(0, 0, 0, 0);\"><\/div><\/div><div class=\"fusion-sep-clear\"><\/div><div class=\"fusion-clearfix\"><\/div><\/div><\/div><div class=\"fusion-layout-column fusion_builder_column fusion-builder-column-2 fusion_builder_column_1_1 1_1 fusion-one-full fusion-column-first fusion-column-last\" style=\"--awb-bg-size:cover;--awb-margin-bottom:0px;\"><div class=\"fusion-column-wrapper fusion-flex-column-wrapper-legacy\"><div class=\"fusion-text fusion-text-5\"><h2 style=\"font-size: 28px;\">Taller de riesgo de la avispilla des casta\u00f1o 2:\u00a0<em>Evaluaci\u00f3n del plan de gesti\u00f3n de riesgos<\/em><\/h2>\n<\/div><div class=\"fusion-text fusion-text-6\"><p>25 enero 2019 en Bragan\u00e7a (Portugal)<\/p>\n<p><a href=\"https:\/\/plurifor.iefc.net\/wp-content\/uploads\/WP3\/Deliv311_chesnut-gall-wasp.pdf\">Actas<\/a>\u00a0(PT)<\/p>\n<p><a href=\"https:\/\/plurifor.iefc.net\/wp-content\/uploads\/WP3\/E321_chestnut-gall-wasp-1.xlsx\">Evaluaci\u00f3n econ\u00f3mica del plan<\/a><\/p>\n<\/div><div class=\"fusion-text fusion-text-7\"><h2 style=\"font-size: 28px;\">Taller de riesgo de la avispilla des casta\u00f1o\u00a01:\u00a0<em>Sistemas de conocimiento, prevenci\u00f3n, seguimiento y control de \u00faltima generaci\u00f3n<\/em><\/h2>\n<\/div><div class=\"fusion-text fusion-text-8\"><p>19 octubre 2017 en Vila Real (Portugal)<\/p>\n<p>Este taller forma parte de la serie de talleres formaci\u00f3n transnacionales organizados por el proyecto PLURIFOR. Estos talleres tienen por objeto intercambiar entre los socios y los socios del proyecto los conocimientos sobre la gesti\u00f3n del riesgo forestal.<\/p>\n<p><a href=\"https:\/\/plurifor.iefc.net\/wp-content\/uploads\/WP2\/workshop_material\/dryocosmus_workshop_agenda_19-10-2017_v4.pdf\">Programa<\/a><\/p>\n<p><a title=\"Chestnut gall wasp workshop minutes\" href=\"https:\/\/plurifor.iefc.net\/wp-content\/uploads\/WP2\/2.1.1\/Dryocosmus\/Chestnut-gall-wasp-workshop-minutes.pdf\">Actas<\/a><\/p>\n<p><a href=\"\/?page_id=3842\">Presentaciones<\/a><\/p>\n<\/div><div class=\"fusion-sep-clear\"><\/div><div class=\"fusion-separator fusion-full-width-sep\" style=\"margin-left: auto;margin-right: auto;width:100%;\"><div class=\"fusion-separator-border sep-shadow\" style=\"--awb-height:20px;--awb-amount:20px;background:radial-gradient(ellipse at 50% -50% , #e0dede 0px, rgba(255, 255, 255, 0) 80%) repeat scroll 0 0 rgba(0, 0, 0, 0);background:-webkit-radial-gradient(ellipse at 50% -50% , #e0dede 0px, rgba(255, 255, 255, 0) 80%) repeat scroll 0 0 rgba(0, 0, 0, 0);background:-moz-radial-gradient(ellipse at 50% -50% , #e0dede 0px, rgba(255, 255, 255, 0) 80%) repeat scroll 0 0 rgba(0, 0, 0, 0);background:-o-radial-gradient(ellipse at 50% -50% , #e0dede 0px, rgba(255, 255, 255, 0) 80%) repeat scroll 0 0 rgba(0, 0, 0, 0);\"><\/div><\/div><div class=\"fusion-sep-clear\"><\/div><div class=\"fusion-clearfix\"><\/div><\/div><\/div><div class=\"fusion-layout-column fusion_builder_column fusion-builder-column-3 fusion_builder_column_1_1 1_1 fusion-one-full fusion-column-first fusion-column-last\" style=\"--awb-bg-size:cover;--awb-margin-bottom:0px;\"><div class=\"fusion-column-wrapper fusion-flex-column-wrapper-legacy\"><div class=\"fusion-text fusion-text-9\"><h2>Resultados<\/h2>\n<\/div><div class=\"fusion-text fusion-text-10\"><h3>Informes regionales<\/h3>\n<p>Informes que describen c\u00f3mo se gestionaba el riesgo de la avispilla del casta\u00f1o en las regiones implicadas al inicio del proyecto, en 2016:<\/p>\n<ul>\n<li><a title=\"Forest risk management in Castilla y Le\u00f3n (2016)\" href=\"https:\/\/plurifor.iefc.net\/wp-content\/uploads\/WP1\/1.2.1\/Castilla_y_Leon\/WP1_Castilla-y-Le\u00f3n.pdf\">Gesti\u00f3n del riesgo forestal en Castilla y Le\u00f3n (2016)<\/a>\u00a0(ES)<\/li>\n<li><a title=\"Forest risk management in Portugal (2016)\" href=\"https:\/\/plurifor.iefc.net\/wp-content\/uploads\/WP1\/1.2.1\/Portugal\/WP1_Portugal.pdf\">Gesti\u00f3n del riesgo forestal en Portugal (2016)<\/a> (PT)<\/li>\n<\/ul>\n<h3>Informe de s\u00edntesis<\/h3>\n<p>Informe que resume la gesti\u00f3n de los ocho riesgos en las regiones respectivas al inicio del proyecto, en 2016:<\/p>\n<ul>\n<li><a title=\"Summary report: risk management before the PLURIFOR project (2016)\" href=\"https:\/\/plurifor.iefc.net\/wp-content\/uploads\/WP1\/1.2.2\/WP1-Summary-report-FINAL.pdf\">Informe resumido (2016)<\/a> (EN)<\/li>\n<\/ul>\n<\/div><div class=\"fusion-sep-clear\"><\/div><div class=\"fusion-separator fusion-full-width-sep\" style=\"margin-left: auto;margin-right: auto;width:100%;\"><div class=\"fusion-separator-border sep-shadow\" style=\"--awb-height:20px;--awb-amount:20px;background:radial-gradient(ellipse at 50% -50% , #e0dede 0px, rgba(255, 255, 255, 0) 80%) repeat scroll 0 0 rgba(0, 0, 0, 0);background:-webkit-radial-gradient(ellipse at 50% -50% , #e0dede 0px, rgba(255, 255, 255, 0) 80%) repeat scroll 0 0 rgba(0, 0, 0, 0);background:-moz-radial-gradient(ellipse at 50% -50% , #e0dede 0px, rgba(255, 255, 255, 0) 80%) repeat scroll 0 0 rgba(0, 0, 0, 0);background:-o-radial-gradient(ellipse at 50% -50% , #e0dede 0px, rgba(255, 255, 255, 0) 80%) repeat scroll 0 0 rgba(0, 0, 0, 0);\"><\/div><\/div><div class=\"fusion-sep-clear\"><\/div><div class=\"fusion-clearfix\"><\/div><\/div><\/div><div class=\"fusion-layout-column fusion_builder_column fusion-builder-column-4 fusion_builder_column_1_1 1_1 fusion-one-full fusion-column-first fusion-column-last\" style=\"--awb-bg-size:cover;--awb-margin-bottom:0px;\"><div class=\"fusion-column-wrapper fusion-flex-column-wrapper-legacy\"><div class=\"fusion-text fusion-text-11\"><h2 style=\"font-size: 28px;\">Contactos<\/h2>\n<\/div><div class=\"fusion-text fusion-text-12\"><ul>\n<li><strong>Portugal<\/strong>:\u00a0Edmundo Sousa (INIAV) &#8211;\u00a0edmundo.sousa @ iniav.pt &#8211; Coordinador<\/li>\n<li><strong>Castilla y Le\u00f3n<\/strong>: Jorge Casado (TRAGSA) &#8211;\u00a0jcaa @ tragsa.es<\/li>\n<\/ul>\n<\/div><div class=\"fusion-clearfix\"><\/div><\/div><\/div><\/div><\/div>\n","protected":false},"excerpt":{"rendered":"","protected":false},"author":3,"featured_media":0,"parent":0,"menu_order":0,"comment_status":"closed","ping_status":"closed","template":"","meta":[],"_links":{"self":[{"href":"https:\/\/plurifor.iefc.net\/es\/wp-json\/wp\/v2\/pages\/42"}],"collection":[{"href":"https:\/\/plurifor.iefc.net\/es\/wp-json\/wp\/v2\/pages"}],"about":[{"href":"https:\/\/plurifor.iefc.net\/es\/wp-json\/wp\/v2\/types\/page"}],"author":[{"embeddable":true,"href":"https:\/\/plurifor.iefc.net\/es\/wp-json\/wp\/v2\/users\/3"}],"replies":[{"embeddable":true,"href":"https:\/\/plurifor.iefc.net\/es\/wp-json\/wp\/v2\/comments?post=42"}],"version-history":[{"count":97,"href":"https:\/\/plurifor.iefc.net\/es\/wp-json\/wp\/v2\/pages\/42\/revisions"}],"predecessor-version":[{"id":6690,"href":"https:\/\/plurifor.iefc.net\/es\/wp-json\/wp\/v2\/pages\/42\/revisions\/6690"}],"wp:attachment":[{"href":"https:\/\/plurifor.iefc.net\/es\/wp-json\/wp\/v2\/media?parent=42"}],"curies":[{"name":"wp","href":"https:\/\/api.w.org\/{rel}","templated":true}]}}