{"id":5390,"date":"2018-11-22T18:56:23","date_gmt":"2018-11-22T15:56:23","guid":{"rendered":"https:\/\/plurifor.iefc.net\/herramientas-para-el-gorgojo-del-eucalipto\/"},"modified":"2018-12-04T19:22:04","modified_gmt":"2018-12-04T16:22:04","slug":"herramientas-para-el-gorgojo-del-eucalipto","status":"publish","type":"page","link":"https:\/\/plurifor.iefc.net\/es\/herramientas-para-el-gorgojo-del-eucalipto\/","title":{"rendered":"Herramientas para el gorgojo del eucalipto"},"content":{"rendered":"<p><a href=\"https:\/\/plurifor.iefc.net\/wp-content\/uploads\/WP2\/tools\/Gonipterus-platensis-tool-1.pdf\">Evaluaci\u00f3n de la defoliaci\u00f3n (EN)<\/a><\/p>\n<p><a href=\"https:\/\/plurifor.iefc.net\/wp-content\/uploads\/WP2\/tools\/Gonipterus-platensis-tool-2.pdf\">Predicci\u00f3n del impacto de la defoliaci\u00f3n (EN)<\/a><\/p>\n<p><a href=\"http:\/\/plurifor.agresta.org\/?lang=es\">Silvalert (notificaci\u00f3n de los da\u00f1os forestales)<\/a><\/p>\n<p><a href=\"https:\/\/plurifor.iefc.net\/wp-content\/uploads\/WP2\/tools\/Gonipterus-platensis-tool-3.pdf\">Evaluaci\u00f3n de la defoliaci\u00f3n y metodolog\u00eda de seguimiento (EN)<\/a><\/p>\n","protected":false},"excerpt":{"rendered":"<p>Evaluaci\u00f3n de la defoliaci\u00f3n (EN) Predicci\u00f3n del impacto de la [&hellip;]<\/p>\n","protected":false},"author":65,"featured_media":0,"parent":0,"menu_order":0,"comment_status":"closed","ping_status":"closed","template":"","meta":[],"_links":{"self":[{"href":"https:\/\/plurifor.iefc.net\/es\/wp-json\/wp\/v2\/pages\/5390"}],"collection":[{"href":"https:\/\/plurifor.iefc.net\/es\/wp-json\/wp\/v2\/pages"}],"about":[{"href":"https:\/\/plurifor.iefc.net\/es\/wp-json\/wp\/v2\/types\/page"}],"author":[{"embeddable":true,"href":"https:\/\/plurifor.iefc.net\/es\/wp-json\/wp\/v2\/users\/65"}],"replies":[{"embeddable":true,"href":"https:\/\/plurifor.iefc.net\/es\/wp-json\/wp\/v2\/comments?post=5390"}],"version-history":[{"count":1,"href":"https:\/\/plurifor.iefc.net\/es\/wp-json\/wp\/v2\/pages\/5390\/revisions"}],"predecessor-version":[{"id":5566,"href":"https:\/\/plurifor.iefc.net\/es\/wp-json\/wp\/v2\/pages\/5390\/revisions\/5566"}],"wp:attachment":[{"href":"https:\/\/plurifor.iefc.net\/es\/wp-json\/wp\/v2\/media?parent=5390"}],"curies":[{"name":"wp","href":"https:\/\/api.w.org\/{rel}","templated":true}]}}