{"id":5411,"date":"2018-11-22T19:29:33","date_gmt":"2018-11-22T16:29:33","guid":{"rendered":"https:\/\/plurifor.iefc.net\/herramientas-por-el-cancro-resinoso-del-pino\/"},"modified":"2019-07-09T11:52:58","modified_gmt":"2019-07-09T08:52:58","slug":"herramientas-por-el-cancro-resinoso-del-pino","status":"publish","type":"page","link":"https:\/\/plurifor.iefc.net\/es\/herramientas-por-el-cancro-resinoso-del-pino\/","title":{"rendered":"Herramientas del cancro resinoso del pino"},"content":{"rendered":"<p><a href=\"https:\/\/plurifor.iefc.net\/wp-content\/uploads\/WP2\/tools\/Pine-pitch-canker-1.pdf\">T\u00e9cnicas de secuenciaci\u00f3n de pr\u00f3xima generaci\u00f3n (NGS) para el diagn\u00f3stico de Fusarium circinatum<\/a> (EN)<\/p>\n<p><a href=\"https:\/\/plurifor.iefc.net\/wp-content\/uploads\/WP2\/tools\/Pine-pitch-canker-2.pdf\"> Ciclo de vida de Fusarium circinatum<\/a> (EN)<\/p>\n<p><a href=\"https:\/\/plurifor.iefc.net\/wp-content\/uploads\/WP2\/tools\/Pine-pitch-canker-4.pdf\">\u00a0Trampas de esporas combinadas con PCR en tiempo real (qPCR) 1<\/a> (EN)<\/p>\n<p><a href=\"https:\/\/plurifor.iefc.net\/wp-content\/uploads\/WP2\/tools\/Pine-pitch-canker-3.pdf\">Trampas de esporas combinadas con PCR en tiempo real (qPCR) 2<\/a> (EN)<\/p>\n<p><a href=\"http:\/\/plurifor.agresta.org\/?lang=es\">Silvalert (notificaci\u00f3n de los da\u00f1os forestales)<\/a><\/p>\n<p>&nbsp;<\/p>\n","protected":false},"excerpt":{"rendered":"<p>T\u00e9cnicas de secuenciaci\u00f3n de pr\u00f3xima generaci\u00f3n (NGS) para el diagn\u00f3stico [&hellip;]<\/p>\n","protected":false},"author":65,"featured_media":0,"parent":0,"menu_order":0,"comment_status":"closed","ping_status":"closed","template":"","meta":[],"_links":{"self":[{"href":"https:\/\/plurifor.iefc.net\/es\/wp-json\/wp\/v2\/pages\/5411"}],"collection":[{"href":"https:\/\/plurifor.iefc.net\/es\/wp-json\/wp\/v2\/pages"}],"about":[{"href":"https:\/\/plurifor.iefc.net\/es\/wp-json\/wp\/v2\/types\/page"}],"author":[{"embeddable":true,"href":"https:\/\/plurifor.iefc.net\/es\/wp-json\/wp\/v2\/users\/65"}],"replies":[{"embeddable":true,"href":"https:\/\/plurifor.iefc.net\/es\/wp-json\/wp\/v2\/comments?post=5411"}],"version-history":[{"count":3,"href":"https:\/\/plurifor.iefc.net\/es\/wp-json\/wp\/v2\/pages\/5411\/revisions"}],"predecessor-version":[{"id":7416,"href":"https:\/\/plurifor.iefc.net\/es\/wp-json\/wp\/v2\/pages\/5411\/revisions\/7416"}],"wp:attachment":[{"href":"https:\/\/plurifor.iefc.net\/es\/wp-json\/wp\/v2\/media?parent=5411"}],"curies":[{"name":"wp","href":"https:\/\/api.w.org\/{rel}","templated":true}]}}