{"id":5434,"date":"2018-11-22T19:52:58","date_gmt":"2018-11-22T16:52:58","guid":{"rendered":"https:\/\/plurifor.iefc.net\/herramientas-de-monitoreo-de-incendios-forestales\/"},"modified":"2019-06-10T21:18:03","modified_gmt":"2019-06-10T18:18:03","slug":"herramientas-de-monitoreo-de-incendios-forestales","status":"publish","type":"page","link":"https:\/\/plurifor.iefc.net\/es\/herramientas-de-monitoreo-de-incendios-forestales\/","title":{"rendered":"Herramientas de monitoreo de incendios forestales"},"content":{"rendered":"<p><a href=\"https:\/\/plurifor.iefc.net\/wp-content\/uploads\/WP2\/tools\/Forest-fire-tool-1.pdf\">Gu\u00eda de buenas pr\u00e1cticas (EN)<\/a><\/p>\n<p><a href=\"https:\/\/plurifor.iefc.net\/wp-content\/uploads\/WP2\/tools\/Forest-fire-tool_Good-practices-guide_2_2.pdf\">Gu\u00eda de buenas pr\u00e1cticas (PT)<\/a><\/p>\n<p><a href=\"https:\/\/plurifor.iefc.net\/wp-content\/uploads\/WP2\/tools\/E221_Forest-fire-tool-2B.pdf\">Mapas de incendios en el Pa\u00eds Vasco (EN)<\/a><\/p>\n<p><a href=\"http:\/\/plurifor.agresta.org\/?lang=es\">Silvalert (notificaci\u00f3n de los da\u00f1os forestales)<\/a><\/p>\n","protected":false},"excerpt":{"rendered":"<p>Gu\u00eda de buenas pr\u00e1cticas (EN) Gu\u00eda de buenas pr\u00e1cticas (PT) [&hellip;]<\/p>\n","protected":false},"author":65,"featured_media":0,"parent":0,"menu_order":0,"comment_status":"closed","ping_status":"closed","template":"","meta":[],"_links":{"self":[{"href":"https:\/\/plurifor.iefc.net\/es\/wp-json\/wp\/v2\/pages\/5434"}],"collection":[{"href":"https:\/\/plurifor.iefc.net\/es\/wp-json\/wp\/v2\/pages"}],"about":[{"href":"https:\/\/plurifor.iefc.net\/es\/wp-json\/wp\/v2\/types\/page"}],"author":[{"embeddable":true,"href":"https:\/\/plurifor.iefc.net\/es\/wp-json\/wp\/v2\/users\/65"}],"replies":[{"embeddable":true,"href":"https:\/\/plurifor.iefc.net\/es\/wp-json\/wp\/v2\/comments?post=5434"}],"version-history":[{"count":3,"href":"https:\/\/plurifor.iefc.net\/es\/wp-json\/wp\/v2\/pages\/5434\/revisions"}],"predecessor-version":[{"id":6980,"href":"https:\/\/plurifor.iefc.net\/es\/wp-json\/wp\/v2\/pages\/5434\/revisions\/6980"}],"wp:attachment":[{"href":"https:\/\/plurifor.iefc.net\/es\/wp-json\/wp\/v2\/media?parent=5434"}],"curies":[{"name":"wp","href":"https:\/\/api.w.org\/{rel}","templated":true}]}}