{"id":5453,"date":"2018-11-22T20:24:56","date_gmt":"2018-11-22T17:24:56","guid":{"rendered":"https:\/\/plurifor.iefc.net\/herramientas-para-la-degradacion-del-suelo\/"},"modified":"2019-07-09T12:36:29","modified_gmt":"2019-07-09T09:36:29","slug":"herramientas-para-la-degradacion-del-suelo","status":"publish","type":"page","link":"https:\/\/plurifor.iefc.net\/es\/herramientas-para-la-degradacion-del-suelo\/","title":{"rendered":"Herramientas para la degradaci\u00f3n del suelo"},"content":{"rendered":"<p><a href=\"https:\/\/plurifor.iefc.net\/wp-content\/uploads\/WP2\/tools\/Soil-degradation-tool-1-2.pdf\">Efectos de la masticaci\u00f3n del pino sobre la compactaci\u00f3n y erosi\u00f3n del suelo 1<\/a> (EN)<\/p>\n<p><a href=\"https:\/\/plurifor.iefc.net\/wp-content\/uploads\/WP2\/tools\/Soil-degradation-Mastication.pdf\">Efectos de la masticaci\u00f3n del pino sobre la compactaci\u00f3n y erosi\u00f3n del suelo 2<\/a> (ES)<\/p>\n<p><a href=\"https:\/\/plurifor.iefc.net\/wp-content\/uploads\/WP2\/tools\/Soil-degradation-tool-2-1.pdf\">Eficacia de los diferentes tratamientos para la reducci\u00f3n de las p\u00e9rdidas de suelo despu\u00e9s del incendio<\/a> (EN)<\/p>\n<p><a href=\"https:\/\/plurifor.iefc.net\/wp-content\/uploads\/WP2\/tools\/Soil-degradation-tool-3-1.pdf\">Conectividad hidrol\u00f3gica para la planificaci\u00f3n de tratamientos de mitigaci\u00f3n de la erosi\u00f3n post-incendio 1<\/a> (EN)<\/p>\n<p><a href=\"https:\/\/plurifor.iefc.net\/wp-content\/uploads\/WP2\/tools\/Soil-degradation-Connectivity.pdf\">Conectividad hidrol\u00f3gica para la planificaci\u00f3n de tratamientos de mitigaci\u00f3n de la erosi\u00f3n post-incendio 2<\/a> (ES)<\/p>\n<p><a href=\"https:\/\/plurifor.iefc.net\/wp-content\/uploads\/WP2\/tools\/Soil-degradation-tool-4-1.pdf\">Mapa de susceptibilidad a la erosi\u00f3n del suelo en la regi\u00f3n SUDOE<\/a> (EN)<\/p>\n<p><a href=\"https:\/\/plurifor.iefc.net\/wp-content\/uploads\/WP2\/tools\/Soil-degradation-tool-5-1.pdf\">Erosi\u00f3n pluviom\u00e9trica mensual<\/a> (EN)<\/p>\n<p><a href=\"https:\/\/plurifor.iefc.net\/wp-content\/uploads\/WP2\/tools\/Soil-degradation-tool-6.pdf\">Valores de referencia para la biodiversidad del suelo 1<\/a> (EN)<\/p>\n<p><a href=\"https:\/\/plurifor.iefc.net\/wp-content\/uploads\/WP2\/tools\/Soil-degradation-Biodiversity.pdf\">Valores de referencia para la biodiversidad del suelo 2<\/a> (EN)<\/p>\n<p><a href=\"https:\/\/plurifor.iefc.net\/wp-content\/uploads\/WP2\/tools\/E221_Soil-degradation-tool-7.pdf\">Mapa de susceptibilidad a la erosi\u00f3n del suelo utilizando datos Lidar<\/a> (EN)<\/p>\n<p><a href=\"https:\/\/plurifor.iefc.net\/wp-content\/uploads\/WP2\/tools\/Soil-degradation-Annex.pdf\">Mapa de susceptibilidad a la erosi\u00f3n del suelo &#8211; Annexo<\/a> (EN)<\/p>\n<p><a href=\"https:\/\/plurifor.iefc.net\/wp-content\/uploads\/WP2\/tools\/E221_Soil-degradation-tool-8.pdf\">Mapa de susceptibilidad a la erosi\u00f3n del suelo en el Pa\u00eds Vasco<\/a> (EN)<\/p>\n<p><a href=\"https:\/\/plurifor.iefc.net\/wp-content\/uploads\/WP2\/tools\/E221_Soil-degradation-tool-9.pdf\">Compactaci\u00f3n del suelo<\/a> (EN)<\/p>\n<p><a href=\"https:\/\/plurifor.iefc.net\/wp-content\/uploads\/WP2\/tools\/E221_Soil-degradation-tool-10.pdf\">Protocolo de seguimiento de las alteraciones del suelo forestal<\/a> (EN)<\/p>\n<p><a href=\"https:\/\/plurifor.iefc.net\/wp-content\/uploads\/WP4\/soil_erosion_susceptibility_Euskadi_20190521.pdf\">Mapa de susceptibilidad a la erosi\u00f3n del suelo en el Pa\u00eds Vasco &#8211; Annexo<\/a> (EN)<\/p>\n<p><a href=\"http:\/\/plurifor.agresta.org\/\">Silvalert (notificaci\u00f3n de los da\u00f1os forestales) <\/a> (EN)<\/p>\n","protected":false},"excerpt":{"rendered":"<p>Efectos de la masticaci\u00f3n del pino sobre la compactaci\u00f3n y [&hellip;]<\/p>\n","protected":false},"author":65,"featured_media":0,"parent":0,"menu_order":0,"comment_status":"closed","ping_status":"closed","template":"","meta":[],"_links":{"self":[{"href":"https:\/\/plurifor.iefc.net\/es\/wp-json\/wp\/v2\/pages\/5453"}],"collection":[{"href":"https:\/\/plurifor.iefc.net\/es\/wp-json\/wp\/v2\/pages"}],"about":[{"href":"https:\/\/plurifor.iefc.net\/es\/wp-json\/wp\/v2\/types\/page"}],"author":[{"embeddable":true,"href":"https:\/\/plurifor.iefc.net\/es\/wp-json\/wp\/v2\/users\/65"}],"replies":[{"embeddable":true,"href":"https:\/\/plurifor.iefc.net\/es\/wp-json\/wp\/v2\/comments?post=5453"}],"version-history":[{"count":13,"href":"https:\/\/plurifor.iefc.net\/es\/wp-json\/wp\/v2\/pages\/5453\/revisions"}],"predecessor-version":[{"id":7426,"href":"https:\/\/plurifor.iefc.net\/es\/wp-json\/wp\/v2\/pages\/5453\/revisions\/7426"}],"wp:attachment":[{"href":"https:\/\/plurifor.iefc.net\/es\/wp-json\/wp\/v2\/media?parent=5453"}],"curies":[{"name":"wp","href":"https:\/\/api.w.org\/{rel}","templated":true}]}}