{"id":7614,"date":"2019-07-17T15:26:09","date_gmt":"2019-07-17T12:26:09","guid":{"rendered":"https:\/\/plurifor.iefc.net\/presentaciones-2\/"},"modified":"2019-07-17T15:27:37","modified_gmt":"2019-07-17T12:27:37","slug":"presentaciones-2","status":"publish","type":"page","link":"https:\/\/plurifor.iefc.net\/es\/presentaciones-2\/","title":{"rendered":"Presentaciones"},"content":{"rendered":"<p><a href=\"https:\/\/plurifor.iefc.net\/wp-content\/uploads\/WP4\/ECCA-Oral-presentation-Cola\u00e7o.pptx\">Proyecto Plurifor: un plan transnacional para la gesti\u00f3n del riesgo de incendios forestalesk<\/a>, Concei\u00e7\u00e3o Cola\u00e7o (ISA, Portugal) &#8211; EN<\/p>\n<p><a href=\"https:\/\/plurifor.iefc.net\/wp-content\/uploads\/WP4\/Gu\u00eda_Taller_Simulaciones_Incendios-English_Version.pptx\">Gu\u00eda para el empleo de simuladores de comportamiento del Fuego<\/a>, Enrique Jim\u00e9nez Carmona (CIF Lourizan, Spain) &#8211; EN<\/p>\n<p><a href=\"https:\/\/plurifor.iefc.net\/wp-content\/uploads\/WP4\/Gu%C3%ADa_Taller_Simulaciones_Incendios-Spanish_Version.pdf\">Gu\u00eda para el empleo de simuladores de comportamiento del Fuego<\/a>, Enrique Jim\u00e9nez Carmona (CIF Lourizan, Spain) &#8211; ES<\/p>\n<p><a href=\"https:\/\/plurifor.iefc.net\/wp-content\/uploads\/WP4\/Gu%C3%ADa_MapaCombustibles_QGis_Spanish_Version.pdf\">Generaci\u00f3n de mapas de combustibles y su visualizaci\u00f3n<\/a>, Sandra S\u00e1nchez Garc\u00eda and Antol\u00edn Velasco Moreno (Cetemas, Spain) &#8211; ES<\/p>\n","protected":false},"excerpt":{"rendered":"<p>Proyecto Plurifor: un plan transnacional para la gesti\u00f3n del riesgo [&hellip;]<\/p>\n","protected":false},"author":65,"featured_media":0,"parent":0,"menu_order":0,"comment_status":"closed","ping_status":"closed","template":"","meta":[],"_links":{"self":[{"href":"https:\/\/plurifor.iefc.net\/es\/wp-json\/wp\/v2\/pages\/7614"}],"collection":[{"href":"https:\/\/plurifor.iefc.net\/es\/wp-json\/wp\/v2\/pages"}],"about":[{"href":"https:\/\/plurifor.iefc.net\/es\/wp-json\/wp\/v2\/types\/page"}],"author":[{"embeddable":true,"href":"https:\/\/plurifor.iefc.net\/es\/wp-json\/wp\/v2\/users\/65"}],"replies":[{"embeddable":true,"href":"https:\/\/plurifor.iefc.net\/es\/wp-json\/wp\/v2\/comments?post=7614"}],"version-history":[{"count":2,"href":"https:\/\/plurifor.iefc.net\/es\/wp-json\/wp\/v2\/pages\/7614\/revisions"}],"predecessor-version":[{"id":7616,"href":"https:\/\/plurifor.iefc.net\/es\/wp-json\/wp\/v2\/pages\/7614\/revisions\/7616"}],"wp:attachment":[{"href":"https:\/\/plurifor.iefc.net\/es\/wp-json\/wp\/v2\/media?parent=7614"}],"curies":[{"name":"wp","href":"https:\/\/api.w.org\/{rel}","templated":true}]}}