{"id":1402,"date":"2017-11-21T21:54:12","date_gmt":"2017-11-21T18:54:12","guid":{"rendered":"https:\/\/plurifor.iefc.net\/emerging-pests-and-diseases\/"},"modified":"2019-07-09T10:08:53","modified_gmt":"2019-07-09T07:08:53","slug":"ravageurs-et-maladies-emergents","status":"publish","type":"page","link":"https:\/\/plurifor.iefc.net\/fr\/ravageurs-et-maladies-emergents\/","title":{"rendered":"Ravageurs et maladies \u00e9mergentes"},"content":{"rendered":"<div class=\"fusion-fullwidth fullwidth-box fusion-builder-row-1 nonhundred-percent-fullwidth non-hundred-percent-height-scrolling\" style=\"--awb-border-radius-top-left:0px;--awb-border-radius-top-right:0px;--awb-border-radius-bottom-right:0px;--awb-border-radius-bottom-left:0px;--awb-flex-wrap:wrap;\" ><div class=\"fusion-builder-row fusion-row\"><div class=\"fusion-layout-column fusion_builder_column fusion-builder-column-0 fusion_builder_column_1_1 1_1 fusion-one-full fusion-column-first fusion-column-last\" style=\"--awb-bg-size:cover;--awb-margin-bottom:0px;\"><div class=\"fusion-column-wrapper fusion-flex-column-wrapper-legacy\"><div class=\"fusion-text fusion-text-1\"><\/div><div class=\"fusion-text fusion-text-2\"><p><img decoding=\"async\" class=\"size-thumbnail wp-image-1147 alignleft\" src=\"https:\/\/plurifor.iefc.net\/wp-content\/uploads\/2017\/11\/plagas_y_enfermedades_emergentes_min-150x150.jpg\" alt=\"\" width=\"150\" height=\"150\" srcset=\"https:\/\/plurifor.iefc.net\/wp-content\/uploads\/2017\/11\/plagas_y_enfermedades_emergentes_min-66x66.jpg 66w, https:\/\/plurifor.iefc.net\/wp-content\/uploads\/2017\/11\/plagas_y_enfermedades_emergentes_min-150x150.jpg 150w, https:\/\/plurifor.iefc.net\/wp-content\/uploads\/2017\/11\/plagas_y_enfermedades_emergentes_min-200x200.jpg 200w, https:\/\/plurifor.iefc.net\/wp-content\/uploads\/2017\/11\/plagas_y_enfermedades_emergentes_min-300x300.jpg 300w, https:\/\/plurifor.iefc.net\/wp-content\/uploads\/2017\/11\/plagas_y_enfermedades_emergentes_min-400x400.jpg 400w, https:\/\/plurifor.iefc.net\/wp-content\/uploads\/2017\/11\/plagas_y_enfermedades_emergentes_min.jpg 500w\" sizes=\"(max-width: 150px) 100vw, 150px\" \/><\/p>\n<p>L&#8217;urbanisation, le commerce international et le changement climatique ont largement contribu\u00e9 \u00e0 l&#8217;installation de ravageurs et de maladies \u00e9mergentes en Europe. Les ravageurs et les maladies \u00e9mergentes augmentent le risque de danger dans les for\u00eats cultiv\u00e9es. Des outils de pr\u00e9vention et de surveillance sont n\u00e9cessaires pour r\u00e9duire ce risque.<\/p>\n<\/div><div class=\"fusion-sep-clear\"><\/div><div class=\"fusion-separator fusion-full-width-sep\" style=\"margin-left: auto;margin-right: auto;width:100%;\"><div class=\"fusion-separator-border sep-shadow\" style=\"--awb-height:20px;--awb-amount:20px;background:radial-gradient(ellipse at 50% -50% , #e0dede 0px, rgba(255, 255, 255, 0) 80%) repeat scroll 0 0 rgba(0, 0, 0, 0);background:-webkit-radial-gradient(ellipse at 50% -50% , #e0dede 0px, rgba(255, 255, 255, 0) 80%) repeat scroll 0 0 rgba(0, 0, 0, 0);background:-moz-radial-gradient(ellipse at 50% -50% , #e0dede 0px, rgba(255, 255, 255, 0) 80%) repeat scroll 0 0 rgba(0, 0, 0, 0);background:-o-radial-gradient(ellipse at 50% -50% , #e0dede 0px, rgba(255, 255, 255, 0) 80%) repeat scroll 0 0 rgba(0, 0, 0, 0);\"><\/div><\/div><div class=\"fusion-sep-clear\"><\/div><div class=\"fusion-clearfix\"><\/div><\/div><\/div><div class=\"fusion-layout-column fusion_builder_column fusion-builder-column-1 fusion_builder_column_1_1 1_1 fusion-one-full fusion-column-first fusion-column-last\" style=\"--awb-bg-size:cover;--awb-margin-bottom:0px;\"><div class=\"fusion-column-wrapper fusion-flex-column-wrapper-legacy\"><div class=\"fusion-text fusion-text-3\"><h2 style=\"font-size: 28px;\">Plans de gestion des risques et outils<\/h2>\n<\/div><div class=\"fusion-text fusion-text-4\"><p><a href=\"https:\/\/plurifor.iefc.net\/wp-content\/uploads\/WP4\/E411_Emerging-pests-and-diseases-risk-plan_final_FR.docx\">Plan de d\u00e9tection pr\u00e9coce des esp\u00e8ces de ravageurs exotiques en Aquitaine V2<\/a>\u00a0(FR)<\/p>\n<p><a href=\"https:\/\/plurifor.iefc.net\/wp-content\/uploads\/WP2\/plans\/Emerging-pests-and-diseases-risk-plan_FR.pdf\">Plan de d\u00e9tection pr\u00e9coce des esp\u00e8ces de ravageurs exotiques en Aquitaine V1<\/a>\u00a0(FR)<\/p>\n<p><a href=\"https:\/\/plurifor.iefc.net\/wp-content\/uploads\/WP2\/plans\/Emerging-pests-and-diseases-risk-plan_PT.pdf\">Plan de gestion des ravageurs foresstiers et maladies \u00e9mergentes au Portugal<\/a>\u00a0(PT)<\/p>\n<p><a href=\"https:\/\/plurifor.iefc.net\/wp-content\/uploads\/WP4\/E411_plan_emergentes_Euskadi.pdf\">Plan de gestion des ravageurs forestiers et maladies \u00e9mergentes au pays basque V2<\/a>\u00a0(ES)<\/p>\n<p><a href=\"https:\/\/plurifor.iefc.net\/wp-content\/uploads\/WP2\/plans\/Emerging-pests-and-diseases-risk-plan_ES.pdf\">Plan de gestion des ravageurs forestiers et maladies \u00e9mergentes au pays basque V1<\/a>\u00a0(ES)<\/p>\n<p><a href=\"https:\/\/plurifor.iefc.net\/fr\/outils-de-gestion-des-ravageurs-et-maladies-emergentes\/\">Outils<\/a><\/p>\n<\/div><div class=\"fusion-sep-clear\"><\/div><div class=\"fusion-separator fusion-full-width-sep\" style=\"margin-left: auto;margin-right: auto;width:100%;\"><div class=\"fusion-separator-border sep-shadow\" style=\"--awb-height:20px;--awb-amount:20px;background:radial-gradient(ellipse at 50% -50% , #e0dede 0px, rgba(255, 255, 255, 0) 80%) repeat scroll 0 0 rgba(0, 0, 0, 0);background:-webkit-radial-gradient(ellipse at 50% -50% , #e0dede 0px, rgba(255, 255, 255, 0) 80%) repeat scroll 0 0 rgba(0, 0, 0, 0);background:-moz-radial-gradient(ellipse at 50% -50% , #e0dede 0px, rgba(255, 255, 255, 0) 80%) repeat scroll 0 0 rgba(0, 0, 0, 0);background:-o-radial-gradient(ellipse at 50% -50% , #e0dede 0px, rgba(255, 255, 255, 0) 80%) repeat scroll 0 0 rgba(0, 0, 0, 0);\"><\/div><\/div><div class=\"fusion-sep-clear\"><\/div><div class=\"fusion-clearfix\"><\/div><\/div><\/div><div class=\"fusion-layout-column fusion_builder_column fusion-builder-column-2 fusion_builder_column_1_1 1_1 fusion-one-full fusion-column-first fusion-column-last\" style=\"--awb-bg-size:cover;--awb-margin-bottom:0px;\"><div class=\"fusion-column-wrapper fusion-flex-column-wrapper-legacy\"><div class=\"fusion-text fusion-text-5\"><div class=\"fusion-text\">\n<div class=\"fusion-text\">\n<h2>Atelier sur le risque de n\u00e9matode de pin 2:\u00a0<em>Evaluation du plan de gestion<\/em><\/h2>\n<\/div>\n<\/div>\n<\/div><div class=\"fusion-text fusion-text-6\"><p>18 F\u00e9vrier 2019 \u00e0 Cestas (France)<\/p>\n<p><a href=\"https:\/\/plurifor.iefc.net\/wp-content\/uploads\/WP4\/Deliv311_emerging_pests_diseases.pdf\">Proc\u00e8s-verbal<\/a> (EN)<\/p>\n<p><a href=\"https:\/\/plurifor.iefc.net\/wp-content\/uploads\/WP4\/E321_EmergingPests_France.xlsx\">Evaluation \u00e9conomique du plan<\/a> (EN)<\/p>\n<\/div><div class=\"fusion-text fusion-text-7\"><h2 style=\"font-size: 28px;\">Atelier sur le risque ravageurs et maladies \u00e9mergentes 1: <em>Towards early warning detection methods<\/em><\/h2>\n<\/div><div class=\"fusion-text fusion-text-8\"><p>25 Janvier 2018 \u00e0 Oeiras (Portugal)<\/p>\n<p>Cet atelier fait partie d\u2019une s\u00e9rie d\u2019ateliers transnationaux organis\u00e9s par le projet PLURIFOR. Ils visent un \u00e9change de savoir-faire sur la gestion des risques forestiers entre les partenaires et les partenaires associ\u00e9s au projet.<\/p>\n<p><a href=\"https:\/\/plurifor.iefc.net\/wp-content\/uploads\/WP2\/workshop_material\/emerging_pests_workshop_agenda_25-january-2018_v3.pdf\">Ordre du jour<\/a><\/p>\n<p><a title=\"Minutes of the emerging pests and diseases workshop\" href=\"https:\/\/plurifor.iefc.net\/wp-content\/uploads\/WP2\/2.1.1\/Emerging\/Emerging-workshop-minutes.pdf\">Proc\u00e8s-verbal<\/a><\/p>\n<p><a href=\"\/?page_id=3874\">Pr\u00e9sentations<\/a><\/p>\n<\/div><div class=\"fusion-sep-clear\"><\/div><div class=\"fusion-separator fusion-full-width-sep\" style=\"margin-left: auto;margin-right: auto;width:100%;\"><div class=\"fusion-separator-border sep-shadow\" style=\"--awb-height:20px;--awb-amount:20px;background:radial-gradient(ellipse at 50% -50% , #e0dede 0px, rgba(255, 255, 255, 0) 80%) repeat scroll 0 0 rgba(0, 0, 0, 0);background:-webkit-radial-gradient(ellipse at 50% -50% , #e0dede 0px, rgba(255, 255, 255, 0) 80%) repeat scroll 0 0 rgba(0, 0, 0, 0);background:-moz-radial-gradient(ellipse at 50% -50% , #e0dede 0px, rgba(255, 255, 255, 0) 80%) repeat scroll 0 0 rgba(0, 0, 0, 0);background:-o-radial-gradient(ellipse at 50% -50% , #e0dede 0px, rgba(255, 255, 255, 0) 80%) repeat scroll 0 0 rgba(0, 0, 0, 0);\"><\/div><\/div><div class=\"fusion-sep-clear\"><\/div><div class=\"fusion-clearfix\"><\/div><\/div><\/div><div class=\"fusion-layout-column fusion_builder_column fusion-builder-column-3 fusion_builder_column_1_1 1_1 fusion-one-full fusion-column-first fusion-column-last\" style=\"--awb-bg-size:cover;--awb-margin-bottom:0px;\"><div class=\"fusion-column-wrapper fusion-flex-column-wrapper-legacy\"><div class=\"fusion-text fusion-text-9\"><h2 style=\"font-size: 28px;\">Livrables<\/h2>\n<\/div><div class=\"fusion-text fusion-text-10\"><h3>Rapports r\u00e9gionaux<\/h3>\n<p>Rapports de gestion de risque de ravageurs et maladies \u00e9mergentes dans les r\u00e9gions cibles au d\u00e9but du projet, en 2016:<\/p>\n<ul>\n<li><a title=\"Forest risk management in Aquitaine (2016)\" href=\"https:\/\/plurifor.iefc.net\/wp-content\/uploads\/WP1\/1.2.1\/Aquitaine\/WP1_Aquitaine.pdf\">Gestion de risque forestier en Aquitaine (2016)<\/a><\/li>\n<li><a title=\"Forest risk management in the Basque Country (2016)\" href=\"https:\/\/plurifor.iefc.net\/wp-content\/uploads\/WP1\/1.2.1\/Euskadi\/WP1_Euskadi.pdf\">Gestion de risque forestier en pays basque (2016)<\/a> (ES)<\/li>\n<li><a title=\"Forest risk management in Portugal (2016)\" href=\"https:\/\/plurifor.iefc.net\/wp-content\/uploads\/WP1\/1.2.1\/Portugal\/WP1_Portugal.pdf\">Gestion de risque forestier au Portugal (2016)<\/a> (PT)<\/li>\n<\/ul>\n<h3>Rapport de synth\u00e8se<\/h3>\n<p>Rapport de gestion de huit risques dans les r\u00e9gions cibles au d\u00e9but du projet, en 2016:<\/p>\n<ul>\n<li><a title=\"Summary report: risk management before the PLURIFOR project (2016)\" href=\"https:\/\/plurifor.iefc.net\/wp-content\/uploads\/WP1\/1.2.2\/WP1-Summary-report-FINAL.pdf\">Rapport de synth\u00e8se (2016)<\/a> (EN)<\/li>\n<\/ul>\n<\/div><div class=\"fusion-sep-clear\"><\/div><div class=\"fusion-separator fusion-full-width-sep\" style=\"margin-left: auto;margin-right: auto;width:100%;\"><div class=\"fusion-separator-border sep-shadow\" style=\"--awb-height:20px;--awb-amount:20px;background:radial-gradient(ellipse at 50% -50% , #e0dede 0px, rgba(255, 255, 255, 0) 80%) repeat scroll 0 0 rgba(0, 0, 0, 0);background:-webkit-radial-gradient(ellipse at 50% -50% , #e0dede 0px, rgba(255, 255, 255, 0) 80%) repeat scroll 0 0 rgba(0, 0, 0, 0);background:-moz-radial-gradient(ellipse at 50% -50% , #e0dede 0px, rgba(255, 255, 255, 0) 80%) repeat scroll 0 0 rgba(0, 0, 0, 0);background:-o-radial-gradient(ellipse at 50% -50% , #e0dede 0px, rgba(255, 255, 255, 0) 80%) repeat scroll 0 0 rgba(0, 0, 0, 0);\"><\/div><\/div><div class=\"fusion-sep-clear\"><\/div><div class=\"fusion-clearfix\"><\/div><\/div><\/div><div class=\"fusion-layout-column fusion_builder_column fusion-builder-column-4 fusion_builder_column_1_1 1_1 fusion-one-full fusion-column-first fusion-column-last\" style=\"--awb-bg-size:cover;--awb-margin-bottom:0px;\"><div class=\"fusion-column-wrapper fusion-flex-column-wrapper-legacy\"><div class=\"fusion-text fusion-text-11\"><h2 style=\"font-size: 28px;\">Contacts<\/h2>\n<\/div><div class=\"fusion-text fusion-text-12\"><ul>\n<li><strong>Aquitaine<\/strong>:\u00a0Herv\u00e9 Jactel (INRA) &#8211;\u00a0herve.jactel @ inra.fr &#8211; coordonnateur<\/li>\n<li><strong>Pays Basque<\/strong>: Alejandro Cantero (HAZI) &#8211;\u00a0acantero @ hazi.eus<\/li>\n<li><strong>Pays Basque<\/strong>: Amaia Ortiz (NEIKER) &#8211;\u00a0aortizb @ neiker.eus<\/li>\n<li><strong>Portugal<\/strong>:\u00a0Manuela Branco (ISA) &#8211;\u00a0mrbranco @ isa.ulisboa.pt<\/li>\n<\/ul>\n<\/div><div class=\"fusion-clearfix\"><\/div><\/div><\/div><\/div><\/div>\n","protected":false},"excerpt":{"rendered":"","protected":false},"author":3,"featured_media":0,"parent":0,"menu_order":0,"comment_status":"closed","ping_status":"closed","template":"","meta":[],"_links":{"self":[{"href":"https:\/\/plurifor.iefc.net\/fr\/wp-json\/wp\/v2\/pages\/1402"}],"collection":[{"href":"https:\/\/plurifor.iefc.net\/fr\/wp-json\/wp\/v2\/pages"}],"about":[{"href":"https:\/\/plurifor.iefc.net\/fr\/wp-json\/wp\/v2\/types\/page"}],"author":[{"embeddable":true,"href":"https:\/\/plurifor.iefc.net\/fr\/wp-json\/wp\/v2\/users\/3"}],"replies":[{"embeddable":true,"href":"https:\/\/plurifor.iefc.net\/fr\/wp-json\/wp\/v2\/comments?post=1402"}],"version-history":[{"count":114,"href":"https:\/\/plurifor.iefc.net\/fr\/wp-json\/wp\/v2\/pages\/1402\/revisions"}],"predecessor-version":[{"id":7228,"href":"https:\/\/plurifor.iefc.net\/fr\/wp-json\/wp\/v2\/pages\/1402\/revisions\/7228"}],"wp:attachment":[{"href":"https:\/\/plurifor.iefc.net\/fr\/wp-json\/wp\/v2\/media?parent=1402"}],"curies":[{"name":"wp","href":"https:\/\/api.w.org\/{rel}","templated":true}]}}