{"id":1409,"date":"2017-11-21T21:52:38","date_gmt":"2017-11-21T18:52:38","guid":{"rendered":"https:\/\/plurifor.iefc.net\/eucalyptus-weevil\/"},"modified":"2019-07-09T12:42:16","modified_gmt":"2019-07-09T09:42:16","slug":"charancon-de-leucalyptus","status":"publish","type":"page","link":"https:\/\/plurifor.iefc.net\/fr\/charancon-de-leucalyptus\/","title":{"rendered":"Charan\u00e7on de l\u2019eucalyptus"},"content":{"rendered":"<div class=\"fusion-fullwidth fullwidth-box fusion-builder-row-1 nonhundred-percent-fullwidth non-hundred-percent-height-scrolling\" style=\"--awb-border-radius-top-left:0px;--awb-border-radius-top-right:0px;--awb-border-radius-bottom-right:0px;--awb-border-radius-bottom-left:0px;--awb-flex-wrap:wrap;\" ><div class=\"fusion-builder-row fusion-row\"><div class=\"fusion-layout-column fusion_builder_column fusion-builder-column-0 fusion_builder_column_1_1 1_1 fusion-one-full fusion-column-first fusion-column-last\" style=\"--awb-bg-size:cover;--awb-margin-bottom:0px;\"><div class=\"fusion-column-wrapper fusion-flex-column-wrapper-legacy\"><div class=\"fusion-text fusion-text-1\"><\/div><div class=\"fusion-text fusion-text-2\"><p><img decoding=\"async\" class=\"size-thumbnail wp-image-1325 alignleft\" src=\"https:\/\/plurifor.iefc.net\/wp-content\/uploads\/2017\/11\/gorgojo_del_eucalipto_min-1-150x150.jpg\" alt=\"\" width=\"150\" height=\"150\" srcset=\"https:\/\/plurifor.iefc.net\/wp-content\/uploads\/2017\/11\/gorgojo_del_eucalipto_min-1-66x66.jpg 66w, https:\/\/plurifor.iefc.net\/wp-content\/uploads\/2017\/11\/gorgojo_del_eucalipto_min-1-150x150.jpg 150w, https:\/\/plurifor.iefc.net\/wp-content\/uploads\/2017\/11\/gorgojo_del_eucalipto_min-1-200x200.jpg 200w, https:\/\/plurifor.iefc.net\/wp-content\/uploads\/2017\/11\/gorgojo_del_eucalipto_min-1-300x300.jpg 300w, https:\/\/plurifor.iefc.net\/wp-content\/uploads\/2017\/11\/gorgojo_del_eucalipto_min-1-400x400.jpg 400w, https:\/\/plurifor.iefc.net\/wp-content\/uploads\/2017\/11\/gorgojo_del_eucalipto_min-1.jpg 500w\" sizes=\"(max-width: 150px) 100vw, 150px\" \/><\/p>\n<p>Le charan\u00e7on de l&#8217;eucalyptus (<em>Gonipterus<\/em> <em>scutellatus<\/em>) est un col\u00e9opt\u00e8re qui d\u00e9folie les eucalyptus. Il se nourrit de feuilles et de jeunes pousses. La femelle adulte pond des \u0153ufs sur les nouvelles feuilles. Les d\u00e9foliations s\u00e9v\u00e8res peuvent provoquer l&#8217;arr\u00eat de croissance voire la mortalit\u00e9 des arbres.<\/p>\n<\/div><div class=\"fusion-sep-clear\"><\/div><div class=\"fusion-separator fusion-full-width-sep\" style=\"margin-left: auto;margin-right: auto;width:100%;\"><div class=\"fusion-separator-border sep-shadow\" style=\"--awb-height:20px;--awb-amount:20px;background:radial-gradient(ellipse at 50% -50% , #e0dede 0px, rgba(255, 255, 255, 0) 80%) repeat scroll 0 0 rgba(0, 0, 0, 0);background:-webkit-radial-gradient(ellipse at 50% -50% , #e0dede 0px, rgba(255, 255, 255, 0) 80%) repeat scroll 0 0 rgba(0, 0, 0, 0);background:-moz-radial-gradient(ellipse at 50% -50% , #e0dede 0px, rgba(255, 255, 255, 0) 80%) repeat scroll 0 0 rgba(0, 0, 0, 0);background:-o-radial-gradient(ellipse at 50% -50% , #e0dede 0px, rgba(255, 255, 255, 0) 80%) repeat scroll 0 0 rgba(0, 0, 0, 0);\"><\/div><\/div><div class=\"fusion-sep-clear\"><\/div><div class=\"fusion-clearfix\"><\/div><\/div><\/div><div class=\"fusion-layout-column fusion_builder_column fusion-builder-column-1 fusion_builder_column_1_1 1_1 fusion-one-full fusion-column-first fusion-column-last\" style=\"--awb-bg-size:cover;--awb-margin-bottom:0px;\"><div class=\"fusion-column-wrapper fusion-flex-column-wrapper-legacy\"><div class=\"fusion-text fusion-text-3\"><h2 style=\"font-size: 28px;\">Plans de gestion des risques et outils<\/h2>\n<\/div><div class=\"fusion-text fusion-text-4\"><p><a href=\"https:\/\/plurifor.iefc.net\/wp-content\/uploads\/WP4\/E411-EucalyptusWeevil.pdf\">Plan de gestion du charan\u00e7on de l&#8217;eucalyptus au Portugal V2<\/a>\u00a0(PT)<\/p>\n<p><a href=\"https:\/\/plurifor.iefc.net\/wp-content\/uploads\/WP2\/plans\/Gonipterus-platensis-risk-plan_PT.pdf\">Plan de gestion du charan\u00e7on de l&#8217;eucalyptus au Portugal V1<\/a>\u00a0(PT)<\/p>\n<p><a href=\"https:\/\/plurifor.iefc.net\/wp-content\/uploads\/WP2\/plans\/Gonipterus-platensis-risk-plan_ES.pdf\">Plan de gestion du charan\u00e7on de l&#8217;eucalyptus au nord de l&#8217;Espagne<\/a>\u00a0(ES)<\/p>\n<p><a href=\"https:\/\/plurifor.iefc.net\/fr\/outils-de-gestion-de-du-charancon-de-leucalyptus\/\">Outils<\/a><\/p>\n<\/div><div class=\"fusion-sep-clear\"><\/div><div class=\"fusion-separator fusion-full-width-sep\" style=\"margin-left: auto;margin-right: auto;width:100%;\"><div class=\"fusion-separator-border sep-shadow\" style=\"--awb-height:20px;--awb-amount:20px;background:radial-gradient(ellipse at 50% -50% , #e0dede 0px, rgba(255, 255, 255, 0) 80%) repeat scroll 0 0 rgba(0, 0, 0, 0);background:-webkit-radial-gradient(ellipse at 50% -50% , #e0dede 0px, rgba(255, 255, 255, 0) 80%) repeat scroll 0 0 rgba(0, 0, 0, 0);background:-moz-radial-gradient(ellipse at 50% -50% , #e0dede 0px, rgba(255, 255, 255, 0) 80%) repeat scroll 0 0 rgba(0, 0, 0, 0);background:-o-radial-gradient(ellipse at 50% -50% , #e0dede 0px, rgba(255, 255, 255, 0) 80%) repeat scroll 0 0 rgba(0, 0, 0, 0);\"><\/div><\/div><div class=\"fusion-sep-clear\"><\/div><div class=\"fusion-clearfix\"><\/div><\/div><\/div><div class=\"fusion-layout-column fusion_builder_column fusion-builder-column-2 fusion_builder_column_1_1 1_1 fusion-one-full fusion-column-first fusion-column-last\" style=\"--awb-bg-size:cover;--awb-margin-bottom:0px;\"><div class=\"fusion-column-wrapper fusion-flex-column-wrapper-legacy\"><div class=\"fusion-text fusion-text-5\"><h2 style=\"font-size: 28px;\">Atelier sur le risque charan\u00e7on de l\u2019eucalyptus 3: <em>Diffusion du plan de gestion<\/em><\/h2>\n<\/div><div class=\"fusion-text fusion-text-6\"><p>21 Mars 2019 \u00e0 Pontevedra (Espagne)<\/p>\n<p><a href=\"https:\/\/plurifor.iefc.net\/wp-content\/uploads\/WP4\/Deliv-421_Eucalyptus-weevil.pdf\">Proc\u00e8s-verbal<\/a><\/p>\n<p>1 Mars 2019 \u00e0 Lous\u00e3 et\u00a026 F\u00e9vrier \u00e0 Oeiras (Portugal)<\/p>\n<p><a href=\"https:\/\/plurifor.iefc.net\/wp-content\/uploads\/WP4\/Deliv-431_Eucalyptus-weevil.pdf\">Proc\u00e8s-verbal<\/a><\/p>\n<\/div><div class=\"fusion-text fusion-text-7\"><h2 style=\"font-size: 28px;\">Atelier sur le risque charan\u00e7on de l\u2019eucalyptus 2: <em>Evaluation du plan de gestion<\/em><\/h2>\n<\/div><div class=\"fusion-text fusion-text-8\"><p><a href=\"https:\/\/plurifor.iefc.net\/wp-content\/uploads\/WP3\/Deliv311_eucalyptus_weevil.pdf\">Proc\u00e8s-verbal<\/a>\u00a0(EN)<\/p>\n<p><a href=\"https:\/\/plurifor.iefc.net\/wp-content\/uploads\/WP3\/Deliv321_eucalyptus-weevil_Asturias-1.xlsx\">Evaluation \u00e9conomique du plan<\/a>\u00a0(Asturias)<\/p>\n<p><a href=\"https:\/\/plurifor.iefc.net\/wp-content\/uploads\/WP3\/Deliv321_eucalyptus-weevil_Cantabria-1.xlsx\">Evaluation \u00e9conomique du plan<\/a>\u00a0(Cantabrie)<\/p>\n<p><a href=\"https:\/\/plurifor.iefc.net\/wp-content\/uploads\/WP3\/Deliv321_eucalyptus-weevil_Portugal-1.xlsx\">Evaluation \u00e9conomique du plan<\/a>\u00a0(Portugal)<\/p>\n<\/div><div class=\"fusion-text fusion-text-9\"><h2 style=\"font-size: 28px;\">Atelier sur le risque charan\u00e7on de l\u2019eucalyptus 1: <em>Outils de suivi de d\u00e9foliation<\/em><\/h2>\n<\/div><div class=\"fusion-text fusion-text-10\"><p>4 Octobre 2017 \u00e0 Eixo (Portugal)<\/p>\n<p>Cet atelier fait partie d\u2019une s\u00e9rie d\u2019ateliers transnationaux organis\u00e9s par le projet PLURIFOR. Ils visent un \u00e9change de savoir-faire sur la gestion des risques forestiers entre les partenaires et les partenaires associ\u00e9s au projet.<\/p>\n<p><a href=\"https:\/\/plurifor.iefc.net\/wp-content\/uploads\/WP2\/workshop_material\/plurifor_gonipterus_workshop_agenda_aveiro_04-10-2017_v3.pdf\">Ordre du jour<\/a><\/p>\n<p><a title=\"Minutes of the eucalyptus weevil workshop\" href=\"https:\/\/plurifor.iefc.net\/wp-content\/uploads\/WP2\/2.1.1\/Gonipterus\/Eucalyptus-weevil-workshop-minutes.pdf\">Proc\u00e8s-verbal<\/a><\/p>\n<p><a href=\"\/?page_id=3845\">Pr\u00e9sentations<\/a><\/p>\n<\/div><div class=\"fusion-sep-clear\"><\/div><div class=\"fusion-separator fusion-full-width-sep\" style=\"margin-left: auto;margin-right: auto;width:100%;\"><div class=\"fusion-separator-border sep-shadow\" style=\"--awb-height:20px;--awb-amount:20px;background:radial-gradient(ellipse at 50% -50% , #e0dede 0px, rgba(255, 255, 255, 0) 80%) repeat scroll 0 0 rgba(0, 0, 0, 0);background:-webkit-radial-gradient(ellipse at 50% -50% , #e0dede 0px, rgba(255, 255, 255, 0) 80%) repeat scroll 0 0 rgba(0, 0, 0, 0);background:-moz-radial-gradient(ellipse at 50% -50% , #e0dede 0px, rgba(255, 255, 255, 0) 80%) repeat scroll 0 0 rgba(0, 0, 0, 0);background:-o-radial-gradient(ellipse at 50% -50% , #e0dede 0px, rgba(255, 255, 255, 0) 80%) repeat scroll 0 0 rgba(0, 0, 0, 0);\"><\/div><\/div><div class=\"fusion-sep-clear\"><\/div><div class=\"fusion-clearfix\"><\/div><\/div><\/div><div class=\"fusion-layout-column fusion_builder_column fusion-builder-column-3 fusion_builder_column_1_1 1_1 fusion-one-full fusion-column-first fusion-column-last\" style=\"--awb-bg-size:cover;--awb-margin-bottom:0px;\"><div class=\"fusion-column-wrapper fusion-flex-column-wrapper-legacy\"><div class=\"fusion-text fusion-text-11\"><h2 style=\"font-size: 28px;\">Livrables<\/h2>\n<\/div><div class=\"fusion-text fusion-text-12\"><h3>Rapports r\u00e9gionaux<\/h3>\n<p>Rapports de gestion du risque charan\u00e7on de l&#8217;eucalyptus dans les r\u00e9gions cibles au d\u00e9but du projet, en 2016:<\/p>\n<ul>\n<li><a title=\"Forest risk management in Asturias (2016)\" href=\"https:\/\/plurifor.iefc.net\/wp-content\/uploads\/WP1\/1.2.1\/Asturias\/WP1_Asturias.pdf\">Gestion du risque forestier en Asturies (2016)<\/a>\u00a0(ES)<\/li>\n<li><a title=\"Forest risk management in Cantabria (2016)\" href=\"https:\/\/plurifor.iefc.net\/wp-content\/uploads\/WP1\/1.2.1\/Cantabria\/WP1_Cantabria.pdf\">Gestion du risque forestier en Cantabrie (2016)<\/a> (ES)<\/li>\n<li><a title=\"Forest risk management in Portugal (2016)\" href=\"https:\/\/plurifor.iefc.net\/wp-content\/uploads\/WP1\/1.2.1\/Portugal\/WP1_Portugal.pdf\">Gestion du risque forestier au Portugal (2016)<\/a> (PT)<\/li>\n<\/ul>\n<h3>Rapport de synth\u00e8se<\/h3>\n<p>Rapport de gestion de huit risques dans les r\u00e9gions cibles au d\u00e9but du projet, en 2016:<\/p>\n<ul>\n<li><a title=\"Summary report: risk management before the PLURIFOR project (2016)\" href=\"https:\/\/plurifor.iefc.net\/wp-content\/uploads\/WP1\/1.2.2\/WP1-Summary-report-FINAL.pdf\">Rapport de synth\u00e8se (2016)<\/a>\u00a0(EN)<\/li>\n<\/ul>\n<\/div><div class=\"fusion-sep-clear\"><\/div><div class=\"fusion-separator fusion-full-width-sep\" style=\"margin-left: auto;margin-right: auto;width:100%;\"><div class=\"fusion-separator-border sep-shadow\" style=\"--awb-height:20px;--awb-amount:20px;background:radial-gradient(ellipse at 50% -50% , #e0dede 0px, rgba(255, 255, 255, 0) 80%) repeat scroll 0 0 rgba(0, 0, 0, 0);background:-webkit-radial-gradient(ellipse at 50% -50% , #e0dede 0px, rgba(255, 255, 255, 0) 80%) repeat scroll 0 0 rgba(0, 0, 0, 0);background:-moz-radial-gradient(ellipse at 50% -50% , #e0dede 0px, rgba(255, 255, 255, 0) 80%) repeat scroll 0 0 rgba(0, 0, 0, 0);background:-o-radial-gradient(ellipse at 50% -50% , #e0dede 0px, rgba(255, 255, 255, 0) 80%) repeat scroll 0 0 rgba(0, 0, 0, 0);\"><\/div><\/div><div class=\"fusion-sep-clear\"><\/div><div class=\"fusion-clearfix\"><\/div><\/div><\/div><div class=\"fusion-layout-column fusion_builder_column fusion-builder-column-4 fusion_builder_column_1_1 1_1 fusion-one-full fusion-column-first fusion-column-last\" style=\"--awb-bg-size:cover;--awb-margin-bottom:0px;\"><div class=\"fusion-column-wrapper fusion-flex-column-wrapper-legacy\"><div class=\"fusion-text fusion-text-13\"><h2 style=\"font-size: 28px;\">Contacts<\/h2>\n<\/div><div class=\"fusion-text fusion-text-14\"><ul>\n<li><strong>Portugal<\/strong>:\u00a0Manuela Branco (ISA) &#8211; mrbranco @ isa.ulisboa.pt &#8211; coordonnateur<\/li>\n<li><strong>Asturies<\/strong>: Juan Majada (CETEMAS) &#8211; jmajada @ cetemas.es<\/li>\n<li><strong>Cantabrie<\/strong>: Julio Diez (UVa) &#8211; jdcasero @ pvs.uva.es<\/li>\n<\/ul>\n<\/div><div class=\"fusion-clearfix\"><\/div><\/div><\/div><\/div><\/div>\n","protected":false},"excerpt":{"rendered":"","protected":false},"author":3,"featured_media":0,"parent":0,"menu_order":0,"comment_status":"closed","ping_status":"closed","template":"","meta":[],"_links":{"self":[{"href":"https:\/\/plurifor.iefc.net\/fr\/wp-json\/wp\/v2\/pages\/1409"}],"collection":[{"href":"https:\/\/plurifor.iefc.net\/fr\/wp-json\/wp\/v2\/pages"}],"about":[{"href":"https:\/\/plurifor.iefc.net\/fr\/wp-json\/wp\/v2\/types\/page"}],"author":[{"embeddable":true,"href":"https:\/\/plurifor.iefc.net\/fr\/wp-json\/wp\/v2\/users\/3"}],"replies":[{"embeddable":true,"href":"https:\/\/plurifor.iefc.net\/fr\/wp-json\/wp\/v2\/comments?post=1409"}],"version-history":[{"count":114,"href":"https:\/\/plurifor.iefc.net\/fr\/wp-json\/wp\/v2\/pages\/1409\/revisions"}],"predecessor-version":[{"id":7440,"href":"https:\/\/plurifor.iefc.net\/fr\/wp-json\/wp\/v2\/pages\/1409\/revisions\/7440"}],"wp:attachment":[{"href":"https:\/\/plurifor.iefc.net\/fr\/wp-json\/wp\/v2\/media?parent=1409"}],"curies":[{"name":"wp","href":"https:\/\/api.w.org\/{rel}","templated":true}]}}