{"id":1429,"date":"2017-11-21T21:51:54","date_gmt":"2017-11-21T18:51:54","guid":{"rendered":"https:\/\/plurifor.iefc.net\/pinewood-nematode\/"},"modified":"2019-07-29T15:46:17","modified_gmt":"2019-07-29T12:46:17","slug":"nematode-du-pin","status":"publish","type":"page","link":"https:\/\/plurifor.iefc.net\/fr\/nematode-du-pin\/","title":{"rendered":"N\u00e9matode du pin"},"content":{"rendered":"<div class=\"fusion-fullwidth fullwidth-box fusion-builder-row-1 nonhundred-percent-fullwidth non-hundred-percent-height-scrolling\" style=\"--awb-border-radius-top-left:0px;--awb-border-radius-top-right:0px;--awb-border-radius-bottom-right:0px;--awb-border-radius-bottom-left:0px;--awb-flex-wrap:wrap;\" ><div class=\"fusion-builder-row fusion-row\"><div class=\"fusion-layout-column fusion_builder_column fusion-builder-column-0 fusion_builder_column_1_1 1_1 fusion-one-full fusion-column-first fusion-column-last\" style=\"--awb-bg-size:cover;--awb-margin-bottom:0px;\"><div class=\"fusion-column-wrapper fusion-flex-column-wrapper-legacy\"><div class=\"fusion-text fusion-text-1\"><\/div><div class=\"fusion-text fusion-text-2\"><p><img decoding=\"async\" class=\"size-thumbnail wp-image-1332 alignleft\" src=\"https:\/\/plurifor.iefc.net\/wp-content\/uploads\/2017\/11\/nematodo_de_la_madera_del_pino_min-2-150x150.jpg\" alt=\"\" width=\"150\" height=\"150\" srcset=\"https:\/\/plurifor.iefc.net\/wp-content\/uploads\/2017\/11\/nematodo_de_la_madera_del_pino_min-2-66x66.jpg 66w, https:\/\/plurifor.iefc.net\/wp-content\/uploads\/2017\/11\/nematodo_de_la_madera_del_pino_min-2-150x150.jpg 150w, https:\/\/plurifor.iefc.net\/wp-content\/uploads\/2017\/11\/nematodo_de_la_madera_del_pino_min-2-200x200.jpg 200w, https:\/\/plurifor.iefc.net\/wp-content\/uploads\/2017\/11\/nematodo_de_la_madera_del_pino_min-2-300x300.jpg 300w, https:\/\/plurifor.iefc.net\/wp-content\/uploads\/2017\/11\/nematodo_de_la_madera_del_pino_min-2-400x400.jpg 400w, https:\/\/plurifor.iefc.net\/wp-content\/uploads\/2017\/11\/nematodo_de_la_madera_del_pino_min-2.jpg 500w\" sizes=\"(max-width: 150px) 100vw, 150px\" \/><\/p>\n<p>Le n\u00e9matode du pin (<em>Bursaphelenchus xylophilus xylophilus<\/em>) envahit les tiges et les branches des pins o\u00f9 il induit un fl\u00e9trissement g\u00e9n\u00e9ralis\u00e9 des aiguilles voire la mort de l&#8217;arbre. En Europe, l&#8217;esp\u00e8ce est actuellement\u00a0pr\u00e9sente au Portugal mais elle pourrait potentiellement coloniser d&#8217;autres conif\u00e8res et s\u2019\u00e9tendre dans d&#8217;autres pays.<\/p>\n<\/div><div class=\"fusion-sep-clear\"><\/div><div class=\"fusion-separator fusion-full-width-sep\" style=\"margin-left: auto;margin-right: auto;width:100%;\"><div class=\"fusion-separator-border sep-shadow\" style=\"--awb-height:20px;--awb-amount:20px;background:radial-gradient(ellipse at 50% -50% , #e0dede 0px, rgba(255, 255, 255, 0) 80%) repeat scroll 0 0 rgba(0, 0, 0, 0);background:-webkit-radial-gradient(ellipse at 50% -50% , #e0dede 0px, rgba(255, 255, 255, 0) 80%) repeat scroll 0 0 rgba(0, 0, 0, 0);background:-moz-radial-gradient(ellipse at 50% -50% , #e0dede 0px, rgba(255, 255, 255, 0) 80%) repeat scroll 0 0 rgba(0, 0, 0, 0);background:-o-radial-gradient(ellipse at 50% -50% , #e0dede 0px, rgba(255, 255, 255, 0) 80%) repeat scroll 0 0 rgba(0, 0, 0, 0);\"><\/div><\/div><div class=\"fusion-sep-clear\"><\/div><div class=\"fusion-clearfix\"><\/div><\/div><\/div><div class=\"fusion-layout-column fusion_builder_column fusion-builder-column-1 fusion_builder_column_1_1 1_1 fusion-one-full fusion-column-first fusion-column-last\" style=\"--awb-bg-size:cover;--awb-margin-bottom:0px;\"><div class=\"fusion-column-wrapper fusion-flex-column-wrapper-legacy\"><div class=\"fusion-text fusion-text-3\"><h2 style=\"font-size: 28px;\">Plans de gestion des risques et outils<\/h2>\n<\/div><div class=\"fusion-text fusion-text-4\"><p><a href=\"https:\/\/plurifor.iefc.net\/wp-content\/uploads\/WP4\/411_PWN.pdf\">Plan national de lutte contre le n\u00e9matode du pin au Portugal<\/a> (PT)<\/p>\n<p><a href=\"https:\/\/plurifor.iefc.net\/wp-content\/uploads\/WP2\/plans\/Pinewood-nematode-risk-plan_ES.pdf\">Plan de contingence du n\u00e9matode de pin \u00e0 Castille-et-Le\u00f3n V1<\/a> (ES)<\/p>\n<p><a href=\"https:\/\/plurifor.iefc.net\/wp-content\/uploads\/WP4\/E411_Pinewood-nematode-risk-plan_final_ES.pdf\">Plan de contingence du n\u00e9matode de pin \u00e0 Castille-et-Le\u00f3n V2<\/a> (ES)<\/p>\n<p><a href=\"https:\/\/plurifor.iefc.net\/fr\/outils-de-gestion-du-nematode-du-pin\/\">Outils<\/a><\/p>\n<\/div><div class=\"fusion-sep-clear\"><\/div><div class=\"fusion-separator fusion-full-width-sep\" style=\"margin-left: auto;margin-right: auto;width:100%;\"><div class=\"fusion-separator-border sep-shadow\" style=\"--awb-height:20px;--awb-amount:20px;background:radial-gradient(ellipse at 50% -50% , #e0dede 0px, rgba(255, 255, 255, 0) 80%) repeat scroll 0 0 rgba(0, 0, 0, 0);background:-webkit-radial-gradient(ellipse at 50% -50% , #e0dede 0px, rgba(255, 255, 255, 0) 80%) repeat scroll 0 0 rgba(0, 0, 0, 0);background:-moz-radial-gradient(ellipse at 50% -50% , #e0dede 0px, rgba(255, 255, 255, 0) 80%) repeat scroll 0 0 rgba(0, 0, 0, 0);background:-o-radial-gradient(ellipse at 50% -50% , #e0dede 0px, rgba(255, 255, 255, 0) 80%) repeat scroll 0 0 rgba(0, 0, 0, 0);\"><\/div><\/div><div class=\"fusion-sep-clear\"><\/div><div class=\"fusion-clearfix\"><\/div><\/div><\/div><div class=\"fusion-layout-column fusion_builder_column fusion-builder-column-2 fusion_builder_column_1_1 1_1 fusion-one-full fusion-column-first fusion-column-last\" style=\"--awb-bg-size:cover;--awb-margin-bottom:0px;\"><div class=\"fusion-column-wrapper fusion-flex-column-wrapper-legacy\"><div class=\"fusion-text fusion-text-5\"><div class=\"fusion-text\">\n<div class=\"fusion-text\">\n<h2>Atelier sur le risque de n\u00e9matode de pin 3: <em>Diffusion du plan de gestion<\/em><\/h2>\n<\/div>\n<\/div>\n<\/div><div class=\"fusion-text fusion-text-6\"><p><a href=\"\/?page_id=7634\">Pr\u00e9sentations<\/a><\/p>\n<\/div><div class=\"fusion-text fusion-text-7\"><p><a href=\"https:\/\/plurifor.iefc.net\/wp-content\/uploads\/WP4\/E421_PWN.pdf\">Proc\u00e8s-verbal<\/a>\u00a0(FR)<\/p>\n<\/div><div class=\"fusion-text fusion-text-8\"><div class=\"fusion-text\">\n<h2>Atelier sur le risque de n\u00e9matode de pin 2:\u00a0<em>Evaluation du plan de gestion<\/em><\/h2>\n<\/div>\n<div class=\"fusion-text\"><\/div>\n<\/div><div class=\"fusion-text fusion-text-9\"><p>14 Mars 2019 \u00e0 Cestas (France)<\/p>\n<p><a href=\"https:\/\/plurifor.iefc.net\/wp-content\/uploads\/WP4\/E321_PWN_France.xlsx\">Evaluation \u00e9conomique du plan<\/a> (EN)<\/p>\n<\/div><div class=\"fusion-text fusion-text-10\"><p>20 Novembre 2018 \u00e0 Santa Ana (Espagne)<\/p>\n<p><a href=\"https:\/\/plurifor.iefc.net\/wp-content\/uploads\/WP3\/E311_pinewood-nematode.pdf\">Proc\u00e8s-verbal<\/a>\u00a0(ES)<\/p>\n<p>Evaluation \u00e9conomique du plan<\/p>\n<\/div><div class=\"fusion-text fusion-text-11\"><div class=\"fusion-text\">\n<h2>Atelier sur le risque de n\u00e9matode de pin 1: <em>Vers une m\u00e9thode de d\u00e9tection d&#8217;alerte pr\u00e9coce<\/em><\/h2>\n<\/div>\n<\/div><div class=\"fusion-text fusion-text-12\"><p>26 Janvier 2018 \u00e0 Oeiras (Portugal).<\/p>\n<p>Cet atelier fait partie d\u2019une s\u00e9rie d\u2019ateliers transnationaux organis\u00e9s par le projet PLURIFOR. Ils visent un \u00e9change de savoir-faire sur la gestion des risques forestiers entre les partenaires et les partenaires associ\u00e9s au projet.<\/p>\n<p><a href=\"https:\/\/plurifor.iefc.net\/wp-content\/uploads\/WP2\/workshop_material\/pine_wood_nematode_workshop_agenda_26-january-2018_2.pdf\">Ordre du jour<\/a><\/p>\n<p><a title=\"Minutes of the pine wood nematode risk workshop\" href=\"https:\/\/plurifor.iefc.net\/wp-content\/uploads\/WP2\/2.1.1\/PWN\/PWN-workshop-minutes.pdf\">Proc\u00e8s-verbal<\/a><\/p>\n<p><a href=\"\/?page_id=7634\">Pr\u00e9sentations<\/a><\/p>\n<\/div><div class=\"fusion-sep-clear\"><\/div><div class=\"fusion-separator fusion-full-width-sep\" style=\"margin-left: auto;margin-right: auto;width:100%;\"><div class=\"fusion-separator-border sep-shadow\" style=\"--awb-height:20px;--awb-amount:20px;background:radial-gradient(ellipse at 50% -50% , #e0dede 0px, rgba(255, 255, 255, 0) 80%) repeat scroll 0 0 rgba(0, 0, 0, 0);background:-webkit-radial-gradient(ellipse at 50% -50% , #e0dede 0px, rgba(255, 255, 255, 0) 80%) repeat scroll 0 0 rgba(0, 0, 0, 0);background:-moz-radial-gradient(ellipse at 50% -50% , #e0dede 0px, rgba(255, 255, 255, 0) 80%) repeat scroll 0 0 rgba(0, 0, 0, 0);background:-o-radial-gradient(ellipse at 50% -50% , #e0dede 0px, rgba(255, 255, 255, 0) 80%) repeat scroll 0 0 rgba(0, 0, 0, 0);\"><\/div><\/div><div class=\"fusion-sep-clear\"><\/div><div class=\"fusion-sep-clear\"><\/div><div class=\"fusion-separator fusion-full-width-sep\" style=\"margin-left: auto;margin-right: auto;width:100%;\"><div class=\"fusion-separator-border sep-shadow\" style=\"--awb-height:20px;--awb-amount:20px;background:radial-gradient(ellipse at 50% -50% , #e0dede 0px, rgba(255, 255, 255, 0) 80%) repeat scroll 0 0 rgba(0, 0, 0, 0);background:-webkit-radial-gradient(ellipse at 50% -50% , #e0dede 0px, rgba(255, 255, 255, 0) 80%) repeat scroll 0 0 rgba(0, 0, 0, 0);background:-moz-radial-gradient(ellipse at 50% -50% , #e0dede 0px, rgba(255, 255, 255, 0) 80%) repeat scroll 0 0 rgba(0, 0, 0, 0);background:-o-radial-gradient(ellipse at 50% -50% , #e0dede 0px, rgba(255, 255, 255, 0) 80%) repeat scroll 0 0 rgba(0, 0, 0, 0);\"><\/div><\/div><div class=\"fusion-sep-clear\"><\/div><div class=\"fusion-clearfix\"><\/div><\/div><\/div><div class=\"fusion-layout-column fusion_builder_column fusion-builder-column-3 fusion_builder_column_1_1 1_1 fusion-one-full fusion-column-first fusion-column-last\" style=\"--awb-bg-size:cover;--awb-margin-bottom:0px;\"><div class=\"fusion-column-wrapper fusion-flex-column-wrapper-legacy\"><div class=\"fusion-text fusion-text-13\"><h2 style=\"font-size: 28px;\">Livrables<\/h2>\n<\/div><div class=\"fusion-text fusion-text-14\"><h3>Rapports r\u00e9gionaux<\/h3>\n<p>Rapports de gestion de risque du n\u00e9matode du pin dans les r\u00e9gions cibles au d\u00e9but du projet, en 2016:<\/p>\n<ul>\n<li><a title=\"Forest risk management in Aquitaine (2016)\" href=\"https:\/\/plurifor.iefc.net\/wp-content\/uploads\/WP1\/1.2.1\/Aquitaine\/WP1_Aquitaine.pdf\">Gestion du risque forestier en Aquitaine (2016)<\/a><\/li>\n<li><a title=\"Forest risk management in the Basque Country (2016)\" href=\"https:\/\/plurifor.iefc.net\/wp-content\/uploads\/WP1\/1.2.1\/Euskadi\/WP1_Euskadi.pdf\">Gestion du risque forestier en pays basque (2016)<\/a>\u00a0(ES)<\/li>\n<li><a title=\"Forest risk management in Portugal (2016)\" href=\"https:\/\/plurifor.iefc.net\/wp-content\/uploads\/WP1\/1.2.1\/Portugal\/WP1_Portugal.pdf\">Gestion du risque forestier au Portugal (2016)<\/a>\u00a0(PT)<\/li>\n<\/ul>\n<h3>Rapport de synth\u00e8se<\/h3>\n<p>Rapport de gestion de huit risques dans les r\u00e9gions cibles au d\u00e9but du projet, en 2016:<\/p>\n<ul>\n<li><a title=\"Summary report: risk management before the PLURIFOR project (2016)\" href=\"https:\/\/plurifor.iefc.net\/wp-content\/uploads\/WP1\/1.2.2\/WP1-Summary-report-FINAL.pdf\">Rapport de synth\u00e8se (2016)\u00a0<\/a>(EN)<\/li>\n<\/ul>\n<\/div><div class=\"fusion-sep-clear\"><\/div><div class=\"fusion-separator fusion-full-width-sep\" style=\"margin-left: auto;margin-right: auto;width:100%;\"><div class=\"fusion-separator-border sep-shadow\" style=\"--awb-height:20px;--awb-amount:20px;background:radial-gradient(ellipse at 50% -50% , #e0dede 0px, rgba(255, 255, 255, 0) 80%) repeat scroll 0 0 rgba(0, 0, 0, 0);background:-webkit-radial-gradient(ellipse at 50% -50% , #e0dede 0px, rgba(255, 255, 255, 0) 80%) repeat scroll 0 0 rgba(0, 0, 0, 0);background:-moz-radial-gradient(ellipse at 50% -50% , #e0dede 0px, rgba(255, 255, 255, 0) 80%) repeat scroll 0 0 rgba(0, 0, 0, 0);background:-o-radial-gradient(ellipse at 50% -50% , #e0dede 0px, rgba(255, 255, 255, 0) 80%) repeat scroll 0 0 rgba(0, 0, 0, 0);\"><\/div><\/div><div class=\"fusion-sep-clear\"><\/div><div class=\"fusion-clearfix\"><\/div><\/div><\/div><div class=\"fusion-layout-column fusion_builder_column fusion-builder-column-4 fusion_builder_column_1_1 1_1 fusion-one-full fusion-column-first fusion-column-last\" style=\"--awb-bg-size:cover;--awb-margin-bottom:0px;\"><div class=\"fusion-column-wrapper fusion-flex-column-wrapper-legacy\"><div class=\"fusion-text fusion-text-15\"><h2 style=\"font-size: 28px;\">Contacts<\/h2>\n<\/div><div class=\"fusion-text fusion-text-16\"><ul>\n<li><strong>Aquitaine<\/strong>: Herv\u00e9 Jactel (INRA) &#8211;\u00a0herve.jactel @ inra.fr &#8211; coodonnateur<\/li>\n<li><strong>Castilla y Le\u00f3n<\/strong>: Jorge Casado (TRAGSA) &#8211; jcaa @ tragsa.es<\/li>\n<li><strong>Portugal<\/strong>: Edmundo Sousa (INIAV) &#8211; edmundo.sousa @ iniav.pt<\/li>\n<\/ul>\n<\/div><div class=\"fusion-clearfix\"><\/div><\/div><\/div><\/div><\/div>\n","protected":false},"excerpt":{"rendered":"","protected":false},"author":3,"featured_media":0,"parent":0,"menu_order":0,"comment_status":"closed","ping_status":"closed","template":"","meta":[],"_links":{"self":[{"href":"https:\/\/plurifor.iefc.net\/fr\/wp-json\/wp\/v2\/pages\/1429"}],"collection":[{"href":"https:\/\/plurifor.iefc.net\/fr\/wp-json\/wp\/v2\/pages"}],"about":[{"href":"https:\/\/plurifor.iefc.net\/fr\/wp-json\/wp\/v2\/types\/page"}],"author":[{"embeddable":true,"href":"https:\/\/plurifor.iefc.net\/fr\/wp-json\/wp\/v2\/users\/3"}],"replies":[{"embeddable":true,"href":"https:\/\/plurifor.iefc.net\/fr\/wp-json\/wp\/v2\/comments?post=1429"}],"version-history":[{"count":113,"href":"https:\/\/plurifor.iefc.net\/fr\/wp-json\/wp\/v2\/pages\/1429\/revisions"}],"predecessor-version":[{"id":7732,"href":"https:\/\/plurifor.iefc.net\/fr\/wp-json\/wp\/v2\/pages\/1429\/revisions\/7732"}],"wp:attachment":[{"href":"https:\/\/plurifor.iefc.net\/fr\/wp-json\/wp\/v2\/media?parent=1429"}],"curies":[{"name":"wp","href":"https:\/\/api.w.org\/{rel}","templated":true}]}}