{"id":1437,"date":"2017-11-21T21:56:12","date_gmt":"2017-11-21T18:56:12","guid":{"rendered":"https:\/\/plurifor.iefc.net\/storm\/"},"modified":"2019-07-09T11:22:53","modified_gmt":"2019-07-09T08:22:53","slug":"tempetes","status":"publish","type":"page","link":"https:\/\/plurifor.iefc.net\/fr\/tempetes\/","title":{"rendered":"Temp\u00eates"},"content":{"rendered":"<div class=\"fusion-fullwidth fullwidth-box fusion-builder-row-1 nonhundred-percent-fullwidth non-hundred-percent-height-scrolling\" style=\"--awb-border-radius-top-left:0px;--awb-border-radius-top-right:0px;--awb-border-radius-bottom-right:0px;--awb-border-radius-bottom-left:0px;--awb-flex-wrap:wrap;\" ><div class=\"fusion-builder-row fusion-row\"><div class=\"fusion-layout-column fusion_builder_column fusion-builder-column-0 fusion_builder_column_1_1 1_1 fusion-one-full fusion-column-first fusion-column-last\" style=\"--awb-bg-size:cover;--awb-margin-bottom:0px;\"><div class=\"fusion-column-wrapper fusion-flex-column-wrapper-legacy\"><div class=\"fusion-text fusion-text-1\"><\/div><div class=\"fusion-text fusion-text-2\"><p><img decoding=\"async\" class=\"size-thumbnail wp-image-1315 alignleft\" src=\"https:\/\/plurifor.iefc.net\/wp-content\/uploads\/2017\/11\/tormenta_min-1-150x150.jpg\" alt=\"\" width=\"150\" height=\"150\" srcset=\"https:\/\/plurifor.iefc.net\/wp-content\/uploads\/2017\/11\/tormenta_min-1-66x66.jpg 66w, https:\/\/plurifor.iefc.net\/wp-content\/uploads\/2017\/11\/tormenta_min-1-150x150.jpg 150w, https:\/\/plurifor.iefc.net\/wp-content\/uploads\/2017\/11\/tormenta_min-1-200x200.jpg 200w, https:\/\/plurifor.iefc.net\/wp-content\/uploads\/2017\/11\/tormenta_min-1-300x300.jpg 300w, https:\/\/plurifor.iefc.net\/wp-content\/uploads\/2017\/11\/tormenta_min-1-400x400.jpg 400w, https:\/\/plurifor.iefc.net\/wp-content\/uploads\/2017\/11\/tormenta_min-1.jpg 500w\" sizes=\"(max-width: 150px) 100vw, 150px\" \/><\/p>\n<p>En Europe, plus de 50% du volume des d\u00e9g\u00e2ts en for\u00eat sont caus\u00e9s par les temp\u00eates. Or, le risque \u00e9olien s&#8217;accro\u00eet \u00e9galement dans les for\u00eats au nord de l&#8217;Europe jusqu&#8217;\u00e0 pr\u00e9sent \u00e9pargn\u00e9es. Une gestion pr\u00e9ventive et l&#8217;actualisation des cartes de vuln\u00e9rabilit\u00e9 aux temp\u00eates sont importantes pour r\u00e9duire ce risque.<\/p>\n<\/div><div class=\"fusion-sep-clear\"><\/div><div class=\"fusion-separator fusion-full-width-sep\" style=\"margin-left: auto;margin-right: auto;width:100%;\"><div class=\"fusion-separator-border sep-shadow\" style=\"--awb-height:20px;--awb-amount:20px;background:radial-gradient(ellipse at 50% -50% , #e0dede 0px, rgba(255, 255, 255, 0) 80%) repeat scroll 0 0 rgba(0, 0, 0, 0);background:-webkit-radial-gradient(ellipse at 50% -50% , #e0dede 0px, rgba(255, 255, 255, 0) 80%) repeat scroll 0 0 rgba(0, 0, 0, 0);background:-moz-radial-gradient(ellipse at 50% -50% , #e0dede 0px, rgba(255, 255, 255, 0) 80%) repeat scroll 0 0 rgba(0, 0, 0, 0);background:-o-radial-gradient(ellipse at 50% -50% , #e0dede 0px, rgba(255, 255, 255, 0) 80%) repeat scroll 0 0 rgba(0, 0, 0, 0);\"><\/div><\/div><div class=\"fusion-sep-clear\"><\/div><div class=\"fusion-clearfix\"><\/div><\/div><\/div><div class=\"fusion-layout-column fusion_builder_column fusion-builder-column-1 fusion_builder_column_1_1 1_1 fusion-one-full fusion-column-first fusion-column-last\" style=\"--awb-bg-size:cover;--awb-margin-bottom:0px;\"><div class=\"fusion-column-wrapper fusion-flex-column-wrapper-legacy\"><div class=\"fusion-text fusion-text-3\"><h2 style=\"font-size: 28px;\">Plan de gestion des risques et outils<\/h2>\n<\/div><div class=\"fusion-text fusion-text-4\"><p><a href=\"https:\/\/plurifor.iefc.net\/wp-content\/uploads\/WP2\/plans\/Storm-risk-national-plan_FR.pdf\">Plan national de gestion de risque de temp\u00eate en France<\/a>\u00a0(FR)<\/p>\n<p><a href=\"https:\/\/plurifor.iefc.net\/wp-content\/uploads\/WP2\/plans\/Storm-plan_FR.pdf\">Recommandations apport\u00e9es au plan national fran\u00e7ais<\/a>\u00a0(FR)<\/p>\n<p><a href=\"https:\/\/plurifor.iefc.net\/wp-content\/uploads\/WP4\/E411_plan_storm_Euskadi.pdf\">Plan de gestion de risque de temp\u00eate en pays basque V2<\/a>\u00a0(ES)<\/p>\n<p><a href=\"https:\/\/plurifor.iefc.net\/wp-content\/uploads\/WP2\/plans\/storm-risk-plan_ES.pdf\">Plan de gestion de risque de temp\u00eate en pays basque V1<\/a>\u00a0(ES)<\/p>\n<p><a href=\"https:\/\/plurifor.iefc.net\/wp-content\/uploads\/WP4\/WindPlansSynthforEuskadi.pdf\">Synth\u00e8se des plans atlantiques pour la gestion du plan de gestion des risques de temp\u00eate<\/a> (ES)<\/p>\n<p><a href=\"https:\/\/plurifor.iefc.net\/fr\/outils\/\">Outils<\/a><\/p>\n<\/div><div class=\"fusion-sep-clear\"><\/div><div class=\"fusion-separator fusion-full-width-sep\" style=\"margin-left: auto;margin-right: auto;width:100%;\"><div class=\"fusion-separator-border sep-shadow\" style=\"--awb-height:20px;--awb-amount:20px;background:radial-gradient(ellipse at 50% -50% , #e0dede 0px, rgba(255, 255, 255, 0) 80%) repeat scroll 0 0 rgba(0, 0, 0, 0);background:-webkit-radial-gradient(ellipse at 50% -50% , #e0dede 0px, rgba(255, 255, 255, 0) 80%) repeat scroll 0 0 rgba(0, 0, 0, 0);background:-moz-radial-gradient(ellipse at 50% -50% , #e0dede 0px, rgba(255, 255, 255, 0) 80%) repeat scroll 0 0 rgba(0, 0, 0, 0);background:-o-radial-gradient(ellipse at 50% -50% , #e0dede 0px, rgba(255, 255, 255, 0) 80%) repeat scroll 0 0 rgba(0, 0, 0, 0);\"><\/div><\/div><div class=\"fusion-sep-clear\"><\/div><div class=\"fusion-clearfix\"><\/div><\/div><\/div><div class=\"fusion-layout-column fusion_builder_column fusion-builder-column-2 fusion_builder_column_1_1 1_1 fusion-one-full fusion-column-first fusion-column-last\" style=\"--awb-bg-size:cover;--awb-margin-bottom:0px;\"><div class=\"fusion-column-wrapper fusion-flex-column-wrapper-legacy\"><div class=\"fusion-text fusion-text-5\"><h2 style=\"font-size: 28px;\">Atelier sur le risque temp\u00eate 4: <em>Diffusion du plan de gestion<\/em><\/h2>\n<\/div><div class=\"fusion-text fusion-text-6\"><p>24 &#8211; 28 Juin 2019 \u00e0 Waterford (Irelande)<\/p>\n<p><a title=\"Forest fire workshop minutes\" href=\"https:\/\/plurifor.iefc.net\/wp-content\/uploads\/WP4\/E421-Storm2-1.pdf\">Proc\u00e8s-verbal <\/a>(EN)<\/p>\n<div class=\"fusion-text\"><\/div>\n<\/div><div class=\"fusion-text fusion-text-7\"><p>7 Juin 2019 \u00e0 Arkaute (Espagne)<\/p>\n<p><a title=\"Forest fire workshop minutes\" href=\"https:\/\/plurifor.iefc.net\/wp-content\/uploads\/WP4\/E421-Storm1.pdf\">Proc\u00e8s-verbal <\/a>(ES)<\/p>\n<div class=\"fusion-text\"><\/div>\n<\/div><div class=\"fusion-text fusion-text-8\"><p>18 F\u00e9vrier 2019 \u00e0 Saugnacq-et-Muret\u00a0(France)<\/p>\n<div class=\"fusion-text\">\n<p><a title=\"Forest fire workshop minutes\" href=\"https:\/\/plurifor.iefc.net\/wp-content\/uploads\/WP4\/E431-Storm.pdf\">Proc\u00e8s-verbal<\/a>\u00a0(EN)<\/p>\n<\/div>\n<div class=\"fusion-text\"><\/div>\n<\/div><div class=\"fusion-text fusion-text-9\"><h2 style=\"font-size: 28px;\">Atelier sur le risque temp\u00eate 3:\u00a0<em> Evaluation du plan de gestion<\/em><\/h2>\n<\/div><div class=\"fusion-text fusion-text-10\"><p>10 D\u00e9cembre 2018 \u00e0 Toki Alai (Espagne)<\/p>\n<div class=\"fusion-text\">\n<p><a title=\"Forest fire workshop minutes\" href=\"https:\/\/plurifor.iefc.net\/wp-content\/uploads\/WP3\/Deliv311_321_wind_BasqueCountry.pdf\">Proc\u00e8s-verbal et \u00e9valuation \u00e9conomique du plan<\/a>\u00a0(EN)<\/p>\n<\/div>\n<div class=\"fusion-text\"><\/div>\n<\/div><div class=\"fusion-text fusion-text-11\"><h2 style=\"font-size: 28px;\">Atelier sur le risque temp\u00eate 2:<em>Echange d&#8217;expertise sur la gestion de risque de temp\u00eate<\/em><\/h2>\n<\/div><div class=\"fusion-text fusion-text-12\"><p>19-20 Avril 2018 en Nouvelle-Aquitaine (France)<\/p>\n<div class=\"fusion-text\">\n<p><a title=\"Forest fire workshop minutes\" href=\"https:\/\/plurifor.iefc.net\/wp-content\/uploads\/WP2\/plans\/Experts-exchange-minutes.pdf\">Proc\u00e8s-verbal<\/a>\u00a0(EN)<\/p>\n<\/div>\n<div class=\"fusion-text\"><\/div>\n<\/div><div class=\"fusion-text fusion-text-13\"><h2 style=\"font-size: 28px;\">Atelier sur le risque temp\u00eate 1:\u00a0<em>Mod\u00e8le de risque \u00e9olien en Euskadi &amp; gestion foresti\u00e8re adapt\u00e9e aux d\u00e9g\u00e2ts \u00e9oliens<\/em><\/h2>\n<\/div><div class=\"fusion-text fusion-text-14\"><p>11-12 Septembre 2017 \u00e0 Galdakao et Eskoriatza\u00a0(Espagne).<\/p>\n<p>Cet atelier fait partie d\u2019une s\u00e9rie d\u2019ateliers transnationaux organis\u00e9s par le projet PLURIFOR. Ils visent un \u00e9change de savoir-faire sur la gestion des risques forestiers entre les partenaires et les partenaires associ\u00e9s au projet.<\/p>\n<p><a href=\"https:\/\/plurifor.iefc.net\/wp-content\/uploads\/WP2\/workshop_material\/plurifor_storm_workshop__agenda_12-09-2017.pdf\">Ordre du jour<\/a><\/p>\n<p><a title=\"Minutes of the storm risk workshop\" href=\"https:\/\/plurifor.iefc.net\/wp-content\/uploads\/WP2\/2.1.1\/Storm\/2.1_Storm-workshop-minutes.pdf\">Proc\u00e8s-verbal<\/a><\/p>\n<p><a href=\"\/?page_id=3892\">Pr\u00e9sentations<\/a><\/p>\n<\/div><div class=\"fusion-sep-clear\"><\/div><div class=\"fusion-separator fusion-full-width-sep\" style=\"margin-left: auto;margin-right: auto;width:100%;\"><div class=\"fusion-separator-border sep-shadow\" style=\"--awb-height:20px;--awb-amount:20px;background:radial-gradient(ellipse at 50% -50% , #e0dede 0px, rgba(255, 255, 255, 0) 80%) repeat scroll 0 0 rgba(0, 0, 0, 0);background:-webkit-radial-gradient(ellipse at 50% -50% , #e0dede 0px, rgba(255, 255, 255, 0) 80%) repeat scroll 0 0 rgba(0, 0, 0, 0);background:-moz-radial-gradient(ellipse at 50% -50% , #e0dede 0px, rgba(255, 255, 255, 0) 80%) repeat scroll 0 0 rgba(0, 0, 0, 0);background:-o-radial-gradient(ellipse at 50% -50% , #e0dede 0px, rgba(255, 255, 255, 0) 80%) repeat scroll 0 0 rgba(0, 0, 0, 0);\"><\/div><\/div><div class=\"fusion-sep-clear\"><\/div><div class=\"fusion-clearfix\"><\/div><\/div><\/div><div class=\"fusion-layout-column fusion_builder_column fusion-builder-column-3 fusion_builder_column_1_1 1_1 fusion-one-full fusion-column-first fusion-column-last\" style=\"--awb-bg-size:cover;--awb-margin-bottom:0px;\"><div class=\"fusion-column-wrapper fusion-flex-column-wrapper-legacy\"><div class=\"fusion-text fusion-text-15\"><h2 style=\"font-size: 28px;\">Livrables<\/h2>\n<\/div><div class=\"fusion-text fusion-text-16\"><h3>Rapports r\u00e9gionaux<\/h3>\n<p>Rapports de gestion de risque de temp\u00eate dans les r\u00e9gions cibles au d\u00e9but du projet, en 2016:<\/p>\n<ul>\n<li><a title=\"Forest risk management in Aquitaine (2016)\" href=\"https:\/\/plurifor.iefc.net\/wp-content\/uploads\/WP1\/1.2.1\/Aquitaine\/WP1_Aquitaine.pdf\">Gestion de risques forestiers en Aquitaine (2016)<\/a><\/li>\n<li><a title=\"Forest risk management in the Basque Country (2016)\" href=\"https:\/\/plurifor.iefc.net\/wp-content\/uploads\/WP1\/1.2.1\/Euskadi\/WP1_Euskadi.pdf\">Gestion de risques forestiers en pays basque (2016)<\/a> (ES)<\/li>\n<\/ul>\n<h3>Rapport de synth\u00e8se<\/h3>\n<p>Rapport de gestion de huit risques dans les r\u00e9gions cibles au d\u00e9but du projet, en 2016:<\/p>\n<ul>\n<li><a title=\"Summary report: risk management before the PLURIFOR project (2016)\" href=\"https:\/\/plurifor.iefc.net\/wp-content\/uploads\/WP1\/1.2.2\/WP1-Summary-report-FINAL.pdf\">Rapport de synth\u00e8se (2016)<\/a> (EN)<\/li>\n<\/ul>\n<\/div><div class=\"fusion-sep-clear\"><\/div><div class=\"fusion-separator fusion-full-width-sep\" style=\"margin-left: auto;margin-right: auto;width:100%;\"><div class=\"fusion-separator-border sep-shadow\" style=\"--awb-height:20px;--awb-amount:20px;background:radial-gradient(ellipse at 50% -50% , #e0dede 0px, rgba(255, 255, 255, 0) 80%) repeat scroll 0 0 rgba(0, 0, 0, 0);background:-webkit-radial-gradient(ellipse at 50% -50% , #e0dede 0px, rgba(255, 255, 255, 0) 80%) repeat scroll 0 0 rgba(0, 0, 0, 0);background:-moz-radial-gradient(ellipse at 50% -50% , #e0dede 0px, rgba(255, 255, 255, 0) 80%) repeat scroll 0 0 rgba(0, 0, 0, 0);background:-o-radial-gradient(ellipse at 50% -50% , #e0dede 0px, rgba(255, 255, 255, 0) 80%) repeat scroll 0 0 rgba(0, 0, 0, 0);\"><\/div><\/div><div class=\"fusion-sep-clear\"><\/div><div class=\"fusion-clearfix\"><\/div><\/div><\/div><div class=\"fusion-layout-column fusion_builder_column fusion-builder-column-4 fusion_builder_column_1_1 1_1 fusion-one-full fusion-column-first fusion-column-last\" style=\"--awb-bg-size:cover;--awb-margin-bottom:0px;\"><div class=\"fusion-column-wrapper fusion-flex-column-wrapper-legacy\"><div class=\"fusion-text fusion-text-17\"><h2 style=\"font-size: 28px;\">Contacts<\/h2>\n<\/div><div class=\"fusion-text fusion-text-18\"><ul>\n<li><strong>Aquitaine<\/strong>: Barry Gardiner (EFI) &#8211; barry.gardiner @ efi.int &#8211; coordonnateur<\/li>\n<li><b>Pays Basque<\/b>: Alejandro Cantero (HAZI) &#8211; acantero @ hazi.eus<\/li>\n<\/ul>\n<\/div><div class=\"fusion-clearfix\"><\/div><\/div><\/div><\/div><\/div>\n","protected":false},"excerpt":{"rendered":"","protected":false},"author":3,"featured_media":0,"parent":0,"menu_order":0,"comment_status":"closed","ping_status":"closed","template":"","meta":[],"_links":{"self":[{"href":"https:\/\/plurifor.iefc.net\/fr\/wp-json\/wp\/v2\/pages\/1437"}],"collection":[{"href":"https:\/\/plurifor.iefc.net\/fr\/wp-json\/wp\/v2\/pages"}],"about":[{"href":"https:\/\/plurifor.iefc.net\/fr\/wp-json\/wp\/v2\/types\/page"}],"author":[{"embeddable":true,"href":"https:\/\/plurifor.iefc.net\/fr\/wp-json\/wp\/v2\/users\/3"}],"replies":[{"embeddable":true,"href":"https:\/\/plurifor.iefc.net\/fr\/wp-json\/wp\/v2\/comments?post=1437"}],"version-history":[{"count":203,"href":"https:\/\/plurifor.iefc.net\/fr\/wp-json\/wp\/v2\/pages\/1437\/revisions"}],"predecessor-version":[{"id":7395,"href":"https:\/\/plurifor.iefc.net\/fr\/wp-json\/wp\/v2\/pages\/1437\/revisions\/7395"}],"wp:attachment":[{"href":"https:\/\/plurifor.iefc.net\/fr\/wp-json\/wp\/v2\/media?parent=1437"}],"curies":[{"name":"wp","href":"https:\/\/api.w.org\/{rel}","templated":true}]}}