{"id":37,"date":"2017-10-26T13:36:15","date_gmt":"2017-10-26T10:36:15","guid":{"rendered":"https:\/\/plurifor.iefc.net\/nouvelles-et-evenements\/"},"modified":"2019-07-09T13:02:08","modified_gmt":"2019-07-09T10:02:08","slug":"nouvelles-et-evenements","status":"publish","type":"page","link":"https:\/\/plurifor.iefc.net\/fr\/nouvelles-et-evenements\/","title":{"rendered":"\u00c9v\u00e9nements"},"content":{"rendered":"<p><div class=\"fusion-fullwidth fullwidth-box fusion-builder-row-1 nonhundred-percent-fullwidth non-hundred-percent-height-scrolling\" style=\"--awb-border-radius-top-left:0px;--awb-border-radius-top-right:0px;--awb-border-radius-bottom-right:0px;--awb-border-radius-bottom-left:0px;--awb-flex-wrap:wrap;\" ><div class=\"fusion-builder-row fusion-row\"><div class=\"fusion-layout-column fusion_builder_column fusion-builder-column-0 fusion_builder_column_1_1 1_1 fusion-one-full fusion-column-first fusion-column-last\" style=\"--awb-bg-size:cover;\"><div class=\"fusion-column-wrapper fusion-flex-column-wrapper-legacy\"><div class=\"fusion-text fusion-text-1\"><h2>\u00c9v\u00e9nements futurs<\/h2>\n<\/div><div class=\"fusion-clearfix\"><\/div><\/div><\/div><\/div><\/div><div class=\"fusion-fullwidth fullwidth-box fusion-builder-row-2 nonhundred-percent-fullwidth non-hundred-percent-height-scrolling\" style=\"--awb-border-radius-top-left:0px;--awb-border-radius-top-right:0px;--awb-border-radius-bottom-right:0px;--awb-border-radius-bottom-left:0px;--awb-flex-wrap:wrap;\" ><div class=\"fusion-builder-row fusion-row\"><div class=\"fusion-layout-column fusion_builder_column fusion-builder-column-1 fusion_builder_column_1_1 1_1 fusion-one-full fusion-column-first fusion-column-last\" style=\"--awb-bg-size:cover;\"><div class=\"fusion-column-wrapper fusion-flex-column-wrapper-legacy\"><div class=\"fusion-text fusion-text-2\"><h2>\u00c9v\u00e9nements pass\u00e9s<\/h2>\n<\/div><div class=\"fusion-content-boxes content-boxes columns row fusion-columns-1 fusion-columns-total-13 fusion-content-boxes-1 content-boxes-timeline-vertical content-left content-boxes-timeline-layout content-boxes-icon-with-title fusion-delayed-animation\" style=\"--awb-title-color:#353535;--awb-iconcolor:#ffffff;--awb-hover-accent-color:#a0ce4e;--awb-circle-hover-accent-color:#a0ce4e;--awb-item-margin-bottom:40px;\" data-animation-delay=\"350\" data-animationOffset=\"top-into-view\"><div style=\"--awb-backgroundcolor:rgba(255,255,255,0);--awb-iconcolor:#ffffff;--awb-content-padding-left:54px;\" class=\"fusion-column content-box-column content-box-column content-box-column-1 col-lg-12 col-md-12 col-sm-12 fusion-content-box-hover content-box-column-last-in-row\"><div class=\"col content-box-wrapper content-wrapper link-area-link-icon link-type-text icon-hover-animation-fade fusion-animated\" data-animationType=\"fadeIn\" data-animationDuration=\"0.25\" data-animationOffset=\"top-into-view\"><div class=\"heading heading-with-icon icon-left\"><a class=\"heading-link\" href=\"\/?page_id=7041\" target=\"_blank\" rel=\"noopener noreferrer\"><div class=\"icon\" style=\"-webkit-animation-duration: 350ms;animation-duration: 350ms;\"><i style=\"border-color:#333333;border-width:0px;background-color:#e91e63;box-sizing:content-box;height:34px;width:34px;line-height:34px;border-radius:50%;font-size:17px;\" aria-hidden=\"true\" class=\"fontawesome-icon fa-star fas circle-yes\"><\/i><\/div><h2 class=\"content-box-heading\" style=\"--h2_typography-font-size:22px;line-height:27px;\">R\u00e9union finale de PLURIFOR (4-5 Juin 2019)<\/h2><\/a><\/div><div class=\"content-box-shortcode-timeline-vertical\" style=\"border-color:#333333;left:32px;top:17px;-webkit-transition-duration: 350ms;animation-duration: 350ms;\"><\/div><\/div><\/div><div style=\"--awb-backgroundcolor:rgba(255,255,255,0);--awb-iconcolor:#ffffff;--awb-content-padding-left:54px;\" class=\"fusion-column content-box-column content-box-column content-box-column-2 col-lg-12 col-md-12 col-sm-12 fusion-content-box-hover content-box-column-last-in-row\"><div class=\"col content-box-wrapper content-wrapper link-area-link-icon link-type-text icon-hover-animation-fade fusion-animated\" data-animationType=\"fadeIn\" data-animationDuration=\"0.25\" data-animationOffset=\"top-into-view\"><div class=\"heading heading-with-icon icon-left\"><a class=\"heading-link\" href=\"\/?page_id=5719\" target=\"_blank\" rel=\"noopener noreferrer\"><div class=\"icon\" style=\"-webkit-animation-duration: 350ms;animation-duration: 350ms;\"><i style=\"border-color:#333333;border-width:0px;background-color:#e91e63;box-sizing:content-box;height:34px;width:34px;line-height:34px;border-radius:50%;font-size:17px;\" aria-hidden=\"true\" class=\"fontawesome-icon fa fa-star circle-yes\"><\/i><\/div><h2 class=\"content-box-heading\" style=\"--h2_typography-font-size:22px;line-height:27px;\">R\u00e9union GT3 de PLURIFOR (7 - 8 Novembre 2018)<\/h2><\/a><\/div><div class=\"content-box-shortcode-timeline-vertical\" style=\"border-color:#333333;left:32px;top:17px;-webkit-transition-duration: 350ms;animation-duration: 350ms;\"><\/div><\/div><\/div><div style=\"--awb-backgroundcolor:rgba(255,255,255,0);--awb-iconcolor:#ffffff;--awb-content-padding-left:54px;\" class=\"fusion-column content-box-column content-box-column content-box-column-3 col-lg-12 col-md-12 col-sm-12 fusion-content-box-hover content-box-column-last-in-row\"><div class=\"col content-box-wrapper content-wrapper link-area-link-icon link-type-text icon-hover-animation-fade fusion-animated\" data-animationType=\"fadeIn\" data-animationDuration=\"0.25\" data-animationOffset=\"top-into-view\"><div class=\"heading heading-with-icon icon-left\"><a class=\"heading-link\" href=\"https:\/\/plurifor.iefc.net\/?page_id=3728&amp;amp;preview=true\" target=\"_blank\" rel=\"noopener noreferrer\"><div class=\"icon\" style=\"-webkit-animation-duration: 350ms;animation-duration: 350ms;\"><i style=\"border-color:#333333;border-width:0px;background-color:#e91e63;box-sizing:content-box;height:34px;width:34px;line-height:34px;border-radius:50%;font-size:17px;\" aria-hidden=\"true\" class=\"fontawesome-icon fa fa-star circle-yes\"><\/i><\/div><h2 class=\"content-box-heading\" style=\"--h2_typography-font-size:22px;line-height:27px;\">S\u00e9minaire scientifique de PLURIFOR : Changement plan\u00e9taire et risques associ\u00e9s (26-28 Juin 2018)<\/h2><\/a><\/div><div class=\"content-box-shortcode-timeline-vertical\" style=\"border-color:#333333;left:32px;top:17px;-webkit-transition-duration: 350ms;animation-duration: 350ms;\"><\/div><\/div><\/div><div style=\"--awb-backgroundcolor:rgba(255,255,255,0);--awb-iconcolor:#ffffff;--awb-content-padding-left:54px;\" class=\"fusion-column content-box-column content-box-column content-box-column-4 col-lg-12 col-md-12 col-sm-12 fusion-content-box-hover content-box-column-last-in-row\"><div class=\"col content-box-wrapper content-wrapper link-area-link-icon link-type-text icon-hover-animation-fade fusion-animated\" data-animationType=\"fadeIn\" data-animationDuration=\"0.25\" data-animationOffset=\"top-into-view\"><div class=\"heading heading-with-icon icon-left\"><a class=\"heading-link\" href=\"https:\/\/plurifor.iefc.net\/fr\/nematode-du-pin\/\" target=\"_blank\" rel=\"noopener noreferrer\"><div class=\"icon\" style=\"-webkit-animation-duration: 350ms;animation-duration: 350ms;\"><i style=\"border-color:#333333;border-width:0px;background-color:#e91e63;box-sizing:content-box;height:34px;width:34px;line-height:34px;border-radius:50%;font-size:17px;\" aria-hidden=\"true\" class=\"fontawesome-icon fa fa-star circle-yes\"><\/i><\/div><h2 class=\"content-box-heading\" style=\"--h2_typography-font-size:22px;line-height:27px;\">Atelier sur le risque du n\u00e9matode du pin (26 Janvier 2018) <\/h2><\/a><\/div><div class=\"content-box-shortcode-timeline-vertical\" style=\"border-color:#333333;left:32px;top:17px;-webkit-transition-duration: 350ms;animation-duration: 350ms;\"><\/div><\/div><\/div><div style=\"--awb-backgroundcolor:rgba(255,255,255,0);--awb-iconcolor:#ffffff;--awb-content-padding-left:54px;\" class=\"fusion-column content-box-column content-box-column content-box-column-5 col-lg-12 col-md-12 col-sm-12 fusion-content-box-hover content-box-column-last-in-row\"><div class=\"col content-box-wrapper content-wrapper link-area-link-icon link-type-text icon-hover-animation-fade fusion-animated\" data-animationType=\"fadeIn\" data-animationDuration=\"0.25\" data-animationOffset=\"top-into-view\"><div class=\"heading heading-with-icon icon-left\"><a class=\"heading-link\" href=\"https:\/\/plurifor.iefc.net\/fr\/ravageurs-et-maladies-emergents\/\" target=\"_self\"><div class=\"icon\" style=\"-webkit-animation-duration: 350ms;animation-duration: 350ms;\"><i style=\"border-color:#333333;border-width:0px;background-color:#e91e63;box-sizing:content-box;height:34px;width:34px;line-height:34px;border-radius:50%;font-size:17px;\" aria-hidden=\"true\" class=\"fontawesome-icon fa fa-star circle-yes\"><\/i><\/div><h2 class=\"content-box-heading\" style=\"--h2_typography-font-size:22px;line-height:27px;\">Atelier sur le risque de ravageurs et maladies \u00e9mergentes (25 Janvier 2018) <\/h2><\/a><\/div><div class=\"content-box-shortcode-timeline-vertical\" style=\"border-color:#333333;left:32px;top:17px;-webkit-transition-duration: 350ms;animation-duration: 350ms;\"><\/div><\/div><\/div><div style=\"--awb-backgroundcolor:rgba(255,255,255,0);--awb-iconcolor:#ffffff;--awb-content-padding-left:54px;\" class=\"fusion-column content-box-column content-box-column content-box-column-6 col-lg-12 col-md-12 col-sm-12 fusion-content-box-hover content-box-column-last-in-row\"><div class=\"col content-box-wrapper content-wrapper link-area-link-icon link-type-text icon-hover-animation-fade fusion-animated\" data-animationType=\"fadeIn\" data-animationDuration=\"0.25\" data-animationOffset=\"top-into-view\"><div class=\"heading heading-with-icon icon-left\"><a class=\"heading-link\" href=\"https:\/\/plurifor.iefc.net\/wp-content\/uploads\/PDF_Files\/caisse-phyto-for\u00eat-mars-2018.pdf\" target=\"_self\"><div class=\"icon\" style=\"-webkit-animation-duration: 350ms;animation-duration: 350ms;\"><i style=\"border-color:#333333;border-width:0px;background-color:#e91e63;box-sizing:content-box;height:34px;width:34px;line-height:34px;border-radius:50%;font-size:17px;\" aria-hidden=\"true\" class=\"fontawesome-icon fa fa-star circle-yes\"><\/i><\/div><h2 class=\"content-box-heading\" style=\"--h2_typography-font-size:22px;line-height:27px;\">Journ\u00e9e d\u2019information sur la sant\u00e9 des for\u00eats (8 D\u00e9cembre 2017) <\/h2><\/a><\/div><div class=\"content-box-shortcode-timeline-vertical\" style=\"border-color:#333333;left:32px;top:17px;-webkit-transition-duration: 350ms;animation-duration: 350ms;\"><\/div><\/div><\/div><div style=\"--awb-backgroundcolor:rgba(255,255,255,0);--awb-iconcolor:#ffffff;--awb-content-padding-left:54px;\" class=\"fusion-column content-box-column content-box-column content-box-column-7 col-lg-12 col-md-12 col-sm-12 fusion-content-box-hover content-box-column-last-in-row\"><div class=\"col content-box-wrapper content-wrapper link-area-link-icon link-type-text icon-hover-animation-fade fusion-animated\" data-animationType=\"fadeIn\" data-animationDuration=\"0.25\" data-animationOffset=\"top-into-view\"><div class=\"heading heading-with-icon icon-left\"><a class=\"heading-link\" href=\"https:\/\/plurifor.iefc.net\/fr\/cynips-du-chataigner\/\" target=\"_self\"><div class=\"icon\" style=\"-webkit-animation-duration: 350ms;animation-duration: 350ms;\"><i style=\"border-color:#333333;border-width:0px;background-color:#e91e63;box-sizing:content-box;height:34px;width:34px;line-height:34px;border-radius:50%;font-size:17px;\" aria-hidden=\"true\" class=\"fontawesome-icon fa fa-star circle-yes\"><\/i><\/div><h2 class=\"content-box-heading\" style=\"--h2_typography-font-size:22px;line-height:27px;\">Atelier sur le risque du cynips du ch\u00e2taigner (19 Octobre 2017) <\/h2><\/a><\/div><div class=\"content-box-shortcode-timeline-vertical\" style=\"border-color:#333333;left:32px;top:17px;-webkit-transition-duration: 350ms;animation-duration: 350ms;\"><\/div><\/div><\/div><div style=\"--awb-backgroundcolor:rgba(255,255,255,0);--awb-iconcolor:#ffffff;--awb-content-padding-left:54px;\" class=\"fusion-column content-box-column content-box-column content-box-column-8 col-lg-12 col-md-12 col-sm-12 fusion-content-box-hover content-box-column-last-in-row\"><div class=\"col content-box-wrapper content-wrapper link-area-link-icon link-type-text icon-hover-animation-fade fusion-animated\" data-animationType=\"fadeIn\" data-animationDuration=\"0.25\" data-animationOffset=\"top-into-view\"><div class=\"heading heading-with-icon icon-left\"><a class=\"heading-link\" href=\"https:\/\/plurifor.iefc.net\/fr\/charancon-de-leucalyptus\/\" target=\"_self\"><div class=\"icon\" style=\"-webkit-animation-duration: 350ms;animation-duration: 350ms;\"><i style=\"border-color:#333333;border-width:0px;background-color:#e91e63;box-sizing:content-box;height:34px;width:34px;line-height:34px;border-radius:50%;font-size:17px;\" aria-hidden=\"true\" class=\"fontawesome-icon fa fa-star circle-yes\"><\/i><\/div><h2 class=\"content-box-heading\" style=\"--h2_typography-font-size:22px;line-height:27px;\">Atelier sur le risque du charan\u00e7on de l\u2019eucalyptus (4 Octobre 2017) <\/h2><\/a><\/div><div class=\"content-box-shortcode-timeline-vertical\" style=\"border-color:#333333;left:32px;top:17px;-webkit-transition-duration: 350ms;animation-duration: 350ms;\"><\/div><\/div><\/div><div style=\"--awb-backgroundcolor:rgba(255,255,255,0);--awb-iconcolor:#ffffff;--awb-content-padding-left:54px;\" class=\"fusion-column content-box-column content-box-column content-box-column-9 col-lg-12 col-md-12 col-sm-12 fusion-content-box-hover content-box-column-last-in-row\"><div class=\"col content-box-wrapper content-wrapper link-area-link-icon link-type-text icon-hover-animation-fade fusion-animated\" data-animationType=\"fadeIn\" data-animationDuration=\"0.25\" data-animationOffset=\"top-into-view\"><div class=\"heading heading-with-icon icon-left\"><a class=\"heading-link\" href=\"https:\/\/plurifor.iefc.net\/fr\/chancre-suitant-des-pins\/\" target=\"_self\"><div class=\"icon\" style=\"-webkit-animation-duration: 350ms;animation-duration: 350ms;\"><i style=\"border-color:#333333;border-width:0px;background-color:#e91e63;box-sizing:content-box;height:34px;width:34px;line-height:34px;border-radius:50%;font-size:17px;\" aria-hidden=\"true\" class=\"fontawesome-icon fa fa-star circle-yes\"><\/i><\/div><h2 class=\"content-box-heading\" style=\"--h2_typography-font-size:22px;line-height:27px;\">Atelier sur le risque du chancre suintant des pins (3 Octobre 2017) <\/h2><\/a><\/div><div class=\"content-box-shortcode-timeline-vertical\" style=\"border-color:#333333;left:32px;top:17px;-webkit-transition-duration: 350ms;animation-duration: 350ms;\"><\/div><\/div><\/div><div style=\"--awb-backgroundcolor:rgba(255,255,255,0);--awb-iconcolor:#ffffff;--awb-content-padding-left:54px;\" class=\"fusion-column content-box-column content-box-column content-box-column-10 col-lg-12 col-md-12 col-sm-12 fusion-content-box-hover content-box-column-last-in-row\"><div class=\"col content-box-wrapper content-wrapper link-area-link-icon link-type-text icon-hover-animation-fade fusion-animated\" data-animationType=\"fadeIn\" data-animationDuration=\"0.25\" data-animationOffset=\"top-into-view\"><div class=\"heading heading-with-icon icon-left\"><a class=\"heading-link\" href=\"The Storm \u201c Forest management adapted to wind throw\u201d workshop took place in Eskoriatza (Spain).&lt;\/p&gt;\n&lt;p&gt;https:\/\/plurifor.iefc.net\/wp-content\/uploads\/WP2\/workshop_material\/plurifor_storm_workshop__agenda_12-09-2017.pdf&quot;&gt;Agenda&lt;\/a&gt;&lt;\/p&gt;\n&lt;p&gt;https:\/\/plurifor.iefc.net\/fr\/tempetes\/&quot;&gt;Find out more&lt;\/a&gt;\" target=\"_self\"><div class=\"icon\" style=\"-webkit-animation-duration: 350ms;animation-duration: 350ms;\"><i style=\"border-color:#333333;border-width:0px;background-color:#e91e63;box-sizing:content-box;height:34px;width:34px;line-height:34px;border-radius:50%;font-size:17px;\" aria-hidden=\"true\" class=\"fontawesome-icon fa fa-star circle-yes\"><\/i><\/div><h2 class=\"content-box-heading\" style=\"--h2_typography-font-size:22px;line-height:27px;\">Atelier  sur le risque de temp\u00eate 1 (11 Septembre 2017) <\/h2><\/a><\/div><div class=\"content-box-shortcode-timeline-vertical\" style=\"border-color:#333333;left:32px;top:17px;-webkit-transition-duration: 350ms;animation-duration: 350ms;\"><\/div><\/div><\/div><div style=\"--awb-backgroundcolor:rgba(255,255,255,0);--awb-iconcolor:#ffffff;--awb-content-padding-left:54px;\" class=\"fusion-column content-box-column content-box-column content-box-column-11 col-lg-12 col-md-12 col-sm-12 fusion-content-box-hover content-box-column-last-in-row\"><div class=\"col content-box-wrapper content-wrapper link-area-link-icon link-type-text icon-hover-animation-fade fusion-animated\" data-animationType=\"fadeIn\" data-animationDuration=\"0.25\" data-animationOffset=\"top-into-view\"><div class=\"heading heading-with-icon icon-left\"><a class=\"heading-link\" href=\"https:\/\/plurifor.iefc.net\/fr\/degradation-du-sol\/\" target=\"_self\"><div class=\"icon\" style=\"-webkit-animation-duration: 350ms;animation-duration: 350ms;\"><i style=\"border-color:#333333;border-width:0px;background-color:#e91e63;box-sizing:content-box;height:34px;width:34px;line-height:34px;border-radius:50%;font-size:17px;\" aria-hidden=\"true\" class=\"fontawesome-icon fa fa-star circle-yes\"><\/i><\/div><h2 class=\"content-box-heading\" style=\"--h2_typography-font-size:22px;line-height:27px;\">Atelier sur le risque de d\u00e9gradation du sol (28 Juin 2017) <\/h2><\/a><\/div><div class=\"content-box-shortcode-timeline-vertical\" style=\"border-color:#333333;left:32px;top:17px;-webkit-transition-duration: 350ms;animation-duration: 350ms;\"><\/div><\/div><\/div><div style=\"--awb-backgroundcolor:rgba(255,255,255,0);--awb-iconcolor:#ffffff;--awb-content-padding-left:54px;\" class=\"fusion-column content-box-column content-box-column content-box-column-12 col-lg-12 col-md-12 col-sm-12 fusion-content-box-hover content-box-column-last-in-row\"><div class=\"col content-box-wrapper content-wrapper link-area-link-icon link-type-text icon-hover-animation-fade fusion-animated\" data-animationType=\"fadeIn\" data-animationDuration=\"0.25\" data-animationOffset=\"top-into-view\"><div class=\"heading heading-with-icon icon-left\"><a class=\"heading-link\" href=\"https:\/\/plurifor.iefc.net\/fr\/incendies-forestiers\/\" target=\"_self\"><div class=\"icon\" style=\"-webkit-animation-duration: 350ms;animation-duration: 350ms;\"><i style=\"border-color:#333333;border-width:0px;background-color:#e91e63;box-sizing:content-box;height:34px;width:34px;line-height:34px;border-radius:50%;font-size:17px;\" aria-hidden=\"true\" class=\"fontawesome-icon fa fa-star circle-yes\"><\/i><\/div><h2 class=\"content-box-heading\" style=\"--h2_typography-font-size:22px;line-height:27px;\">Atelier sur le risque des incendies de for\u00eat (22 - 23 Mai 2017) <\/h2><\/a><\/div><div class=\"content-box-shortcode-timeline-vertical\" style=\"border-color:#333333;left:32px;top:17px;-webkit-transition-duration: 350ms;animation-duration: 350ms;\"><\/div><\/div><\/div><div style=\"--awb-backgroundcolor:rgba(255,255,255,0);--awb-iconcolor:#ffffff;--awb-content-padding-left:54px;\" class=\"fusion-column content-box-column content-box-column content-box-column-13 col-lg-12 col-md-12 col-sm-12 fusion-content-box-hover content-box-column-last content-box-column-last-in-row\"><div class=\"col content-box-wrapper content-wrapper link-area-link-icon link-type-text icon-hover-animation-fade fusion-animated\" data-animationType=\"fadeIn\" data-animationDuration=\"0.25\" data-animationOffset=\"top-into-view\"><div class=\"heading heading-with-icon icon-left\"><a class=\"heading-link\" href=\"\/?page_id=3831\" target=\"_self\"><div class=\"icon\" style=\"-webkit-animation-duration: 350ms;animation-duration: 350ms;\"><i style=\"border-color:#333333;border-width:0px;background-color:#e91e63;box-sizing:content-box;height:34px;width:34px;line-height:34px;border-radius:50%;font-size:17px;\" aria-hidden=\"true\" class=\"fontawesome-icon fa fa-star circle-yes\"><\/i><\/div><h2 class=\"content-box-heading\" style=\"--h2_typography-font-size:22px;line-height:27px;\">Premi\u00e8re r\u00e9union annuelle PLURIFOR<\/h2><\/a><\/div><div class=\"content-box-shortcode-timeline-vertical\" style=\"border-color:#333333;left:32px;top:17px;-webkit-transition-duration: 350ms;animation-duration: 350ms;\"><\/div><\/div><\/div><div class=\"fusion-clearfix\"><\/div><\/div><div class=\"fusion-clearfix\"><\/div><\/div><\/div><\/div><\/div><\/p>\n","protected":false},"excerpt":{"rendered":"","protected":false},"author":3,"featured_media":0,"parent":0,"menu_order":0,"comment_status":"closed","ping_status":"closed","template":"","meta":[],"_links":{"self":[{"href":"https:\/\/plurifor.iefc.net\/fr\/wp-json\/wp\/v2\/pages\/37"}],"collection":[{"href":"https:\/\/plurifor.iefc.net\/fr\/wp-json\/wp\/v2\/pages"}],"about":[{"href":"https:\/\/plurifor.iefc.net\/fr\/wp-json\/wp\/v2\/types\/page"}],"author":[{"embeddable":true,"href":"https:\/\/plurifor.iefc.net\/fr\/wp-json\/wp\/v2\/users\/3"}],"replies":[{"embeddable":true,"href":"https:\/\/plurifor.iefc.net\/fr\/wp-json\/wp\/v2\/comments?post=37"}],"version-history":[{"count":83,"href":"https:\/\/plurifor.iefc.net\/fr\/wp-json\/wp\/v2\/pages\/37\/revisions"}],"predecessor-version":[{"id":7468,"href":"https:\/\/plurifor.iefc.net\/fr\/wp-json\/wp\/v2\/pages\/37\/revisions\/7468"}],"wp:attachment":[{"href":"https:\/\/plurifor.iefc.net\/fr\/wp-json\/wp\/v2\/media?parent=37"}],"curies":[{"name":"wp","href":"https:\/\/api.w.org\/{rel}","templated":true}]}}