{"id":40,"date":"2017-10-26T13:36:54","date_gmt":"2017-10-26T10:36:54","guid":{"rendered":"https:\/\/plurifor.iefc.net\/ressources\/"},"modified":"2019-07-09T09:56:33","modified_gmt":"2019-07-09T06:56:33","slug":"cynips-du-chataigner","status":"publish","type":"page","link":"https:\/\/plurifor.iefc.net\/fr\/cynips-du-chataigner\/","title":{"rendered":"Cynips du ch\u00e2taigner"},"content":{"rendered":"<div class=\"fusion-fullwidth fullwidth-box fusion-builder-row-1 nonhundred-percent-fullwidth non-hundred-percent-height-scrolling\" style=\"--awb-border-radius-top-left:0px;--awb-border-radius-top-right:0px;--awb-border-radius-bottom-right:0px;--awb-border-radius-bottom-left:0px;--awb-flex-wrap:wrap;\" ><div class=\"fusion-builder-row fusion-row\"><div class=\"fusion-layout-column fusion_builder_column fusion-builder-column-0 fusion_builder_column_1_1 1_1 fusion-one-full fusion-column-first fusion-column-last\" style=\"--awb-bg-size:cover;--awb-margin-bottom:0px;\"><div class=\"fusion-column-wrapper fusion-flex-column-wrapper-legacy\"><div class=\"fusion-text fusion-text-1\"><p><img decoding=\"async\" class=\"size-thumbnail wp-image-1305 alignleft\" src=\"https:\/\/plurifor.iefc.net\/wp-content\/uploads\/2017\/11\/avispilla_del_casta\u00f1o_min-1-150x150.jpg\" alt=\"\" width=\"150\" height=\"150\" srcset=\"https:\/\/plurifor.iefc.net\/wp-content\/uploads\/2017\/11\/avispilla_del_casta\u00f1o_min-1-66x66.jpg 66w, https:\/\/plurifor.iefc.net\/wp-content\/uploads\/2017\/11\/avispilla_del_casta\u00f1o_min-1-150x150.jpg 150w, https:\/\/plurifor.iefc.net\/wp-content\/uploads\/2017\/11\/avispilla_del_casta\u00f1o_min-1-200x200.jpg 200w, https:\/\/plurifor.iefc.net\/wp-content\/uploads\/2017\/11\/avispilla_del_casta\u00f1o_min-1-300x300.jpg 300w, https:\/\/plurifor.iefc.net\/wp-content\/uploads\/2017\/11\/avispilla_del_casta\u00f1o_min-1-400x400.jpg 400w, https:\/\/plurifor.iefc.net\/wp-content\/uploads\/2017\/11\/avispilla_del_casta\u00f1o_min-1.jpg 500w\" sizes=\"(max-width: 150px) 100vw, 150px\" \/><\/p>\n<p>Le cynips du ch\u00e2taignier (<em>Dryocosmus kuriphilus<\/em>) est un insecte qui induit une excroissance anormale (galles) sur les ch\u00e2taigniers. En \u00e9t\u00e9 (juin-juillet), il pond des \u0153ufs dans les bourgeons, les feuilles et les p\u00e9tioles. Des cypnis adultes \u00e9mergent des galles et localisent les nouvelles pousses du ch\u00e2taignier. Ils y pondent des \u0153ufs qui \u00e9cloront \u00e0 la prochaine g\u00e9n\u00e9ration. Les galles provoquent la d\u00e9formation des feuilles, ralentissent la croissance des pousses et la production de noix.<\/p>\n<\/div><div class=\"fusion-text fusion-text-2\"><\/div><div class=\"fusion-sep-clear\"><\/div><div class=\"fusion-separator fusion-full-width-sep\" style=\"margin-left: auto;margin-right: auto;width:100%;\"><div class=\"fusion-separator-border sep-shadow\" style=\"--awb-height:20px;--awb-amount:20px;background:radial-gradient(ellipse at 50% -50% , #e0dede 0px, rgba(255, 255, 255, 0) 80%) repeat scroll 0 0 rgba(0, 0, 0, 0);background:-webkit-radial-gradient(ellipse at 50% -50% , #e0dede 0px, rgba(255, 255, 255, 0) 80%) repeat scroll 0 0 rgba(0, 0, 0, 0);background:-moz-radial-gradient(ellipse at 50% -50% , #e0dede 0px, rgba(255, 255, 255, 0) 80%) repeat scroll 0 0 rgba(0, 0, 0, 0);background:-o-radial-gradient(ellipse at 50% -50% , #e0dede 0px, rgba(255, 255, 255, 0) 80%) repeat scroll 0 0 rgba(0, 0, 0, 0);\"><\/div><\/div><div class=\"fusion-sep-clear\"><\/div><div class=\"fusion-clearfix\"><\/div><\/div><\/div><div class=\"fusion-layout-column fusion_builder_column fusion-builder-column-1 fusion_builder_column_1_1 1_1 fusion-one-full fusion-column-first fusion-column-last\" style=\"--awb-bg-size:cover;--awb-margin-bottom:0px;\"><div class=\"fusion-column-wrapper fusion-flex-column-wrapper-legacy\"><div class=\"fusion-text fusion-text-3\"><h2 style=\"font-size: 28px;\">Plans de gestion et outils<\/h2>\n<\/div><div class=\"fusion-text fusion-text-4\"><p><a href=\"https:\/\/plurifor.iefc.net\/wp-content\/uploads\/WP2\/plans\/Dryocosmus-kuriphilus-risk-plan_PT.pdf\">Plan national de gestion de Dryocosmus kuriphilus au Portugal<\/a>\u00a0(PT)<\/p>\n<p><a href=\"https:\/\/plurifor.iefc.net\/wp-content\/uploads\/WP2\/plans\/Dryocosmus-kuriphilus-risk-plan_SP.pdf\">Plan de contingence de Dryocosmus kuriphilus au nord de l&#8217;Espagne V1<\/a>\u00a0 (ES)<\/p>\n<p><a href=\"https:\/\/plurifor.iefc.net\/wp-content\/uploads\/WP4\/E411_Dryocosmus-kuriphilus-risk-plan_final_ES.pdf\">Plan de contingence de Dryocosmus kuriphilus au nord de l&#8217;Espagne V2<\/a> (ES)<\/p>\n<p><a href=\"https:\/\/plurifor.iefc.net\/fr\/outils-de-gestion-du-cypnis-du-chataigner\/\">Outils<\/a><\/p>\n<\/div><div class=\"fusion-sep-clear\"><\/div><div class=\"fusion-separator fusion-full-width-sep\" style=\"margin-left: auto;margin-right: auto;width:100%;\"><div class=\"fusion-separator-border sep-shadow\" style=\"--awb-height:20px;--awb-amount:20px;background:radial-gradient(ellipse at 50% -50% , #e0dede 0px, rgba(255, 255, 255, 0) 80%) repeat scroll 0 0 rgba(0, 0, 0, 0);background:-webkit-radial-gradient(ellipse at 50% -50% , #e0dede 0px, rgba(255, 255, 255, 0) 80%) repeat scroll 0 0 rgba(0, 0, 0, 0);background:-moz-radial-gradient(ellipse at 50% -50% , #e0dede 0px, rgba(255, 255, 255, 0) 80%) repeat scroll 0 0 rgba(0, 0, 0, 0);background:-o-radial-gradient(ellipse at 50% -50% , #e0dede 0px, rgba(255, 255, 255, 0) 80%) repeat scroll 0 0 rgba(0, 0, 0, 0);\"><\/div><\/div><div class=\"fusion-sep-clear\"><\/div><div class=\"fusion-clearfix\"><\/div><\/div><\/div><div class=\"fusion-layout-column fusion_builder_column fusion-builder-column-2 fusion_builder_column_1_1 1_1 fusion-one-full fusion-column-first fusion-column-last\" style=\"--awb-bg-size:cover;--awb-margin-bottom:0px;\"><div class=\"fusion-column-wrapper fusion-flex-column-wrapper-legacy\"><div class=\"fusion-text fusion-text-5\"><h2 style=\"font-size: 28px;\">Atelier sur le cypnis du ch\u00e2taigner 2 :\u00a0<em>\u00c9valuation du plan de gestion<\/em><\/h2>\n<\/div><div class=\"fusion-text fusion-text-6\"><p>25 Janvier 2019 \u00e0 Bragan\u00e7a (Portugal)<\/p>\n<p><a href=\"https:\/\/plurifor.iefc.net\/wp-content\/uploads\/WP3\/Deliv311_chesnut-gall-wasp.pdf\">Proc\u00e8s-verbal<\/a>\u00a0(PT)<\/p>\n<p><a href=\"https:\/\/plurifor.iefc.net\/wp-content\/uploads\/WP3\/E321_chestnut-gall-wasp-1.xlsx\">Evaluation \u00e9conomique du plan<\/a><\/p>\n<\/div><div class=\"fusion-text fusion-text-7\"><h2 style=\"font-size: 28px;\">Atelier sur le cypnis du ch\u00e2taigner 1:\u00a0<em>Bilan de connaissances, syst\u00e8mes de pr\u00e9vention, surveillance et contr\u00f4le<\/em><\/h2>\n<\/div><div class=\"fusion-text fusion-text-8\"><p>19 Octobre 2017 \u00e0 Vila Real (Portugal)<\/p>\n<p>Cet atelier fait partie d&#8217;une s\u00e9rie d&#8217;ateliers transnationaux organis\u00e9s par le projet PLURIFOR. Ils visent un \u00e9change de savoir-faire sur la gestion des risques forestiers entre les partenaires et les partenaires associ\u00e9s au projet.<\/p>\n<p><a href=\"https:\/\/plurifor.iefc.net\/wp-content\/uploads\/WP2\/workshop_material\/dryocosmus_workshop_agenda_19-10-2017_v4.pdf\">Ordre du jour<\/a><\/p>\n<p><a title=\"Chestnut gall wasp workshop minutes\" href=\"https:\/\/plurifor.iefc.net\/wp-content\/uploads\/WP2\/2.1.1\/Dryocosmus\/Chestnut-gall-wasp-workshop-minutes.pdf\">Proc\u00e8s-verbal<\/a><\/p>\n<p><a href=\"\/?page_id=3842\">Pr\u00e9sentations<\/a><\/p>\n<\/div><div class=\"fusion-sep-clear\"><\/div><div class=\"fusion-separator fusion-full-width-sep\" style=\"margin-left: auto;margin-right: auto;width:100%;\"><div class=\"fusion-separator-border sep-shadow\" style=\"--awb-height:20px;--awb-amount:20px;background:radial-gradient(ellipse at 50% -50% , #e0dede 0px, rgba(255, 255, 255, 0) 80%) repeat scroll 0 0 rgba(0, 0, 0, 0);background:-webkit-radial-gradient(ellipse at 50% -50% , #e0dede 0px, rgba(255, 255, 255, 0) 80%) repeat scroll 0 0 rgba(0, 0, 0, 0);background:-moz-radial-gradient(ellipse at 50% -50% , #e0dede 0px, rgba(255, 255, 255, 0) 80%) repeat scroll 0 0 rgba(0, 0, 0, 0);background:-o-radial-gradient(ellipse at 50% -50% , #e0dede 0px, rgba(255, 255, 255, 0) 80%) repeat scroll 0 0 rgba(0, 0, 0, 0);\"><\/div><\/div><div class=\"fusion-sep-clear\"><\/div><div class=\"fusion-clearfix\"><\/div><\/div><\/div><div class=\"fusion-layout-column fusion_builder_column fusion-builder-column-3 fusion_builder_column_1_1 1_1 fusion-one-full fusion-column-first fusion-column-last\" style=\"--awb-bg-size:cover;--awb-margin-bottom:0px;\"><div class=\"fusion-column-wrapper fusion-flex-column-wrapper-legacy\"><div class=\"fusion-text fusion-text-9\"><h2 style=\"font-size: 28px;\">Livrables<\/h2>\n<\/div><div class=\"fusion-text fusion-text-10\"><h3>Rapports r\u00e9gionaux<\/h3>\n<p>Rapports de gestion sur le risque du cynips du ch\u00e2taignier dans les r\u00e9gions cibles au d\u00e9marrage du projet, en 2016:<\/p>\n<ul>\n<li><a title=\"Forest risk management in Castilla y Le\u00f3n (2016)\" href=\"https:\/\/plurifor.iefc.net\/wp-content\/uploads\/WP1\/1.2.1\/Castilla_y_Leon\/WP1_Castilla-y-Le\u00f3n.pdf\">Gestion de risque forestier \u00e0 Castille-et-Le\u00f3n (2016)<\/a>\u00a0(ES)<\/li>\n<li><a title=\"Forest risk management in Portugal (2016)\" href=\"https:\/\/plurifor.iefc.net\/wp-content\/uploads\/WP1\/1.2.1\/Portugal\/WP1_Portugal.pdf\">Gestion de risque forestier au Portugal (2016)<\/a> (PT)<\/li>\n<\/ul>\n<h3>Rapport de synth\u00e8se<\/h3>\n<p>Rapport de gestion de huit risques dans les r\u00e9gions cibles au d\u00e9but du projet, en 2016 :<\/p>\n<ul>\n<li><a title=\"Summary report: risk management before the PLURIFOR project (2016)\" href=\"https:\/\/plurifor.iefc.net\/wp-content\/uploads\/WP1\/1.2.2\/WP1-Summary-report-FINAL.pdf\">Rapport de synth\u00e8se (2016)<\/a> (EN)<\/li>\n<\/ul>\n<\/div><div class=\"fusion-sep-clear\"><\/div><div class=\"fusion-separator fusion-full-width-sep\" style=\"margin-left: auto;margin-right: auto;width:100%;\"><div class=\"fusion-separator-border sep-shadow\" style=\"--awb-height:20px;--awb-amount:20px;background:radial-gradient(ellipse at 50% -50% , #e0dede 0px, rgba(255, 255, 255, 0) 80%) repeat scroll 0 0 rgba(0, 0, 0, 0);background:-webkit-radial-gradient(ellipse at 50% -50% , #e0dede 0px, rgba(255, 255, 255, 0) 80%) repeat scroll 0 0 rgba(0, 0, 0, 0);background:-moz-radial-gradient(ellipse at 50% -50% , #e0dede 0px, rgba(255, 255, 255, 0) 80%) repeat scroll 0 0 rgba(0, 0, 0, 0);background:-o-radial-gradient(ellipse at 50% -50% , #e0dede 0px, rgba(255, 255, 255, 0) 80%) repeat scroll 0 0 rgba(0, 0, 0, 0);\"><\/div><\/div><div class=\"fusion-sep-clear\"><\/div><div class=\"fusion-clearfix\"><\/div><\/div><\/div><div class=\"fusion-layout-column fusion_builder_column fusion-builder-column-4 fusion_builder_column_1_1 1_1 fusion-one-full fusion-column-first fusion-column-last\" style=\"--awb-bg-size:cover;--awb-margin-bottom:0px;\"><div class=\"fusion-column-wrapper fusion-flex-column-wrapper-legacy\"><div class=\"fusion-text fusion-text-11\"><h2 style=\"font-size: 28px;\">Contacts<\/h2>\n<\/div><div class=\"fusion-text fusion-text-12\"><ul>\n<li><strong>Portugal<\/strong>:\u00a0Edmundo Sousa (INIAV) &#8211;\u00a0edmundo.sousa @ iniav.pt &#8211; coordonnateur<\/li>\n<li><strong>Castilla y Le\u00f3n<\/strong>: Jorge Casado (TRAGSA) &#8211;\u00a0jcaa @ tragsa.es<\/li>\n<\/ul>\n<\/div><div class=\"fusion-clearfix\"><\/div><\/div><\/div><\/div><\/div>\n","protected":false},"excerpt":{"rendered":"","protected":false},"author":3,"featured_media":0,"parent":0,"menu_order":0,"comment_status":"closed","ping_status":"closed","template":"","meta":[],"_links":{"self":[{"href":"https:\/\/plurifor.iefc.net\/fr\/wp-json\/wp\/v2\/pages\/40"}],"collection":[{"href":"https:\/\/plurifor.iefc.net\/fr\/wp-json\/wp\/v2\/pages"}],"about":[{"href":"https:\/\/plurifor.iefc.net\/fr\/wp-json\/wp\/v2\/types\/page"}],"author":[{"embeddable":true,"href":"https:\/\/plurifor.iefc.net\/fr\/wp-json\/wp\/v2\/users\/3"}],"replies":[{"embeddable":true,"href":"https:\/\/plurifor.iefc.net\/fr\/wp-json\/wp\/v2\/comments?post=40"}],"version-history":[{"count":114,"href":"https:\/\/plurifor.iefc.net\/fr\/wp-json\/wp\/v2\/pages\/40\/revisions"}],"predecessor-version":[{"id":7198,"href":"https:\/\/plurifor.iefc.net\/fr\/wp-json\/wp\/v2\/pages\/40\/revisions\/7198"}],"wp:attachment":[{"href":"https:\/\/plurifor.iefc.net\/fr\/wp-json\/wp\/v2\/media?parent=40"}],"curies":[{"name":"wp","href":"https:\/\/api.w.org\/{rel}","templated":true}]}}