{"id":5410,"date":"2018-11-22T19:25:13","date_gmt":"2018-11-22T16:25:13","guid":{"rendered":"https:\/\/plurifor.iefc.net\/outils-de-gestion-du-chancre-suintant-des-pins\/"},"modified":"2019-07-09T11:47:31","modified_gmt":"2019-07-09T08:47:31","slug":"outils-de-gestion-du-chancre-suintant-des-pins","status":"publish","type":"page","link":"https:\/\/plurifor.iefc.net\/fr\/outils-de-gestion-du-chancre-suintant-des-pins\/","title":{"rendered":"Outils de gestion du chancre suintant du pin"},"content":{"rendered":"<p><a href=\"https:\/\/plurifor.iefc.net\/wp-content\/uploads\/WP2\/tools\/Pine-pitch-canker-1.pdf\">Diagnostic du Fusarium circinatum par le s\u00e9quen\u00e7age de nouvelle g\u00e9n\u00e9ration (NGS)<\/a> (EN)<\/p> \r\n<p><a href=\"https:\/\/plurifor.iefc.net\/wp-content\/uploads\/WP2\/tools\/Pine-pitch-canker-2.pdf\"> Cycle de vie de Fusarium circinatum<\/a> (EN)<\/p> \r\n<p><a href=\"https:\/\/plurifor.iefc.net\/wp-content\/uploads\/WP2\/tools\/Pine-pitch-canker-4.pdf\">Pi\u00e8ge \u00e0 spores combin\u00e9 et PCR en temps r\u00e9el (qPCR) 1<\/a> (EN)<\/p>\r\n<p><a href=\"https:\/\/plurifor.iefc.net\/wp-content\/uploads\/WP2\/tools\/Pine-pitch-canker-3.pdf\">Pi\u00e8ge \u00e0 spores combin\u00e9 et PCR en temps r\u00e9el (qPCR) 2<\/a> (EN)<\/p>\r\n<p><a href=\"http:\/\/plurifor.agresta.org\/?lang=fr\">Silvalert (signalement de d\u00e9g\u00e2ts forestiers)<\/a>\r\n<p><\/p>\r\n\r\n\r\n<p><\/p>\r\n","protected":false},"excerpt":{"rendered":"<p>Diagnostic du Fusarium circinatum par le s\u00e9quen\u00e7age de nouvelle g\u00e9n\u00e9ration [&hellip;]<\/p>\n","protected":false},"author":65,"featured_media":0,"parent":0,"menu_order":0,"comment_status":"closed","ping_status":"closed","template":"","meta":[],"_links":{"self":[{"href":"https:\/\/plurifor.iefc.net\/fr\/wp-json\/wp\/v2\/pages\/5410"}],"collection":[{"href":"https:\/\/plurifor.iefc.net\/fr\/wp-json\/wp\/v2\/pages"}],"about":[{"href":"https:\/\/plurifor.iefc.net\/fr\/wp-json\/wp\/v2\/types\/page"}],"author":[{"embeddable":true,"href":"https:\/\/plurifor.iefc.net\/fr\/wp-json\/wp\/v2\/users\/65"}],"replies":[{"embeddable":true,"href":"https:\/\/plurifor.iefc.net\/fr\/wp-json\/wp\/v2\/comments?post=5410"}],"version-history":[{"count":7,"href":"https:\/\/plurifor.iefc.net\/fr\/wp-json\/wp\/v2\/pages\/5410\/revisions"}],"predecessor-version":[{"id":7413,"href":"https:\/\/plurifor.iefc.net\/fr\/wp-json\/wp\/v2\/pages\/5410\/revisions\/7413"}],"wp:attachment":[{"href":"https:\/\/plurifor.iefc.net\/fr\/wp-json\/wp\/v2\/media?parent=5410"}],"curies":[{"name":"wp","href":"https:\/\/api.w.org\/{rel}","templated":true}]}}