{"id":5452,"date":"2018-11-22T20:22:35","date_gmt":"2018-11-22T17:22:35","guid":{"rendered":"https:\/\/plurifor.iefc.net\/outils-de-gestion-de-degradation-de-sol\/"},"modified":"2019-07-09T12:28:13","modified_gmt":"2019-07-09T09:28:13","slug":"outils-de-gestion-de-degradation-de-sol","status":"publish","type":"page","link":"https:\/\/plurifor.iefc.net\/fr\/outils-de-gestion-de-degradation-de-sol\/","title":{"rendered":"Outils de gestion de d\u00e9gradation de sol"},"content":{"rendered":"<p><a href=\"https:\/\/plurifor.iefc.net\/wp-content\/uploads\/WP2\/tools\/Soil-degradation-tool-1-2.pdf\">Effets de la mastication du pin sur le compactage et l&#8217;\u00e9rosion du sol 1<\/a>\u00a0(EN)<\/p>\n<p><a href=\"https:\/\/plurifor.iefc.net\/wp-content\/uploads\/WP2\/tools\/Soil-degradation-Mastication.pdf\">Effets de la mastication du pin sur le compactage et l&#8217;\u00e9rosion du sol 2<\/a> (ES)<\/p>\n<p><a href=\"https:\/\/plurifor.iefc.net\/wp-content\/uploads\/WP2\/tools\/Soil-degradation-tool-2-1.pdf\">Efficacit\u00e9 de diff\u00e9rents traitements pour la r\u00e9tention des sols apr\u00e8s incendie 1<\/a> (EN)<\/p>\n<p><a href=\"https:\/\/plurifor.iefc.net\/wp-content\/uploads\/WP2\/tools\/Soil-degradation-tool-3-1.pdf\">Connectivit\u00e9 hydrologique et r\u00e9duction de l&#8217;\u00e9rosion apr\u00e8s incendie 2<\/a> (EN)<\/p>\n<p><a href=\"https:\/\/plurifor.iefc.net\/wp-content\/uploads\/WP2\/tools\/Soil-degradation-Connectivity.pdf\">Connectivit\u00e9 hydrologique et r\u00e9duction de l&#8217;\u00e9rosion apr\u00e8s incendie<\/a> (ES)<\/p>\n<p><a href=\"https:\/\/plurifor.iefc.net\/wp-content\/uploads\/WP2\/tools\/Soil-degradation-tool-4-1.pdf\">Carte de sensibilit\u00e9 des sols \u00e0 l&#8217;\u00e9rosion dans la r\u00e9gion SUDOE<\/a> (EN)<\/p>\n<p><a href=\"https:\/\/plurifor.iefc.net\/wp-content\/uploads\/WP2\/tools\/Soil-degradation-tool-5-1.pdf\">Carte de l&#8217;\u00e9rosivit\u00e9 mensuelle des pluie<\/a> (EN)<\/p>\n<p><a href=\"https:\/\/plurifor.iefc.net\/wp-content\/uploads\/WP2\/tools\/Soil-degradation-tool-6.pdf\">Valeurs de r\u00e9f\u00e9rence pour la biodiversit\u00e9 des sols 1<\/a> (EN)<\/p>\n<p><a href=\"https:\/\/plurifor.iefc.net\/wp-content\/uploads\/WP2\/tools\/Soil-degradation-Biodiversity.pdf\">Valeurs de r\u00e9f\u00e9rence pour la biodiversit\u00e9 des sols 2<\/a> (EN)<\/p>\n<p><a href=\"https:\/\/plurifor.iefc.net\/wp-content\/uploads\/WP2\/tools\/E221_Soil-degradation-tool-7.pdf\">Carte de sensibilit\u00e9 des sols \u00e0 l&#8217;\u00e9rosion avec les donn\u00e9es Lidar<\/a> (EN)<\/p>\n<p><a href=\"https:\/\/plurifor.iefc.net\/wp-content\/uploads\/WP2\/tools\/Soil-degradation-Annex.pdf\">Carte de sensibilit\u00e9 des sols \u00e0 l&#8217;\u00e9rosion &#8211; Annexe<\/a> (EN)<\/p>\n<p><a href=\"https:\/\/plurifor.iefc.net\/wp-content\/uploads\/WP2\/tools\/E221_Soil-degradation-tool-8.pdf\">Carte de sensibilit\u00e9 des sols \u00e0 l&#8217;\u00e9rosion au pays basqu<\/a> (EN)<\/p>\n<p><a href=\"https:\/\/plurifor.iefc.net\/wp-content\/uploads\/WP2\/tools\/E221_Soil-degradation-tool-9.pdf\">Compaction des sols<\/a> (EN)<\/p>\n<p><a href=\"https:\/\/plurifor.iefc.net\/wp-content\/uploads\/WP2\/tools\/E221_Soil-degradation-tool-10.pdf\">Protocole de surveillance des perturbations des sols forestiers<\/a> (EN)<\/p>\n<p><a href=\"https:\/\/plurifor.iefc.net\/wp-content\/uploads\/WP4\/soil_erosion_susceptibility_Euskadi_20190521.pdf\">Carte de sensibilit\u00e9 des sols \u00e0 l&#8217;\u00e9rosion au pays basque &#8211; Annexe<\/a> (EN)<\/p>\n<p><a href=\"http:\/\/plurifor.agresta.org\/\">Silvalert (signalement de d\u00e9g\u00e2ts en for\u00eat)<\/a> (EN)<\/p>\n","protected":false},"excerpt":{"rendered":"<p>Effets de la mastication du pin sur le compactage et [&hellip;]<\/p>\n","protected":false},"author":65,"featured_media":0,"parent":0,"menu_order":0,"comment_status":"closed","ping_status":"closed","template":"","meta":[],"_links":{"self":[{"href":"https:\/\/plurifor.iefc.net\/fr\/wp-json\/wp\/v2\/pages\/5452"}],"collection":[{"href":"https:\/\/plurifor.iefc.net\/fr\/wp-json\/wp\/v2\/pages"}],"about":[{"href":"https:\/\/plurifor.iefc.net\/fr\/wp-json\/wp\/v2\/types\/page"}],"author":[{"embeddable":true,"href":"https:\/\/plurifor.iefc.net\/fr\/wp-json\/wp\/v2\/users\/65"}],"replies":[{"embeddable":true,"href":"https:\/\/plurifor.iefc.net\/fr\/wp-json\/wp\/v2\/comments?post=5452"}],"version-history":[{"count":13,"href":"https:\/\/plurifor.iefc.net\/fr\/wp-json\/wp\/v2\/pages\/5452\/revisions"}],"predecessor-version":[{"id":7425,"href":"https:\/\/plurifor.iefc.net\/fr\/wp-json\/wp\/v2\/pages\/5452\/revisions\/7425"}],"wp:attachment":[{"href":"https:\/\/plurifor.iefc.net\/fr\/wp-json\/wp\/v2\/media?parent=5452"}],"curies":[{"name":"wp","href":"https:\/\/api.w.org\/{rel}","templated":true}]}}