{"id":5658,"date":"2018-12-06T13:45:04","date_gmt":"2018-12-06T10:45:04","guid":{"rendered":"https:\/\/plurifor.iefc.net\/outils-de-gestion-du-nematode-du-pin\/"},"modified":"2019-04-15T16:28:15","modified_gmt":"2019-04-15T13:28:15","slug":"outils-de-gestion-du-nematode-du-pin","status":"publish","type":"page","link":"https:\/\/plurifor.iefc.net\/fr\/outils-de-gestion-du-nematode-du-pin\/","title":{"rendered":"OUTILS DE GESTION DU N\u00c9MATODE DU PIN"},"content":{"rendered":"<p><a href=\"https:\/\/plurifor.iefc.net\/wp-content\/uploads\/WP2\/tools\/E221_Pine-wood-nematode.pdf\">Outils de t\u00e9l\u00e9d\u00e9tection pour la d\u00e9tection et la surveillance du n\u00e9matode de pin (ES)<\/a><\/p>\n<p><a href=\"http:\/\/plurifor.agresta.org\/\">Silvalert pour le signalement de d\u00e9g\u00e2ts forestiers (FR)<\/a><\/p>\n","protected":false},"excerpt":{"rendered":"<p>Outils de t\u00e9l\u00e9d\u00e9tection pour la d\u00e9tection et la surveillance du [&hellip;]<\/p>\n","protected":false},"author":65,"featured_media":0,"parent":0,"menu_order":0,"comment_status":"closed","ping_status":"closed","template":"","meta":[],"_links":{"self":[{"href":"https:\/\/plurifor.iefc.net\/fr\/wp-json\/wp\/v2\/pages\/5658"}],"collection":[{"href":"https:\/\/plurifor.iefc.net\/fr\/wp-json\/wp\/v2\/pages"}],"about":[{"href":"https:\/\/plurifor.iefc.net\/fr\/wp-json\/wp\/v2\/types\/page"}],"author":[{"embeddable":true,"href":"https:\/\/plurifor.iefc.net\/fr\/wp-json\/wp\/v2\/users\/65"}],"replies":[{"embeddable":true,"href":"https:\/\/plurifor.iefc.net\/fr\/wp-json\/wp\/v2\/comments?post=5658"}],"version-history":[{"count":6,"href":"https:\/\/plurifor.iefc.net\/fr\/wp-json\/wp\/v2\/pages\/5658\/revisions"}],"predecessor-version":[{"id":6578,"href":"https:\/\/plurifor.iefc.net\/fr\/wp-json\/wp\/v2\/pages\/5658\/revisions\/6578"}],"wp:attachment":[{"href":"https:\/\/plurifor.iefc.net\/fr\/wp-json\/wp\/v2\/media?parent=5658"}],"curies":[{"name":"wp","href":"https:\/\/api.w.org\/{rel}","templated":true}]}}