{"id":708,"date":"2017-11-14T17:07:19","date_gmt":"2017-11-14T14:07:19","guid":{"rendered":"https:\/\/plurifor.iefc.net\/register\/"},"modified":"2017-11-17T15:55:59","modified_gmt":"2017-11-17T12:55:59","slug":"senregistrer","status":"publish","type":"page","link":"https:\/\/plurifor.iefc.net\/fr\/senregistrer\/","title":{"rendered":"S&#8217;enregistrer"},"content":{"rendered":"<p style=\"max-width: 450px;margin-left:auto;margin-right: auto;font-size:15px!important;line-height:22px!important;font-weight: 600;\">S&#8217;il vous pla\u00eet, avant d&#8217;appuyer sur le bouton d&#8217;enregistrement, confirmez que vous n&#8217;\u00eates pas un robot, s\u00e9lectionnez l&#8217;option &#8216;I&#8217;m not a robot&#8217; que vous voyez ci-dessous.<\/p>\n<p style=\"max-width: 450px;margin-left:auto;margin-right: auto;font-size:15px!important;line-height:22px!important;font-weight: 600;\">Apr\u00e8s l&#8217;inscription, nous vous enverrons un e-mail de v\u00e9rification afin que vous puissiez activer votre compte. Si vous ne recevez pas ce courrier apr\u00e8s quelques minutes, il se peut qu&#8217;il se trouve dans le bac de courrier ind\u00e9sirable.<\/p>\n<hr style=\"max-width: 450px;margin-left:auto;margin-right: auto;\">\n\n<div class=\"um um-register um-660\">\n\t<div class=\"um-form\" data-mode=\"register\">\n\t\t<form method=\"post\" action=\"\">\n\t\t\t<div class=\"um-row _um_row_1 \" style=\"margin: 0 0 30px 0;\"><div class=\"um-col-1\"><div  id=\"um_field_660_user_login\" class=\"um-field um-field-text  um-field-user_login um-field-text um-field-type_text\" data-key=\"user_login\"><div class=\"um-field-label\"><label for=\"user_login-660\">Nom d&#039;utilisateur<\/label><div class=\"um-clear\"><\/div><\/div><div class=\"um-field-area\"><input  autocomplete=\"off\" class=\"um-form-field valid \" type=\"text\" name=\"user_login-660\" id=\"user_login-660\" value=\"\" placeholder=\"\" data-validate=\"unique_username\" data-key=\"user_login\"  aria-invalid=\"false\" \/>\n\n\t\t\t\t\t\t<\/div><\/div><div  id=\"um_field_660_first_name\" class=\"um-field um-field-text  um-field-first_name um-field-text um-field-type_text\" data-key=\"first_name\"><div class=\"um-field-label\"><label for=\"first_name-660\">Nom<\/label><div class=\"um-clear\"><\/div><\/div><div class=\"um-field-area\"><input  autocomplete=\"off\" class=\"um-form-field valid \" type=\"text\" name=\"first_name-660\" id=\"first_name-660\" value=\"\" placeholder=\"\" data-validate=\"\" data-key=\"first_name\"  aria-invalid=\"false\" \/>\n\n\t\t\t\t\t\t<\/div><\/div><div  id=\"um_field_660_last_name\" class=\"um-field um-field-text  um-field-last_name um-field-text um-field-type_text\" data-key=\"last_name\"><div class=\"um-field-label\"><label for=\"last_name-660\">Le nom<\/label><div class=\"um-clear\"><\/div><\/div><div class=\"um-field-area\"><input  autocomplete=\"off\" class=\"um-form-field valid \" type=\"text\" name=\"last_name-660\" id=\"last_name-660\" value=\"\" placeholder=\"\" data-validate=\"\" data-key=\"last_name\"  aria-invalid=\"false\" \/>\n\n\t\t\t\t\t\t<\/div><\/div><div  id=\"um_field_660_user_email\" class=\"um-field um-field-text  um-field-user_email um-field-text um-field-type_text\" data-key=\"user_email\"><div class=\"um-field-label\"><label for=\"user_email-660\">Adresse \u00e9l\u00e9ctronique<\/label><div class=\"um-clear\"><\/div><\/div><div class=\"um-field-area\"><input  autocomplete=\"off\" class=\"um-form-field valid \" type=\"text\" name=\"user_email-660\" id=\"user_email-660\" value=\"\" placeholder=\"\" data-validate=\"unique_email\" data-key=\"user_email\"  aria-invalid=\"false\" \/>\n\n\t\t\t\t\t\t<\/div><\/div><div  id=\"um_field_660_user_password\" class=\"um-field um-field-password  um-field-user_password um-field-password um-field-type_password\" data-key=\"user_password\"><div class=\"um-field-label\"><label for=\"user_password-660\">Password<\/label><div class=\"um-clear\"><\/div><\/div><div class=\"um-field-area\"><input class=\"um-form-field valid \" type=\"password\" name=\"user_password-660\" id=\"user_password-660\" value=\"\" placeholder=\"\" data-validate=\"\" data-key=\"user_password\"  aria-invalid=\"false\" \/>\n\n\t\t\t\t\t\t\t<\/div><\/div><div  id=\"um_field_660_confirm_user_password\" class=\"um-field um-field-password  um-field-user_password um-field-password um-field-type_password\" data-key=\"confirm_user_password\"><div class=\"um-field-label\"><label for=\"confirm_user_password-660\">Confirmer le Password<\/label><div class=\"um-clear\"><\/div><\/div><div class=\"um-field-area\"><input class=\"um-form-field valid \" type=\"password\" name=\"confirm_user_password-660\" id=\"confirm_user_password-660\" value=\"\" placeholder=\"Confirmer le Password\" data-validate=\"\" data-key=\"confirm_user_password\"  aria-invalid=\"false\" \/><\/div><\/div><\/div><\/div>\t\t<input type=\"hidden\" name=\"form_id\" id=\"form_id_660\" value=\"660\" \/>\n\t\n\t<p class=\"um_request_name\">\n\t\t<label for=\"um_request_660\">Only fill in if you are not human<\/label>\n\t\t<input type=\"hidden\" name=\"um_request\" id=\"um_request_660\" class=\"input\" value=\"\" size=\"25\" autocomplete=\"off\" \/>\n\t<\/p>\n\n\t<input type=\"hidden\" id=\"_wpnonce\" name=\"_wpnonce\" value=\"7566e04055\" \/><input type=\"hidden\" name=\"_wp_http_referer\" value=\"\/fr\/wp-json\/wp\/v2\/pages\/708\" \/>\n\t<div class=\"um-col-alt\">\n\n\t\t\n\t\t\t<div class=\"um-left um-half\">\n\t\t\t\t<input type=\"submit\" value=\"Ouvrir un compte\" class=\"um-button\" id=\"um-submit-btn\" \/>\n\t\t\t<\/div>\n\t\t\t<div class=\"um-right um-half\">\n\t\t\t\t<a href=\"https:\/\/plurifor.iefc.net\/fr\/sidentifier\/\" class=\"um-button um-alt\">\n\t\t\t\t\tS'identifier\t\t\t\t<\/a>\n\t\t\t<\/div>\n\n\t\t\n\t\t<div class=\"um-clear\"><\/div>\n\n\t<\/div>\n\n\t\t\t<\/form>\n\t<\/div>\n<\/div>\n<style>\n\t\t\t.um-660.um {\n\t\t\tmax-width: 450px;\n\t\t}\n\t\t<\/style>\n<\/p>\n","protected":false},"excerpt":{"rendered":"<p>S&#8217;il vous pla\u00eet, avant d&#8217;appuyer sur le bouton d&#8217;enregistrement, confirmez [&hellip;]<\/p>\n","protected":false},"author":3,"featured_media":0,"parent":0,"menu_order":0,"comment_status":"closed","ping_status":"open","template":"","meta":[],"_links":{"self":[{"href":"https:\/\/plurifor.iefc.net\/fr\/wp-json\/wp\/v2\/pages\/708"}],"collection":[{"href":"https:\/\/plurifor.iefc.net\/fr\/wp-json\/wp\/v2\/pages"}],"about":[{"href":"https:\/\/plurifor.iefc.net\/fr\/wp-json\/wp\/v2\/types\/page"}],"author":[{"embeddable":true,"href":"https:\/\/plurifor.iefc.net\/fr\/wp-json\/wp\/v2\/users\/3"}],"replies":[{"embeddable":true,"href":"https:\/\/plurifor.iefc.net\/fr\/wp-json\/wp\/v2\/comments?post=708"}],"version-history":[{"count":8,"href":"https:\/\/plurifor.iefc.net\/fr\/wp-json\/wp\/v2\/pages\/708\/revisions"}],"predecessor-version":[{"id":896,"href":"https:\/\/plurifor.iefc.net\/fr\/wp-json\/wp\/v2\/pages\/708\/revisions\/896"}],"wp:attachment":[{"href":"https:\/\/plurifor.iefc.net\/fr\/wp-json\/wp\/v2\/media?parent=708"}],"curies":[{"name":"wp","href":"https:\/\/api.w.org\/{rel}","templated":true}]}}