{"id":7484,"date":"2019-07-09T13:10:04","date_gmt":"2019-07-09T10:10:04","guid":{"rendered":"https:\/\/plurifor.iefc.net\/reunion-finale-plurifor-4-5-juin-2019\/"},"modified":"2019-07-09T14:09:53","modified_gmt":"2019-07-09T11:09:53","slug":"reunion-finale-plurifor-4-5-juin-2019","status":"publish","type":"page","link":"https:\/\/plurifor.iefc.net\/fr\/reunion-finale-plurifor-4-5-juin-2019\/","title":{"rendered":"R\u00e9union finale Plurifor (4 &#8211; 5 Juin 2019)"},"content":{"rendered":"<p>La r\u00e9union finale de Plurifor a eu lieu les 4 et 5 juin 2019 \u00e0 Bordeaux, France.<\/p>\n<p>Cette r\u00e9union a officiellement marqu\u00e9 la fin du projet triennal sur la gestion transnationale des risques forestiers en Europe du Sud-Ouest. Les partenaires PLURIFOR ont pr\u00e9sent\u00e9 les principaux r\u00e9sultats du projet et les le\u00e7ons apprises. Ce fut \u00e9galement l&#8217;occasion pour les participants de discuter de l&#8217;impact du projet et de la n\u00e9cessit\u00e9 d&#8217;une gestion continue des risques forestiers au niveau europ\u00e9en.<\/p>\n<div class=\"news-field news-content\">\n<div class=\"field field--name-body field--type-text-with-summary field--label-hidden field--item\">\n<p><a href=\"https:\/\/plurifor.iefc.net\/wp-content\/uploads\/WP3\/2019-EFIPLANT-Annual-meeting.FV_en.pdf\">Agenda<\/a><\/p>\n<p><a href=\"https:\/\/plurifor.iefc.net\/fr\/blog\/plurifor-project-comes-to-an-end-with-an-innovative-and-unprecedented-transnational-collaboration-on-forest-risks-management\/\">R\u00e9sum\u00e9 du projet Plurifor<\/a><\/p>\n<p><a href=\"https:\/\/www.facebook.com\/pg\/EuropeanForestInstitute\/photos\/?tab=album&amp;album_id=2240239722696283\">Images<\/a><\/p>\n<p>Pr\u00e9sentations :<\/p>\n<p><a href=\"https:\/\/plurifor.iefc.net\/wp-content\/uploads\/2019\/07\/PLURIFOR-management-council-3_claudia.pdf\">C. Antoniotti: \u00c9tapes \u00e0 suivre pour le rapport final<\/a><\/p>\n<p><a href=\"https:\/\/plurifor.iefc.net\/wp-content\/uploads\/2019\/07\/COMMUNICATION-AND-NETWORKING-ACTIONS-IMPLEMENTED-BY-PLURIFOR.pdf\">M. Briones: Outils de communication et de mise en r\u00e9seau utilis\u00e9s dans PLURIFOR<\/a><\/p>\n<p><a href=\"https:\/\/plurifor.iefc.net\/wp-content\/uploads\/2019\/07\/C.-Cola\u00e7o.pdf\">C. Cola\u00e7o : Projet Plurifor : un plan transnational pour la gestion des risques d&#8217;incendies de for\u00eat<\/a><\/p>\n<\/div>\n<\/div>\n","protected":false},"excerpt":{"rendered":"<p>La r\u00e9union finale de Plurifor a eu lieu les 4 [&hellip;]<\/p>\n","protected":false},"author":68,"featured_media":0,"parent":0,"menu_order":0,"comment_status":"closed","ping_status":"closed","template":"","meta":[],"_links":{"self":[{"href":"https:\/\/plurifor.iefc.net\/fr\/wp-json\/wp\/v2\/pages\/7484"}],"collection":[{"href":"https:\/\/plurifor.iefc.net\/fr\/wp-json\/wp\/v2\/pages"}],"about":[{"href":"https:\/\/plurifor.iefc.net\/fr\/wp-json\/wp\/v2\/types\/page"}],"author":[{"embeddable":true,"href":"https:\/\/plurifor.iefc.net\/fr\/wp-json\/wp\/v2\/users\/68"}],"replies":[{"embeddable":true,"href":"https:\/\/plurifor.iefc.net\/fr\/wp-json\/wp\/v2\/comments?post=7484"}],"version-history":[{"count":2,"href":"https:\/\/plurifor.iefc.net\/fr\/wp-json\/wp\/v2\/pages\/7484\/revisions"}],"predecessor-version":[{"id":7517,"href":"https:\/\/plurifor.iefc.net\/fr\/wp-json\/wp\/v2\/pages\/7484\/revisions\/7517"}],"wp:attachment":[{"href":"https:\/\/plurifor.iefc.net\/fr\/wp-json\/wp\/v2\/media?parent=7484"}],"curies":[{"name":"wp","href":"https:\/\/api.w.org\/{rel}","templated":true}]}}