{"id":7608,"date":"2019-07-17T15:15:27","date_gmt":"2019-07-17T12:15:27","guid":{"rendered":"https:\/\/plurifor.iefc.net\/presentations-2\/"},"modified":"2019-07-17T15:20:25","modified_gmt":"2019-07-17T12:20:25","slug":"presentations-2","status":"publish","type":"page","link":"https:\/\/plurifor.iefc.net\/fr\/presentations-2\/","title":{"rendered":"Pr\u00e9sentations"},"content":{"rendered":"<p><a href=\"https:\/\/plurifor.iefc.net\/wp-content\/uploads\/WP4\/ECCA-Oral-presentation-Cola\u00e7o.pptx\">Projet Plurifor : un plan transnational pour la gestion des risques d&#8217;incendies de for\u00eat<\/a>, Concei\u00e7\u00e3o Cola\u00e7o (ISA, Portugal) &#8211; EN<\/p>\n<p><a href=\"https:\/\/plurifor.iefc.net\/wp-content\/uploads\/WP4\/Gu\u00eda_Taller_Simulaciones_Incendios-English_Version.pptx\">Guide d&#8217;utilisation des simulateurs du comportement du feu<\/a>, Enrique Jim\u00e9nez Carmona (CIF Lourizan, Spain) &#8211; EN<\/p>\n<p><a href=\"https:\/\/plurifor.iefc.net\/wp-content\/uploads\/WP4\/Gu%C3%ADa_Taller_Simulaciones_Incendios-Spanish_Version.pdf\">Guide d&#8217;utilisation des simulateurs du comportement du feu<\/a>, Enrique Jim\u00e9nez Carmona (CIF Lourizan, Spain) &#8211; ES<\/p>\n<p><a href=\"https:\/\/plurifor.iefc.net\/wp-content\/uploads\/WP4\/Gu%C3%ADa_MapaCombustibles_QGis_Spanish_Version.pdf\">Cr\u00e9ation et visualisation de cartes de combustibles,<\/a>\u00a0Sandra S\u00e1nchez Garc\u00eda and Antol\u00edn Velasco Moreno (Cetemas, Spain) &#8211; ES<\/p>\n","protected":false},"excerpt":{"rendered":"<p>Projet Plurifor : un plan transnational pour la gestion des [&hellip;]<\/p>\n","protected":false},"author":65,"featured_media":0,"parent":0,"menu_order":0,"comment_status":"closed","ping_status":"closed","template":"","meta":[],"_links":{"self":[{"href":"https:\/\/plurifor.iefc.net\/fr\/wp-json\/wp\/v2\/pages\/7608"}],"collection":[{"href":"https:\/\/plurifor.iefc.net\/fr\/wp-json\/wp\/v2\/pages"}],"about":[{"href":"https:\/\/plurifor.iefc.net\/fr\/wp-json\/wp\/v2\/types\/page"}],"author":[{"embeddable":true,"href":"https:\/\/plurifor.iefc.net\/fr\/wp-json\/wp\/v2\/users\/65"}],"replies":[{"embeddable":true,"href":"https:\/\/plurifor.iefc.net\/fr\/wp-json\/wp\/v2\/comments?post=7608"}],"version-history":[{"count":2,"href":"https:\/\/plurifor.iefc.net\/fr\/wp-json\/wp\/v2\/pages\/7608\/revisions"}],"predecessor-version":[{"id":7612,"href":"https:\/\/plurifor.iefc.net\/fr\/wp-json\/wp\/v2\/pages\/7608\/revisions\/7612"}],"wp:attachment":[{"href":"https:\/\/plurifor.iefc.net\/fr\/wp-json\/wp\/v2\/media?parent=7608"}],"curies":[{"name":"wp","href":"https:\/\/api.w.org\/{rel}","templated":true}]}}