{"id":1403,"date":"2017-11-21T21:54:12","date_gmt":"2017-11-21T18:54:12","guid":{"rendered":"https:\/\/plurifor.iefc.net\/emerging-pests-and-diseases\/"},"modified":"2019-07-09T10:12:36","modified_gmt":"2019-07-09T07:12:36","slug":"pragas-doencas-emergentes","status":"publish","type":"page","link":"https:\/\/plurifor.iefc.net\/pt-pt\/pragas-doencas-emergentes\/","title":{"rendered":"Pragas e doen\u00e7as emergentes"},"content":{"rendered":"<div class=\"fusion-fullwidth fullwidth-box fusion-builder-row-1 nonhundred-percent-fullwidth non-hundred-percent-height-scrolling\" style=\"--awb-border-radius-top-left:0px;--awb-border-radius-top-right:0px;--awb-border-radius-bottom-right:0px;--awb-border-radius-bottom-left:0px;--awb-flex-wrap:wrap;\" ><div class=\"fusion-builder-row fusion-row\"><div class=\"fusion-layout-column fusion_builder_column fusion-builder-column-0 fusion_builder_column_1_1 1_1 fusion-one-full fusion-column-first fusion-column-last\" style=\"--awb-bg-size:cover;--awb-margin-bottom:0px;\"><div class=\"fusion-column-wrapper fusion-flex-column-wrapper-legacy\"><div class=\"fusion-text fusion-text-1\"><\/div><div class=\"fusion-text fusion-text-2\"><p><img decoding=\"async\" class=\"size-thumbnail wp-image-1147 alignleft\" src=\"https:\/\/plurifor.iefc.net\/wp-content\/uploads\/2017\/11\/plagas_y_enfermedades_emergentes_min-150x150.jpg\" alt=\"\" width=\"150\" height=\"150\" srcset=\"https:\/\/plurifor.iefc.net\/wp-content\/uploads\/2017\/11\/plagas_y_enfermedades_emergentes_min-66x66.jpg 66w, https:\/\/plurifor.iefc.net\/wp-content\/uploads\/2017\/11\/plagas_y_enfermedades_emergentes_min-150x150.jpg 150w, https:\/\/plurifor.iefc.net\/wp-content\/uploads\/2017\/11\/plagas_y_enfermedades_emergentes_min-200x200.jpg 200w, https:\/\/plurifor.iefc.net\/wp-content\/uploads\/2017\/11\/plagas_y_enfermedades_emergentes_min-300x300.jpg 300w, https:\/\/plurifor.iefc.net\/wp-content\/uploads\/2017\/11\/plagas_y_enfermedades_emergentes_min-400x400.jpg 400w, https:\/\/plurifor.iefc.net\/wp-content\/uploads\/2017\/11\/plagas_y_enfermedades_emergentes_min.jpg 500w\" sizes=\"(max-width: 150px) 100vw, 150px\" \/><\/p>\n<p>A urbaniza\u00e7\u00e3o, o com\u00e9rcio global e as altera\u00e7\u00f5es clim\u00e1ticas contribu\u00edram para o estabelecimento de pragas e doen\u00e7as invasivas e ex\u00f3ticas na Europa. Pragas e doen\u00e7as emergentes aumentam o risco de risco em florestas plantadas. Ferramentas de preven\u00e7\u00e3o e monitoramento s\u00e3o necess\u00e1rias para diminuir o risco<\/p>\n<\/div><div class=\"fusion-sep-clear\"><\/div><div class=\"fusion-separator fusion-full-width-sep\" style=\"margin-left: auto;margin-right: auto;width:100%;\"><div class=\"fusion-separator-border sep-shadow\" style=\"--awb-height:20px;--awb-amount:20px;background:radial-gradient(ellipse at 50% -50% , #e0dede 0px, rgba(255, 255, 255, 0) 80%) repeat scroll 0 0 rgba(0, 0, 0, 0);background:-webkit-radial-gradient(ellipse at 50% -50% , #e0dede 0px, rgba(255, 255, 255, 0) 80%) repeat scroll 0 0 rgba(0, 0, 0, 0);background:-moz-radial-gradient(ellipse at 50% -50% , #e0dede 0px, rgba(255, 255, 255, 0) 80%) repeat scroll 0 0 rgba(0, 0, 0, 0);background:-o-radial-gradient(ellipse at 50% -50% , #e0dede 0px, rgba(255, 255, 255, 0) 80%) repeat scroll 0 0 rgba(0, 0, 0, 0);\"><\/div><\/div><div class=\"fusion-sep-clear\"><\/div><div class=\"fusion-clearfix\"><\/div><\/div><\/div><div class=\"fusion-layout-column fusion_builder_column fusion-builder-column-1 fusion_builder_column_1_1 1_1 fusion-one-full fusion-column-first fusion-column-last\" style=\"--awb-bg-size:cover;--awb-margin-bottom:0px;\"><div class=\"fusion-column-wrapper fusion-flex-column-wrapper-legacy\"><div class=\"fusion-text fusion-text-3\"><h2 style=\"font-size: 28px;\">Planos de gest\u00e3o de riscos e ferramentas<\/h2>\n<\/div><div class=\"fusion-text fusion-text-4\"><p><a href=\"https:\/\/plurifor.iefc.net\/wp-content\/uploads\/WP4\/E411_Emerging-pests-and-diseases-risk-plan_final_FR.docx\">Plano de detec\u00e7\u00e3o de pragas e doen\u00e7as emergentes na Aquit\u00e2nia V2\u00a0<\/a>(FR)<\/p>\n<p><a href=\"https:\/\/plurifor.iefc.net\/wp-content\/uploads\/WP2\/plans\/Emerging-pests-and-diseases-risk-plan_FR.pdf\">Plano de detec\u00e7\u00e3o de pragas e doen\u00e7as emergentes na Aquit\u00e2nia V1\u00a0<\/a>(FR)<\/p>\n<p><a href=\"https:\/\/plurifor.iefc.net\/wp-content\/uploads\/WP2\/plans\/Emerging-pests-and-diseases-risk-plan_PT.pdf\">Plano de risco para pragas e doen\u00e7as emergentes na Portugal<\/a><\/p>\n<p><a href=\"https:\/\/plurifor.iefc.net\/wp-content\/uploads\/WP4\/E411_plan_emergentes_Euskadi.pdf\">Plano de gest\u00e3o de risco para pragas e doen\u00e7as emergentes no Pa\u00eds Basco V2<\/a>\u00a0(ES)<\/p>\n<p><a href=\"https:\/\/plurifor.iefc.net\/wp-content\/uploads\/WP2\/plans\/Emerging-pests-and-diseases-risk-plan_ES.pdf\">Plano de gest\u00e3o de risco para pragas e doen\u00e7as emergentes no Pa\u00eds Basco V1<\/a>\u00a0(ES)<\/p>\n<p><a href=\"https:\/\/plurifor.iefc.net\/pt-pt\/ferramentas-de-pragas-e-doencas-emergentes\/\">Ferramentas<\/a><\/p>\n<\/div><div class=\"fusion-sep-clear\"><\/div><div class=\"fusion-separator fusion-full-width-sep\" style=\"margin-left: auto;margin-right: auto;width:100%;\"><div class=\"fusion-separator-border sep-shadow\" style=\"--awb-height:20px;--awb-amount:20px;background:radial-gradient(ellipse at 50% -50% , #e0dede 0px, rgba(255, 255, 255, 0) 80%) repeat scroll 0 0 rgba(0, 0, 0, 0);background:-webkit-radial-gradient(ellipse at 50% -50% , #e0dede 0px, rgba(255, 255, 255, 0) 80%) repeat scroll 0 0 rgba(0, 0, 0, 0);background:-moz-radial-gradient(ellipse at 50% -50% , #e0dede 0px, rgba(255, 255, 255, 0) 80%) repeat scroll 0 0 rgba(0, 0, 0, 0);background:-o-radial-gradient(ellipse at 50% -50% , #e0dede 0px, rgba(255, 255, 255, 0) 80%) repeat scroll 0 0 rgba(0, 0, 0, 0);\"><\/div><\/div><div class=\"fusion-sep-clear\"><\/div><div class=\"fusion-clearfix\"><\/div><\/div><\/div><div class=\"fusion-layout-column fusion_builder_column fusion-builder-column-2 fusion_builder_column_1_1 1_1 fusion-one-full fusion-column-first fusion-column-last\" style=\"--awb-bg-size:cover;--awb-margin-bottom:0px;\"><div class=\"fusion-column-wrapper fusion-flex-column-wrapper-legacy\"><div class=\"fusion-text fusion-text-5\"><h2 style=\"font-size: 28px;\">Workshop sobre o risco de pragas e doen\u00e7as emergentes\u00a02: <em>Avalia\u00e7\u00e3o do plano de gest\u00e3o de riscos<\/em><\/h2>\n<\/div><div class=\"fusion-text fusion-text-6\"><p>18 Fevereiro 2019 em Cestas (Fran\u00e7a)<\/p>\n<p><a href=\"https:\/\/plurifor.iefc.net\/wp-content\/uploads\/WP4\/Deliv311_emerging_pests_diseases.pdf\">Atas<\/a> (EN)<\/p>\n<p><a href=\"https:\/\/plurifor.iefc.net\/wp-content\/uploads\/WP4\/E321_EmergingPests_France.xlsx\">Avalia\u00e7\u00e3o econ\u00f3mica do plano<\/a> (EN)<\/p>\n<\/div><div class=\"fusion-text fusion-text-7\"><h2 style=\"font-size: 28px;\">Workshop sobre o risco de pragas e doen\u00e7as emergentes 1: <em>Towards early warning detection methods<\/em><\/h2>\n<\/div><div class=\"fusion-text fusion-text-8\"><p>25 de Janeiro de 2018 em Oeiras (Portugal)<\/p>\n<p>Este workshop faz parte da s\u00e9rie de workshops de forma\u00e7\u00e3o transnacionais organizados pelo projeto PLURIFOR. Oficinas de forma\u00e7\u00e3o transnacional visam a troca de know-how sobre gest\u00e3o de risco florestal entre parceiros e parceiros associados do projeto.<\/p>\n<p><a href=\"https:\/\/plurifor.iefc.net\/wp-content\/uploads\/WP2\/workshop_material\/emerging_pests_workshop_agenda_25-january-2018_v3.pdf\">Agenda<\/a><\/p>\n<p><a title=\"Minutes of the emerging pests and diseases workshop\" href=\"https:\/\/plurifor.iefc.net\/wp-content\/uploads\/WP2\/2.1.1\/Emerging\/Emerging-workshop-minutes.pdf\">Atas<\/a><\/p>\n<p><a href=\"\/?page_id=3874\">Apresenta\u00e7\u00f5es<\/a><\/p>\n<\/div><div class=\"fusion-sep-clear\"><\/div><div class=\"fusion-separator fusion-full-width-sep\" style=\"margin-left: auto;margin-right: auto;width:100%;\"><div class=\"fusion-separator-border sep-shadow\" style=\"--awb-height:20px;--awb-amount:20px;background:radial-gradient(ellipse at 50% -50% , #e0dede 0px, rgba(255, 255, 255, 0) 80%) repeat scroll 0 0 rgba(0, 0, 0, 0);background:-webkit-radial-gradient(ellipse at 50% -50% , #e0dede 0px, rgba(255, 255, 255, 0) 80%) repeat scroll 0 0 rgba(0, 0, 0, 0);background:-moz-radial-gradient(ellipse at 50% -50% , #e0dede 0px, rgba(255, 255, 255, 0) 80%) repeat scroll 0 0 rgba(0, 0, 0, 0);background:-o-radial-gradient(ellipse at 50% -50% , #e0dede 0px, rgba(255, 255, 255, 0) 80%) repeat scroll 0 0 rgba(0, 0, 0, 0);\"><\/div><\/div><div class=\"fusion-sep-clear\"><\/div><div class=\"fusion-clearfix\"><\/div><\/div><\/div><div class=\"fusion-layout-column fusion_builder_column fusion-builder-column-3 fusion_builder_column_1_1 1_1 fusion-one-full fusion-column-first fusion-column-last\" style=\"--awb-bg-size:cover;--awb-margin-bottom:0px;\"><div class=\"fusion-column-wrapper fusion-flex-column-wrapper-legacy\"><div class=\"fusion-text fusion-text-9\"><h2>Entreg\u00e1veis<\/h2>\n<\/div><div class=\"fusion-text fusion-text-10\"><h3>Relat\u00f3rios regionais<\/h3>\n<p>Relat\u00f3rios descrevendo como o risco de pragas e doen\u00e7as emergentes foi gerenciado nas regi\u00f5es em quest\u00e3o no in\u00edcio do projeto, em 2016:<\/p>\n<ul>\n<li><a title=\"Gest\u00e3o de risco florestal na Aquit\u00e2nia (2016)\" href=\"https:\/\/plurifor.iefc.net\/wp-content\/uploads\/WP1\/1.2.1\/Aquitaine\/WP1_Aquitaine.pdf\">Gest\u00e3o de risco florestal na Aquit\u00e2nia (2016)<\/a>\u00a0(FR)<\/li>\n<li><a title=\"Gest\u00e3o de risco florestal no Pa\u00eds Basco (ES) (2016)\" href=\"https:\/\/plurifor.iefc.net\/wp-content\/uploads\/WP1\/1.2.1\/Euskadi\/WP1_Euskadi.pdf\">Gest\u00e3o de risco florestal no Pa\u00eds Basco (ES) (2016)<\/a> (ES)<\/li>\n<li><a title=\"Gest\u00e3o de risco florestal em Portugal (2016)\" href=\"https:\/\/plurifor.iefc.net\/wp-content\/uploads\/WP1\/1.2.1\/Portugal\/WP1_Portugal.pdf\">Gest\u00e3o de risco florestal em Portugal (2016)<\/a><\/li>\n<\/ul>\n<h3>Relat\u00f3rio resumido<\/h3>\n<p>Relat\u00f3rio resumindo a gest\u00e3o dos oito riscos nas regi\u00f5es em causa no in\u00edcio do projeto, em 2016:<\/p>\n<ul>\n<li><a title=\"Relat\u00f3rio resumido: gerenciamento de risco florestal antes do projeto PLURIFOR\" href=\"https:\/\/plurifor.iefc.net\/wp-content\/uploads\/WP1\/1.2.2\/WP1-Summary-report-FINAL.pdf\">Relat\u00f3rio resumido<\/a>\u00a0(EN)<\/li>\n<\/ul>\n<\/div><div class=\"fusion-sep-clear\"><\/div><div class=\"fusion-separator fusion-full-width-sep\" style=\"margin-left: auto;margin-right: auto;width:100%;\"><div class=\"fusion-separator-border sep-shadow\" style=\"--awb-height:20px;--awb-amount:20px;background:radial-gradient(ellipse at 50% -50% , #e0dede 0px, rgba(255, 255, 255, 0) 80%) repeat scroll 0 0 rgba(0, 0, 0, 0);background:-webkit-radial-gradient(ellipse at 50% -50% , #e0dede 0px, rgba(255, 255, 255, 0) 80%) repeat scroll 0 0 rgba(0, 0, 0, 0);background:-moz-radial-gradient(ellipse at 50% -50% , #e0dede 0px, rgba(255, 255, 255, 0) 80%) repeat scroll 0 0 rgba(0, 0, 0, 0);background:-o-radial-gradient(ellipse at 50% -50% , #e0dede 0px, rgba(255, 255, 255, 0) 80%) repeat scroll 0 0 rgba(0, 0, 0, 0);\"><\/div><\/div><div class=\"fusion-sep-clear\"><\/div><div class=\"fusion-clearfix\"><\/div><\/div><\/div><div class=\"fusion-layout-column fusion_builder_column fusion-builder-column-4 fusion_builder_column_1_1 1_1 fusion-one-full fusion-column-first fusion-column-last\" style=\"--awb-bg-size:cover;--awb-margin-bottom:0px;\"><div class=\"fusion-column-wrapper fusion-flex-column-wrapper-legacy\"><div class=\"fusion-text fusion-text-11\"><h2 style=\"font-size: 28px;\">Contatos<\/h2>\n<\/div><div class=\"fusion-text fusion-text-12\"><ul>\n<li><strong>Aquitaine<\/strong>:\u00a0Herv\u00e9 Jactel (INRA) &#8211;\u00a0herve.jactel @ inra.fr &#8211; coordenador<\/li>\n<li><strong>Basque country<\/strong>: Alejandro Cantero (HAZI) &#8211;\u00a0acantero @ hazi.eus<\/li>\n<li><strong>Basque country<\/strong>: Amaia Ortiz (NEIKER) &#8211;\u00a0aortizb @ neiker.eus<\/li>\n<li><strong>Portugal<\/strong>:\u00a0Manuela Branco (ISA) &#8211;\u00a0mrbranco @ isa.ulisboa.pt<\/li>\n<\/ul>\n<\/div><div class=\"fusion-clearfix\"><\/div><\/div><\/div><\/div><\/div>\n","protected":false},"excerpt":{"rendered":"","protected":false},"author":3,"featured_media":0,"parent":0,"menu_order":0,"comment_status":"closed","ping_status":"closed","template":"","meta":[],"_links":{"self":[{"href":"https:\/\/plurifor.iefc.net\/pt-pt\/wp-json\/wp\/v2\/pages\/1403"}],"collection":[{"href":"https:\/\/plurifor.iefc.net\/pt-pt\/wp-json\/wp\/v2\/pages"}],"about":[{"href":"https:\/\/plurifor.iefc.net\/pt-pt\/wp-json\/wp\/v2\/types\/page"}],"author":[{"embeddable":true,"href":"https:\/\/plurifor.iefc.net\/pt-pt\/wp-json\/wp\/v2\/users\/3"}],"replies":[{"embeddable":true,"href":"https:\/\/plurifor.iefc.net\/pt-pt\/wp-json\/wp\/v2\/comments?post=1403"}],"version-history":[{"count":88,"href":"https:\/\/plurifor.iefc.net\/pt-pt\/wp-json\/wp\/v2\/pages\/1403\/revisions"}],"predecessor-version":[{"id":7240,"href":"https:\/\/plurifor.iefc.net\/pt-pt\/wp-json\/wp\/v2\/pages\/1403\/revisions\/7240"}],"wp:attachment":[{"href":"https:\/\/plurifor.iefc.net\/pt-pt\/wp-json\/wp\/v2\/media?parent=1403"}],"curies":[{"name":"wp","href":"https:\/\/api.w.org\/{rel}","templated":true}]}}