{"id":1410,"date":"2017-11-21T21:52:38","date_gmt":"2017-11-21T18:52:38","guid":{"rendered":"https:\/\/plurifor.iefc.net\/eucalyptus-weevil\/"},"modified":"2019-07-09T12:44:54","modified_gmt":"2019-07-09T09:44:54","slug":"gorgulho-do-eucalipto","status":"publish","type":"page","link":"https:\/\/plurifor.iefc.net\/pt-pt\/gorgulho-do-eucalipto\/","title":{"rendered":"Gorgulho do eucalipto"},"content":{"rendered":"<div class=\"fusion-fullwidth fullwidth-box fusion-builder-row-1 nonhundred-percent-fullwidth non-hundred-percent-height-scrolling\" style=\"--awb-border-radius-top-left:0px;--awb-border-radius-top-right:0px;--awb-border-radius-bottom-right:0px;--awb-border-radius-bottom-left:0px;--awb-flex-wrap:wrap;\" ><div class=\"fusion-builder-row fusion-row\"><div class=\"fusion-layout-column fusion_builder_column fusion-builder-column-0 fusion_builder_column_1_1 1_1 fusion-one-full fusion-column-first fusion-column-last\" style=\"--awb-bg-size:cover;--awb-margin-bottom:0px;\"><div class=\"fusion-column-wrapper fusion-flex-column-wrapper-legacy\"><div class=\"fusion-text fusion-text-1\"><\/div><div class=\"fusion-text fusion-text-2\"><p><img decoding=\"async\" class=\"size-thumbnail wp-image-1325 alignleft\" src=\"https:\/\/plurifor.iefc.net\/wp-content\/uploads\/2017\/11\/gorgojo_del_eucalipto_min-1-150x150.jpg\" alt=\"\" width=\"150\" height=\"150\" srcset=\"https:\/\/plurifor.iefc.net\/wp-content\/uploads\/2017\/11\/gorgojo_del_eucalipto_min-1-66x66.jpg 66w, https:\/\/plurifor.iefc.net\/wp-content\/uploads\/2017\/11\/gorgojo_del_eucalipto_min-1-150x150.jpg 150w, https:\/\/plurifor.iefc.net\/wp-content\/uploads\/2017\/11\/gorgojo_del_eucalipto_min-1-200x200.jpg 200w, https:\/\/plurifor.iefc.net\/wp-content\/uploads\/2017\/11\/gorgojo_del_eucalipto_min-1-300x300.jpg 300w, https:\/\/plurifor.iefc.net\/wp-content\/uploads\/2017\/11\/gorgojo_del_eucalipto_min-1-400x400.jpg 400w, https:\/\/plurifor.iefc.net\/wp-content\/uploads\/2017\/11\/gorgojo_del_eucalipto_min-1.jpg 500w\" sizes=\"(max-width: 150px) 100vw, 150px\" \/><\/p>\n<p>O gorgulho do eucalipto (<em>Gonipterus scutellatus<\/em>) \u00e9 um besouro que desfolha \u00e1rvores de eucalipto. Alimenta-se de folhas e brotos em crescimento e a f\u00eamea coloca ovos nas folhas novas. Desfolia\u00e7\u00f5es severas podem causar supress\u00e3o do crescimento ou mesmo a mortalidade das \u00e1rvores.<\/p>\n<\/div><div class=\"fusion-sep-clear\"><\/div><div class=\"fusion-separator fusion-full-width-sep\" style=\"margin-left: auto;margin-right: auto;width:100%;\"><div class=\"fusion-separator-border sep-shadow\" style=\"--awb-height:20px;--awb-amount:20px;background:radial-gradient(ellipse at 50% -50% , #e0dede 0px, rgba(255, 255, 255, 0) 80%) repeat scroll 0 0 rgba(0, 0, 0, 0);background:-webkit-radial-gradient(ellipse at 50% -50% , #e0dede 0px, rgba(255, 255, 255, 0) 80%) repeat scroll 0 0 rgba(0, 0, 0, 0);background:-moz-radial-gradient(ellipse at 50% -50% , #e0dede 0px, rgba(255, 255, 255, 0) 80%) repeat scroll 0 0 rgba(0, 0, 0, 0);background:-o-radial-gradient(ellipse at 50% -50% , #e0dede 0px, rgba(255, 255, 255, 0) 80%) repeat scroll 0 0 rgba(0, 0, 0, 0);\"><\/div><\/div><div class=\"fusion-sep-clear\"><\/div><div class=\"fusion-clearfix\"><\/div><\/div><\/div><div class=\"fusion-layout-column fusion_builder_column fusion-builder-column-1 fusion_builder_column_1_1 1_1 fusion-one-full fusion-column-first fusion-column-last\" style=\"--awb-bg-size:cover;--awb-margin-bottom:0px;\"><div class=\"fusion-column-wrapper fusion-flex-column-wrapper-legacy\"><div class=\"fusion-text fusion-text-3\"><h2 style=\"font-size: 28px;\">Planos de gest\u00e3o de riscos e ferramentas<\/h2>\n<\/div><div class=\"fusion-text fusion-text-4\"><p><a href=\"https:\/\/plurifor.iefc.net\/wp-content\/uploads\/WP4\/E411-EucalyptusWeevil.pdf\">Plano de gest\u00e3o de risco para o gorgulho do eucalipto em Portugal V2<\/a>\u00a0(PT)<\/p>\n<p><a href=\"https:\/\/plurifor.iefc.net\/wp-content\/uploads\/WP2\/plans\/Gonipterus-platensis-risk-plan_PT.pdf\">Plano de gest\u00e3o de risco para o gorgulho do eucalipto em Portugal V1<\/a> (PT)<\/p>\n<p><a href=\"https:\/\/plurifor.iefc.net\/wp-content\/uploads\/WP2\/plans\/Gonipterus-platensis-risk-plan_ES.pdf\">Plano de risco para o gorgulho do eucalipto no norte da Espanha<\/a>\u00a0(ES)<\/p>\n<p><a href=\"https:\/\/plurifor.iefc.net\/pt-pt\/ferramentas-de-gorgulho-do-eucalipto\/\">Ferramentas<\/a><\/p>\n<\/div><div class=\"fusion-sep-clear\"><\/div><div class=\"fusion-separator fusion-full-width-sep\" style=\"margin-left: auto;margin-right: auto;width:100%;\"><div class=\"fusion-separator-border sep-shadow\" style=\"--awb-height:20px;--awb-amount:20px;background:radial-gradient(ellipse at 50% -50% , #e0dede 0px, rgba(255, 255, 255, 0) 80%) repeat scroll 0 0 rgba(0, 0, 0, 0);background:-webkit-radial-gradient(ellipse at 50% -50% , #e0dede 0px, rgba(255, 255, 255, 0) 80%) repeat scroll 0 0 rgba(0, 0, 0, 0);background:-moz-radial-gradient(ellipse at 50% -50% , #e0dede 0px, rgba(255, 255, 255, 0) 80%) repeat scroll 0 0 rgba(0, 0, 0, 0);background:-o-radial-gradient(ellipse at 50% -50% , #e0dede 0px, rgba(255, 255, 255, 0) 80%) repeat scroll 0 0 rgba(0, 0, 0, 0);\"><\/div><\/div><div class=\"fusion-sep-clear\"><\/div><div class=\"fusion-clearfix\"><\/div><\/div><\/div><div class=\"fusion-layout-column fusion_builder_column fusion-builder-column-2 fusion_builder_column_1_1 1_1 fusion-one-full fusion-column-first fusion-column-last\" style=\"--awb-bg-size:cover;--awb-margin-bottom:0px;\"><div class=\"fusion-column-wrapper fusion-flex-column-wrapper-legacy\"><div class=\"fusion-text fusion-text-5\"><h2 style=\"font-size: 28px;\">Workshop sobre o risco do gorgulho do eucalipto 3: <em>Divulga\u00e7\u00e3o do plano de gest\u00e3o de riscos<\/em><\/h2>\n<\/div><div class=\"fusion-text fusion-text-6\"><p>21 de Mar\u00e7o de 2019 em Pontevedra (Espanha)<\/p>\n<p><a href=\"https:\/\/plurifor.iefc.net\/wp-content\/uploads\/WP4\/Deliv-421_Eucalyptus-weevil.pdf\">Atas<\/a><\/p>\n<p>1 de Mar\u00e7o de 2019 em Lous\u00e3 e\u00a026 de fevereiro de 2019 em Oeiras (Portugal)<\/p>\n<p><a href=\"https:\/\/plurifor.iefc.net\/wp-content\/uploads\/WP4\/Deliv-431_Eucalyptus-weevil.pdf\">Atas<\/a><\/p>\n<\/div><div class=\"fusion-text fusion-text-7\"><h2 style=\"font-size: 28px;\">Workshop sobre o risco do gorgulho do eucalipto 2: <em>Avalia\u00e7\u00e3o do plano de gest\u00e3o de riscos<\/em><\/h2>\n<\/div><div class=\"fusion-text fusion-text-8\"><p><a href=\"https:\/\/plurifor.iefc.net\/wp-content\/uploads\/WP3\/Deliv311_eucalyptus_weevil.pdf\">Actas<\/a>\u00a0(EN)<\/p>\n<p><a href=\"https:\/\/plurifor.iefc.net\/wp-content\/uploads\/WP3\/Deliv321_eucalyptus-weevil_Asturias-1.xlsx\">Avalia\u00e7\u00e3o econ\u00f3mica do plano<\/a> (Asturias)<\/p>\n<p><a href=\"https:\/\/plurifor.iefc.net\/wp-content\/uploads\/WP3\/Deliv321_eucalyptus-weevil_Cantabria-1.xlsx\">Avalia\u00e7\u00e3o econ\u00f3mica do plano<\/a> (Cantabria)<\/p>\n<p><a href=\"https:\/\/plurifor.iefc.net\/wp-content\/uploads\/WP3\/Deliv321_eucalyptus-weevil_Portugal-1.xlsx\">Avalia\u00e7\u00e3o econ\u00f3mica do plano<\/a> (Portugal)<\/p>\n<\/div><div class=\"fusion-text fusion-text-9\"><h2 style=\"font-size: 28px;\">Workshop sobre o risco do gorgulho do eucalipto 1:\u00a0<em>Ferramentas para monitoramento de desfolia\u00e7\u00e3o<\/em><\/h2>\n<\/div><div class=\"fusion-text fusion-text-10\"><p>4 de Outubro de 2017 em Eixo (Portugal)<\/p>\n<p>Este workshop faz parte da s\u00e9rie de workshops de forma\u00e7\u00e3o transnacionais organizados pelo projeto PLURIFOR. Oficinas de forma\u00e7\u00e3o transnacional visam a troca de know-how sobre gest\u00e3o de risco florestal entre parceiros e parceiros associados do projeto<\/p>\n<p><a href=\"https:\/\/plurifor.iefc.net\/wp-content\/uploads\/WP2\/workshop_material\/plurifor_gonipterus_workshop_agenda_aveiro_04-10-2017_v3.pdf\">Agenda<\/a><\/p>\n<p><a title=\"Minutes of the eucalyptus weevil workshop\" href=\"https:\/\/plurifor.iefc.net\/wp-content\/uploads\/WP2\/2.1.1\/Gonipterus\/Eucalyptus-weevil-workshop-minutes.pdf\">Atas<\/a><\/p>\n<p><a href=\"\/?page_id=3845\">Apresenta\u00e7\u00f5es<\/a><\/p>\n<\/div><div class=\"fusion-sep-clear\"><\/div><div class=\"fusion-separator fusion-full-width-sep\" style=\"margin-left: auto;margin-right: auto;width:100%;\"><div class=\"fusion-separator-border sep-shadow\" style=\"--awb-height:20px;--awb-amount:20px;background:radial-gradient(ellipse at 50% -50% , #e0dede 0px, rgba(255, 255, 255, 0) 80%) repeat scroll 0 0 rgba(0, 0, 0, 0);background:-webkit-radial-gradient(ellipse at 50% -50% , #e0dede 0px, rgba(255, 255, 255, 0) 80%) repeat scroll 0 0 rgba(0, 0, 0, 0);background:-moz-radial-gradient(ellipse at 50% -50% , #e0dede 0px, rgba(255, 255, 255, 0) 80%) repeat scroll 0 0 rgba(0, 0, 0, 0);background:-o-radial-gradient(ellipse at 50% -50% , #e0dede 0px, rgba(255, 255, 255, 0) 80%) repeat scroll 0 0 rgba(0, 0, 0, 0);\"><\/div><\/div><div class=\"fusion-sep-clear\"><\/div><div class=\"fusion-clearfix\"><\/div><\/div><\/div><div class=\"fusion-layout-column fusion_builder_column fusion-builder-column-3 fusion_builder_column_1_1 1_1 fusion-one-full fusion-column-first fusion-column-last\" style=\"--awb-bg-size:cover;--awb-margin-bottom:0px;\"><div class=\"fusion-column-wrapper fusion-flex-column-wrapper-legacy\"><div class=\"fusion-text fusion-text-11\"><h2 style=\"font-size: 28px;\">Entreg\u00e1veis<\/h2>\n<\/div><div class=\"fusion-text fusion-text-12\"><h3>Relat\u00f3rios regionais<\/h3>\n<p>Relat\u00f3rios descrevendo como o risco de gorgulho do eucalipto foi gerenciado nas regi\u00f5es em quest\u00e3o no in\u00edcio do projeto, em 2016:<\/p>\n<ul>\n<li><a href=\"https:\/\/plurifor.iefc.net\/wp-content\/uploads\/WP1\/1.2.1\/Asturias\/WP1_Asturias.pdf\">Gest\u00e3o de risco florestal na Asturias (2016)<\/a> (ES)<\/li>\n<li><a title=\"Forest risk management in Cantabria (2016)\" href=\"https:\/\/plurifor.iefc.net\/wp-content\/uploads\/WP1\/1.2.1\/Cantabria\/WP1_Cantabria.pdf\">Gest\u00e3o de risco florestal na Cantabria (2016)<\/a>\u00a0(ES)<\/li>\n<li><a title=\"Gest\u00e3o de risco florestal em Portugal (2016)\" href=\"https:\/\/plurifor.iefc.net\/wp-content\/uploads\/WP1\/1.2.1\/Portugal\/WP1_Portugal.pdf\">Gest\u00e3o de risco florestal em Portugal (2016)<\/a><\/li>\n<\/ul>\n<h3>Relat\u00f3rio resumido<\/h3>\n<p>Relat\u00f3rio resumindo a gest\u00e3o dos oito riscos nas regi\u00f5es em causa no in\u00edcio do projeto, em 2016:<\/p>\n<ul>\n<li><a title=\"Relat\u00f3rio resumido: gerenciamento de risco florestal antes do projeto PLURIFOR\" href=\"https:\/\/plurifor.iefc.net\/wp-content\/uploads\/WP1\/1.2.2\/WP1-Summary-report-FINAL.pdf\">Relat\u00f3rio resumido (2016)<\/a>\u00a0(EN)\n<div class=\"fusion-text\"><\/div>\n<\/li>\n<\/ul>\n<\/div><div class=\"fusion-sep-clear\"><\/div><div class=\"fusion-separator fusion-full-width-sep\" style=\"margin-left: auto;margin-right: auto;width:100%;\"><div class=\"fusion-separator-border sep-shadow\" style=\"--awb-height:20px;--awb-amount:20px;background:radial-gradient(ellipse at 50% -50% , #e0dede 0px, rgba(255, 255, 255, 0) 80%) repeat scroll 0 0 rgba(0, 0, 0, 0);background:-webkit-radial-gradient(ellipse at 50% -50% , #e0dede 0px, rgba(255, 255, 255, 0) 80%) repeat scroll 0 0 rgba(0, 0, 0, 0);background:-moz-radial-gradient(ellipse at 50% -50% , #e0dede 0px, rgba(255, 255, 255, 0) 80%) repeat scroll 0 0 rgba(0, 0, 0, 0);background:-o-radial-gradient(ellipse at 50% -50% , #e0dede 0px, rgba(255, 255, 255, 0) 80%) repeat scroll 0 0 rgba(0, 0, 0, 0);\"><\/div><\/div><div class=\"fusion-sep-clear\"><\/div><div class=\"fusion-clearfix\"><\/div><\/div><\/div><div class=\"fusion-layout-column fusion_builder_column fusion-builder-column-4 fusion_builder_column_1_1 1_1 fusion-one-full fusion-column-first fusion-column-last\" style=\"--awb-bg-size:cover;--awb-margin-bottom:0px;\"><div class=\"fusion-column-wrapper fusion-flex-column-wrapper-legacy\"><div class=\"fusion-text fusion-text-13\"><h2 style=\"font-size: 28px;\">Contatos<\/h2>\n<\/div><div class=\"fusion-text fusion-text-14\"><ul>\n<li><strong>Portugal<\/strong>:\u00a0Manuela Branco (ISA) &#8211; mrbranco @ isa.ulisboa.pt &#8211; coordenador<\/li>\n<li><strong>Ast\u00farias<\/strong>: Juan Majada (CETEMAS) &#8211; jmajada @ cetemas.es<\/li>\n<li><strong>Cant\u00e1bria<\/strong>: Julio Diez (UVa) &#8211; jdcasero @ pvs.uva.es<\/li>\n<\/ul>\n<\/div><div class=\"fusion-clearfix\"><\/div><\/div><\/div><\/div><\/div>\n","protected":false},"excerpt":{"rendered":"","protected":false},"author":3,"featured_media":0,"parent":0,"menu_order":0,"comment_status":"closed","ping_status":"closed","template":"","meta":[],"_links":{"self":[{"href":"https:\/\/plurifor.iefc.net\/pt-pt\/wp-json\/wp\/v2\/pages\/1410"}],"collection":[{"href":"https:\/\/plurifor.iefc.net\/pt-pt\/wp-json\/wp\/v2\/pages"}],"about":[{"href":"https:\/\/plurifor.iefc.net\/pt-pt\/wp-json\/wp\/v2\/types\/page"}],"author":[{"embeddable":true,"href":"https:\/\/plurifor.iefc.net\/pt-pt\/wp-json\/wp\/v2\/users\/3"}],"replies":[{"embeddable":true,"href":"https:\/\/plurifor.iefc.net\/pt-pt\/wp-json\/wp\/v2\/comments?post=1410"}],"version-history":[{"count":95,"href":"https:\/\/plurifor.iefc.net\/pt-pt\/wp-json\/wp\/v2\/pages\/1410\/revisions"}],"predecessor-version":[{"id":7447,"href":"https:\/\/plurifor.iefc.net\/pt-pt\/wp-json\/wp\/v2\/pages\/1410\/revisions\/7447"}],"wp:attachment":[{"href":"https:\/\/plurifor.iefc.net\/pt-pt\/wp-json\/wp\/v2\/media?parent=1410"}],"curies":[{"name":"wp","href":"https:\/\/api.w.org\/{rel}","templated":true}]}}