{"id":1422,"date":"2017-11-21T21:54:58","date_gmt":"2017-11-21T18:54:58","guid":{"rendered":"https:\/\/plurifor.iefc.net\/fire\/"},"modified":"2019-07-09T10:26:22","modified_gmt":"2019-07-09T07:26:22","slug":"fogos-florestais","status":"publish","type":"page","link":"https:\/\/plurifor.iefc.net\/pt-pt\/fogos-florestais\/","title":{"rendered":"Fogos florestais"},"content":{"rendered":"<div class=\"fusion-fullwidth fullwidth-box fusion-builder-row-1 nonhundred-percent-fullwidth non-hundred-percent-height-scrolling\" style=\"--awb-border-radius-top-left:0px;--awb-border-radius-top-right:0px;--awb-border-radius-bottom-right:0px;--awb-border-radius-bottom-left:0px;--awb-flex-wrap:wrap;\" ><div class=\"fusion-builder-row fusion-row\"><div class=\"fusion-layout-column fusion_builder_column fusion-builder-column-0 fusion_builder_column_1_1 1_1 fusion-one-full fusion-column-first fusion-column-last\" style=\"--awb-bg-size:cover;--awb-margin-bottom:0px;\"><div class=\"fusion-column-wrapper fusion-flex-column-wrapper-legacy\"><div class=\"fusion-text fusion-text-1\"><\/div><div class=\"fusion-text fusion-text-2\"><p><img decoding=\"async\" class=\"size-thumbnail wp-image-1310 alignleft\" src=\"https:\/\/plurifor.iefc.net\/wp-content\/uploads\/2017\/11\/incendios_forestales_min-1-150x150.jpg\" alt=\"\" width=\"150\" height=\"150\" srcset=\"https:\/\/plurifor.iefc.net\/wp-content\/uploads\/2017\/11\/incendios_forestales_min-1-66x66.jpg 66w, https:\/\/plurifor.iefc.net\/wp-content\/uploads\/2017\/11\/incendios_forestales_min-1-150x150.jpg 150w, https:\/\/plurifor.iefc.net\/wp-content\/uploads\/2017\/11\/incendios_forestales_min-1-200x200.jpg 200w, https:\/\/plurifor.iefc.net\/wp-content\/uploads\/2017\/11\/incendios_forestales_min-1-300x300.jpg 300w, https:\/\/plurifor.iefc.net\/wp-content\/uploads\/2017\/11\/incendios_forestales_min-1-400x400.jpg 400w, https:\/\/plurifor.iefc.net\/wp-content\/uploads\/2017\/11\/incendios_forestales_min-1.jpg 500w\" sizes=\"(max-width: 150px) 100vw, 150px\" \/><\/p>\n<p>Fogos florestais s\u00e3o um risco significativo no sul da Europa. Eles s\u00e3o principalmente inflamados por seres humanos (acidentalmente ou intencionalmente); no entanto, as condi\u00e7\u00f5es clim\u00e1ticas e o ac\u00famulo de combust\u00edvel causaram mudan\u00e7as importantes no risco de inc\u00eandio ao longo do tempo.<\/p>\n<\/div><div class=\"fusion-sep-clear\"><\/div><div class=\"fusion-separator fusion-full-width-sep\" style=\"margin-left: auto;margin-right: auto;width:100%;\"><div class=\"fusion-separator-border sep-shadow\" style=\"--awb-height:20px;--awb-amount:20px;background:radial-gradient(ellipse at 50% -50% , #e0dede 0px, rgba(255, 255, 255, 0) 80%) repeat scroll 0 0 rgba(0, 0, 0, 0);background:-webkit-radial-gradient(ellipse at 50% -50% , #e0dede 0px, rgba(255, 255, 255, 0) 80%) repeat scroll 0 0 rgba(0, 0, 0, 0);background:-moz-radial-gradient(ellipse at 50% -50% , #e0dede 0px, rgba(255, 255, 255, 0) 80%) repeat scroll 0 0 rgba(0, 0, 0, 0);background:-o-radial-gradient(ellipse at 50% -50% , #e0dede 0px, rgba(255, 255, 255, 0) 80%) repeat scroll 0 0 rgba(0, 0, 0, 0);\"><\/div><\/div><div class=\"fusion-sep-clear\"><\/div><div class=\"fusion-text fusion-text-3\"><h2 style=\"font-size: 28px;\">Planos de gerenciamento de risco e ferramentas<\/h2>\n<\/div><div class=\"fusion-text fusion-text-4\"><p><a href=\"https:\/\/plurifor.iefc.net\/wp-content\/uploads\/WP2\/plans\/Fire-risk-plan_1_ES.pdf\">Plano de gest\u00e3o de risco para fogos florestais o norte da Espanha e Portugal<\/a>\u00a0(ES)<\/p>\n<p><a href=\"https:\/\/plurifor.iefc.net\/pt-pt\/ferramentas-de-monitoramento-de-incendios-florestais\/\">Ferramentas<\/a><\/p>\n<\/div><div class=\"fusion-clearfix\"><\/div><\/div><\/div><div class=\"fusion-layout-column fusion_builder_column fusion-builder-column-1 fusion_builder_column_1_1 1_1 fusion-one-full fusion-column-first fusion-column-last\" style=\"--awb-bg-size:cover;--awb-margin-bottom:0px;\"><div class=\"fusion-column-wrapper fusion-flex-column-wrapper-legacy\"><div class=\"fusion-text fusion-text-5\"><h2 style=\"font-size: 28px;\">Workshop sobre o risco de fogos florestais 3: <em>D<\/em><em>ivulga\u00e7\u00e3o do plano de gest\u00e3o de riscos<\/em><\/h2>\n<\/div><div class=\"fusion-text fusion-text-6\"><p><a href=\"\/?page_id=7173\">Apresenta\u00e7\u00f5es<\/a><\/p>\n<\/div><div class=\"fusion-text fusion-text-7\"><p>7 Junho 2019 em Arkaute (Espanha)<\/p>\n<p><a title=\"Forest fire workshop minutes\" href=\"https:\/\/plurifor.iefc.net\/wp-content\/uploads\/WP4\/E421-Fire-1.pdf\">Atas <\/a>(ES)<\/p>\n<\/div><div class=\"fusion-text fusion-text-8\"><p>13 &#8211; 14 Maio 2019 em Carbay\u00edn (Espanha)<\/p>\n<p><a title=\"Forest fire workshop minutes\" href=\"https:\/\/plurifor.iefc.net\/wp-content\/uploads\/WP4\/E431-Fire.pdf\">Atas 2 <\/a>(ES)<\/p>\n<p><a title=\"Forest fire workshop minutes\" href=\"https:\/\/plurifor.iefc.net\/wp-content\/uploads\/WP4\/E421-Fire-2.pdf\">Atas 1 <\/a>(ES)<\/p>\n<\/div><div class=\"fusion-text fusion-text-9\"><h2 style=\"font-size: 28px;\">Workshop sobre o risco de fogos florestais 2:\u00a0<em>Avaliando o plano\u00a0de gest\u00e3o<\/em><\/h2>\n<\/div><div class=\"fusion-text fusion-text-10\"><p>15\u00a0Fevereiro 2019 em Pontevedra (Espanha)<\/p>\n<p><a title=\"Forest fire workshop minutes\" href=\"https:\/\/plurifor.iefc.net\/wp-content\/uploads\/WP3\/Deliv321_322_forest-fire.pdf\">Atas e avalia\u00e7\u00e3o econ\u00f3mica do plano<\/a>\u00a0(EN)<\/p>\n<p>&nbsp;<\/p>\n<\/div><div class=\"fusion-text fusion-text-11\"><h2 style=\"font-size: 28px;\">Workshop sobre o risco de fogos florestais 1:\u00a0<em>software de combate a inc\u00eandios: uma boa ferramenta para melhorar a gest\u00e3o dos inc\u00eandios florestais<\/em><\/h2>\n<\/div><div class=\"fusion-text fusion-text-12\"><p>22 &#8211; 23 de Maio de 2017 em Lisboa (Portugal)<\/p>\n<p><a href=\"https:\/\/plurifor.iefc.net\/wp-content\/uploads\/WP2\/workshop_material\/fire_workshop_agenda_22and23-05-2017.pdf\">Agenda<\/a><\/p>\n<p><a title=\"Forest fire workshop minutes\" href=\"https:\/\/plurifor.iefc.net\/wp-content\/uploads\/WP2\/2.1.1\/Fire\/Forest-fire-workshop-minutes.pdf\">Atas<\/a><\/p>\n<\/div><div class=\"fusion-sep-clear\"><\/div><div class=\"fusion-separator fusion-full-width-sep\" style=\"margin-left: auto;margin-right: auto;width:100%;\"><div class=\"fusion-separator-border sep-shadow\" style=\"--awb-height:20px;--awb-amount:20px;background:radial-gradient(ellipse at 50% -50% , #e0dede 0px, rgba(255, 255, 255, 0) 80%) repeat scroll 0 0 rgba(0, 0, 0, 0);background:-webkit-radial-gradient(ellipse at 50% -50% , #e0dede 0px, rgba(255, 255, 255, 0) 80%) repeat scroll 0 0 rgba(0, 0, 0, 0);background:-moz-radial-gradient(ellipse at 50% -50% , #e0dede 0px, rgba(255, 255, 255, 0) 80%) repeat scroll 0 0 rgba(0, 0, 0, 0);background:-o-radial-gradient(ellipse at 50% -50% , #e0dede 0px, rgba(255, 255, 255, 0) 80%) repeat scroll 0 0 rgba(0, 0, 0, 0);\"><\/div><\/div><div class=\"fusion-sep-clear\"><\/div><div class=\"fusion-clearfix\"><\/div><\/div><\/div><div class=\"fusion-layout-column fusion_builder_column fusion-builder-column-2 fusion_builder_column_1_1 1_1 fusion-one-full fusion-column-first fusion-column-last\" style=\"--awb-bg-size:cover;--awb-margin-bottom:0px;\"><div class=\"fusion-column-wrapper fusion-flex-column-wrapper-legacy\"><div class=\"fusion-text fusion-text-13\"><h2 style=\"font-size: 28px;\">Entreg\u00e1veis<\/h2>\n<\/div><div class=\"fusion-text fusion-text-14\"><h3>Relat\u00f3rios regionais<\/h3>\n<p>Relat\u00f3rios descrevendo como o risco de fogos florestais foi gerenciado nas regi\u00f5es em quest\u00e3o no in\u00edcio do projeto, em 2016:<\/p>\n<ul>\n<li><a title=\"Forest risk management in Asturias (2016)\" href=\"https:\/\/plurifor.iefc.net\/wp-content\/uploads\/WP1\/1.2.1\/Asturias\/WP1_Asturias.pdf\">Gest\u00e3o de risco florestal na Asturias (2016)<\/a> (ES)<\/li>\n<li><a href=\"https:\/\/plurifor.iefc.net\/wp-content\/uploads\/WP1\/1.2.1\/Euskadi\/WP1_Euskadi.pdf\">Gest\u00e3o de risco florestal no Pa\u00eds Basco (2016)<\/a>\u00a0(ES)<\/li>\n<li><a href=\"https:\/\/plurifor.iefc.net\/wp-content\/uploads\/WP1\/1.2.1\/Galicia\/WP1_Galicia.pdf\">Gest\u00e3o de risco florestal na Galicia (2016) <\/a>(ES)<\/li>\n<li><a href=\"https:\/\/plurifor.iefc.net\/wp-content\/uploads\/WP1\/1.2.1\/Portugal\/WP1_Portugal.pdf\">Gest\u00e3o de risco florestal em\u00a0Portugal (2016)<\/a><\/li>\n<\/ul>\n<h3>Relat\u00f3rio resumido<\/h3>\n<p>Relat\u00f3rio resumindo a gest\u00e3o dos oito riscos nas regi\u00f5es em causa no in\u00edcio do projeto, em 2016:<\/p>\n<ul>\n<li><a href=\"https:\/\/plurifor.iefc.net\/wp-content\/uploads\/WP1\/1.2.2\/WP1-Summary-report-FINAL.pdf\">Relat\u00f3rio resumido (2016)<\/a> (EN)<\/li>\n<\/ul>\n<\/div><div class=\"fusion-sep-clear\"><\/div><div class=\"fusion-separator fusion-full-width-sep\" style=\"margin-left: auto;margin-right: auto;width:100%;\"><div class=\"fusion-separator-border sep-shadow\" style=\"--awb-height:20px;--awb-amount:20px;background:radial-gradient(ellipse at 50% -50% , #e0dede 0px, rgba(255, 255, 255, 0) 80%) repeat scroll 0 0 rgba(0, 0, 0, 0);background:-webkit-radial-gradient(ellipse at 50% -50% , #e0dede 0px, rgba(255, 255, 255, 0) 80%) repeat scroll 0 0 rgba(0, 0, 0, 0);background:-moz-radial-gradient(ellipse at 50% -50% , #e0dede 0px, rgba(255, 255, 255, 0) 80%) repeat scroll 0 0 rgba(0, 0, 0, 0);background:-o-radial-gradient(ellipse at 50% -50% , #e0dede 0px, rgba(255, 255, 255, 0) 80%) repeat scroll 0 0 rgba(0, 0, 0, 0);\"><\/div><\/div><div class=\"fusion-sep-clear\"><\/div><div class=\"fusion-clearfix\"><\/div><\/div><\/div><div class=\"fusion-layout-column fusion_builder_column fusion-builder-column-3 fusion_builder_column_1_1 1_1 fusion-one-full fusion-column-first fusion-column-last\" style=\"--awb-bg-size:cover;--awb-margin-bottom:0px;\"><div class=\"fusion-column-wrapper fusion-flex-column-wrapper-legacy\"><div class=\"fusion-text fusion-text-15\"><h2 style=\"font-size: 28px;\">Contatos<\/h2>\n<\/div><div class=\"fusion-text fusion-text-16\"><ul>\n<li><strong>Portugal<\/strong>:\u00a0Concei\u00e7\u00e3o Cola\u00e7o (ISA) &#8211; ccolaco @ isa.ulisboa.pt &#8211; coordenador<\/li>\n<li><strong>Asturias<\/strong>:\u00a0Sandra S\u00e1nchez (CETEMAS) &#8211;\u00a0ssanchez @ cetemas.es<\/li>\n<li><strong>Basque country<\/strong>: Alejandro Cantero (HAZI) &#8211;\u00a0acantero @ hazi.eus<\/li>\n<li><strong>Galicia<\/strong>:\u00a0Cristina Fern\u00e1ndez (CIF\/INGACAL) &#8211;\u00a0cffilgueira @ gmail.com<\/li>\n<\/ul>\n<\/div><div class=\"fusion-clearfix\"><\/div><\/div><\/div><\/div><\/div>\n","protected":false},"excerpt":{"rendered":"","protected":false},"author":3,"featured_media":0,"parent":0,"menu_order":0,"comment_status":"closed","ping_status":"closed","template":"","meta":[],"_links":{"self":[{"href":"https:\/\/plurifor.iefc.net\/pt-pt\/wp-json\/wp\/v2\/pages\/1422"}],"collection":[{"href":"https:\/\/plurifor.iefc.net\/pt-pt\/wp-json\/wp\/v2\/pages"}],"about":[{"href":"https:\/\/plurifor.iefc.net\/pt-pt\/wp-json\/wp\/v2\/types\/page"}],"author":[{"embeddable":true,"href":"https:\/\/plurifor.iefc.net\/pt-pt\/wp-json\/wp\/v2\/users\/3"}],"replies":[{"embeddable":true,"href":"https:\/\/plurifor.iefc.net\/pt-pt\/wp-json\/wp\/v2\/comments?post=1422"}],"version-history":[{"count":118,"href":"https:\/\/plurifor.iefc.net\/pt-pt\/wp-json\/wp\/v2\/pages\/1422\/revisions"}],"predecessor-version":[{"id":7270,"href":"https:\/\/plurifor.iefc.net\/pt-pt\/wp-json\/wp\/v2\/pages\/1422\/revisions\/7270"}],"wp:attachment":[{"href":"https:\/\/plurifor.iefc.net\/pt-pt\/wp-json\/wp\/v2\/media?parent=1422"}],"curies":[{"name":"wp","href":"https:\/\/api.w.org\/{rel}","templated":true}]}}