{"id":1434,"date":"2017-11-21T21:55:39","date_gmt":"2017-11-21T18:55:39","guid":{"rendered":"https:\/\/plurifor.iefc.net\/soil-degradation\/"},"modified":"2019-07-31T17:19:59","modified_gmt":"2019-07-31T14:19:59","slug":"deterioracao-do-solo","status":"publish","type":"page","link":"https:\/\/plurifor.iefc.net\/pt-pt\/deterioracao-do-solo\/","title":{"rendered":"Deteriora\u00e7\u00e3o do solo"},"content":{"rendered":"<div class=\"fusion-fullwidth fullwidth-box fusion-builder-row-1 nonhundred-percent-fullwidth non-hundred-percent-height-scrolling\" style=\"--awb-border-radius-top-left:0px;--awb-border-radius-top-right:0px;--awb-border-radius-bottom-right:0px;--awb-border-radius-bottom-left:0px;--awb-flex-wrap:wrap;\" ><div class=\"fusion-builder-row fusion-row\"><div class=\"fusion-layout-column fusion_builder_column fusion-builder-column-0 fusion_builder_column_1_1 1_1 fusion-one-full fusion-column-first fusion-column-last\" style=\"--awb-bg-size:cover;--awb-margin-bottom:0px;\"><div class=\"fusion-column-wrapper fusion-flex-column-wrapper-legacy\"><div class=\"fusion-text fusion-text-1\"><\/div><div class=\"fusion-text fusion-text-2\"><p><img decoding=\"async\" class=\"size-thumbnail wp-image-1109 alignleft\" src=\"https:\/\/plurifor.iefc.net\/wp-content\/uploads\/2017\/11\/degradacion_del_suelo_min-150x150.jpg\" alt=\"\" width=\"150\" height=\"150\" \/><\/p>\n<p>A degrada\u00e7\u00e3o do solo \u00e9 causada principalmente por usos n\u00e3o sustent\u00e1veis \u200b\u200bda terra. As florestas desempenham um papel fundamental na prote\u00e7\u00e3o do solo e da \u00e1gua. Nas florestas plantadas, a compacta\u00e7\u00e3o do solo, a eros\u00e3o ou a diminui\u00e7\u00e3o do horizonte org\u00e2nico s\u00e3o freq\u00fcentemente observadas quando os solos s\u00e3o degradados. A otimiza\u00e7\u00e3o do manejo florestal pode reduzir significativamente esses impactos adversos nos solos<\/p>\n<p><strong>\u00a0<\/strong><\/p>\n<\/div><div class=\"fusion-sep-clear\"><\/div><div class=\"fusion-separator fusion-full-width-sep\" style=\"margin-left: auto;margin-right: auto;width:100%;\"><div class=\"fusion-separator-border sep-shadow\" style=\"--awb-height:20px;--awb-amount:20px;background:radial-gradient(ellipse at 50% -50% , #e0dede 0px, rgba(255, 255, 255, 0) 80%) repeat scroll 0 0 rgba(0, 0, 0, 0);background:-webkit-radial-gradient(ellipse at 50% -50% , #e0dede 0px, rgba(255, 255, 255, 0) 80%) repeat scroll 0 0 rgba(0, 0, 0, 0);background:-moz-radial-gradient(ellipse at 50% -50% , #e0dede 0px, rgba(255, 255, 255, 0) 80%) repeat scroll 0 0 rgba(0, 0, 0, 0);background:-o-radial-gradient(ellipse at 50% -50% , #e0dede 0px, rgba(255, 255, 255, 0) 80%) repeat scroll 0 0 rgba(0, 0, 0, 0);\"><\/div><\/div><div class=\"fusion-sep-clear\"><\/div><div class=\"fusion-clearfix\"><\/div><\/div><\/div><div class=\"fusion-layout-column fusion_builder_column fusion-builder-column-1 fusion_builder_column_1_1 1_1 fusion-one-full fusion-column-first fusion-column-last\" style=\"--awb-bg-size:cover;--awb-margin-bottom:0px;\"><div class=\"fusion-column-wrapper fusion-flex-column-wrapper-legacy\"><div class=\"fusion-text fusion-text-3\"><h2 style=\"font-size: 28px;\">Planos de gest\u00e3o de riscos e ferramentas<\/h2>\n<\/div><div class=\"fusion-text fusion-text-4\"><p><a href=\"https:\/\/plurifor.iefc.net\/wp-content\/uploads\/WP4\/E411_soil-degradation.pdf\">Plano de gest\u00e3o de risco para\u00a0deteriora\u00e7\u00e3o do solo V2<\/a> (ES)<\/p>\n<p><a href=\"https:\/\/plurifor.iefc.net\/wp-content\/uploads\/WP2\/plans\/Soil-degradation-plan_ES.pdf\">Plano de gest\u00e3o de risco para\u00a0deteriora\u00e7\u00e3o do solo V1<\/a> (ES)<\/p>\n<p><a href=\"https:\/\/plurifor.iefc.net\/pt-pt\/ferramentas-de-degradacao-do-solo\/\">Ferramentas<\/a><\/p>\n<\/div><div class=\"fusion-sep-clear\"><\/div><div class=\"fusion-separator fusion-full-width-sep\" style=\"margin-left: auto;margin-right: auto;width:100%;\"><div class=\"fusion-separator-border sep-shadow\" style=\"--awb-height:20px;--awb-amount:20px;background:radial-gradient(ellipse at 50% -50% , #e0dede 0px, rgba(255, 255, 255, 0) 80%) repeat scroll 0 0 rgba(0, 0, 0, 0);background:-webkit-radial-gradient(ellipse at 50% -50% , #e0dede 0px, rgba(255, 255, 255, 0) 80%) repeat scroll 0 0 rgba(0, 0, 0, 0);background:-moz-radial-gradient(ellipse at 50% -50% , #e0dede 0px, rgba(255, 255, 255, 0) 80%) repeat scroll 0 0 rgba(0, 0, 0, 0);background:-o-radial-gradient(ellipse at 50% -50% , #e0dede 0px, rgba(255, 255, 255, 0) 80%) repeat scroll 0 0 rgba(0, 0, 0, 0);\"><\/div><\/div><div class=\"fusion-sep-clear\"><\/div><div class=\"fusion-clearfix\"><\/div><\/div><\/div><div class=\"fusion-layout-column fusion_builder_column fusion-builder-column-2 fusion_builder_column_1_1 1_1 fusion-one-full fusion-column-first fusion-column-last\" style=\"--awb-bg-size:cover;--awb-margin-bottom:0px;\"><div class=\"fusion-column-wrapper fusion-flex-column-wrapper-legacy\"><div class=\"fusion-text fusion-text-5\"><h2 style=\"font-size: 28px;\">Workshop sobre o risco de deteriora\u00e7\u00e3o do solo 3:\u00a0<em>Divulga\u00e7\u00e3o do plano de gest\u00e3o de riscos<\/em><\/h2>\n<\/div><div class=\"fusion-text fusion-text-6\"><p>17 de Junho 2019 em Ond\u00e1rroa (Espanha)<\/p>\n<p><a title=\"Minutes of the soil degradation workshop\" href=\"https:\/\/plurifor.iefc.net\/wp-content\/uploads\/WP4\/E421_soil.pdf\">Atas<\/a> (ES)<\/p>\n<p>27 de Maio 2019 em Arkaute (Espanha)<\/p>\n<p><a title=\"Minutes of the soil degradation workshop\" href=\"https:\/\/plurifor.iefc.net\/wp-content\/uploads\/WP4\/E431_soil.pdf\">Atas<\/a> (ES)<\/p>\n<\/div><div class=\"fusion-text fusion-text-7\"><h2 style=\"font-size: 28px;\">Workshop sobre o risco de deteriora\u00e7\u00e3o do solo 2:\u00a0<em>Avalia\u00e7\u00e3o do plano de gest\u00e3o de riscos<\/em><\/h2>\n<\/div><div class=\"fusion-text fusion-text-8\"><p>3 &#8211; 4 de Dezembro de 2018 em \u00d3bidos (Portugal)<\/p>\n<p><a title=\"Minutes of the soil degradation workshop\" href=\"https:\/\/plurifor.iefc.net\/wp-content\/uploads\/WP3\/Deliv321_322_soil-degradation.pdf\">Atas<\/a>\u00a0(EN)<\/p>\n<p><a href=\"https:\/\/plurifor.iefc.net\/wp-content\/uploads\/WP3\/Deliv321_soil-degradation.xlsx\">Avalia\u00e7\u00e3o econ\u00f3mica do plano<\/a><\/p>\n<\/div><div class=\"fusion-text fusion-text-9\"><h2 style=\"font-size: 28px;\">Workshop sobre o risco de deteriora\u00e7\u00e3o do solo 1: <em>Orienta\u00e7\u00f5es pr\u00e1ticas para o desenvolvimento de planos de gest\u00e3o do risco de degrada\u00e7\u00e3o do solo na silvicultura<\/em><\/h2>\n<\/div><div class=\"fusion-text fusion-text-10\"><p>28 de Junho de 2017 em Plasencia (Espanha)<\/p>\n<p><a title=\"Minutes of the soil degradation workshop\" href=\"https:\/\/plurifor.iefc.net\/wp-content\/uploads\/WP2\/2.1.1\/Soil\/Soil-degradation-workshop-minutes.pdf\">Atas<\/a><\/p>\n<p><a href=\"https:\/\/plurifor.iefc.net\/pt-pt\/blog\/soil-degradation-presentations\/\">Apresenta\u00e7\u00f5es<\/a><\/p>\n<\/div><div class=\"fusion-sep-clear\"><\/div><div class=\"fusion-separator fusion-full-width-sep\" style=\"margin-left: auto;margin-right: auto;width:100%;\"><div class=\"fusion-separator-border sep-shadow\" style=\"--awb-height:20px;--awb-amount:20px;background:radial-gradient(ellipse at 50% -50% , #e0dede 0px, rgba(255, 255, 255, 0) 80%) repeat scroll 0 0 rgba(0, 0, 0, 0);background:-webkit-radial-gradient(ellipse at 50% -50% , #e0dede 0px, rgba(255, 255, 255, 0) 80%) repeat scroll 0 0 rgba(0, 0, 0, 0);background:-moz-radial-gradient(ellipse at 50% -50% , #e0dede 0px, rgba(255, 255, 255, 0) 80%) repeat scroll 0 0 rgba(0, 0, 0, 0);background:-o-radial-gradient(ellipse at 50% -50% , #e0dede 0px, rgba(255, 255, 255, 0) 80%) repeat scroll 0 0 rgba(0, 0, 0, 0);\"><\/div><\/div><div class=\"fusion-sep-clear\"><\/div><div class=\"fusion-clearfix\"><\/div><\/div><\/div><div class=\"fusion-layout-column fusion_builder_column fusion-builder-column-3 fusion_builder_column_1_1 1_1 fusion-one-full fusion-column-first fusion-column-last\" style=\"--awb-bg-size:cover;--awb-margin-bottom:0px;\"><div class=\"fusion-column-wrapper fusion-flex-column-wrapper-legacy\"><div class=\"fusion-text fusion-text-11\"><h2>Entreg\u00e1veis<\/h2>\n<\/div><div class=\"fusion-text fusion-text-12\"><h3>Relat\u00f3rios regionais<\/h3>\n<p>Relat\u00f3rios descrevendo como o risco de deteriora\u00e7\u00e3o do solo foi gerenciado nas regi\u00f5es em quest\u00e3o no in\u00edcio do projeto, em 2016:<\/p>\n<ul>\n<li><a title=\"Forest risk management in Asturias (2016)\" href=\"&quot;https:\/\/plurifor.iefc.net\/wp-content\/uploads\/WP1\/1.2.1\/Asturias\/WP1_Asturias.pdf\">Gest\u00e3o de risco florestal na Asturias (2016)\/a&gt;\u00a0(ES)<\/a><\/li>\n<li><a title=\"Forest risk management in Galicia (2016)\" href=\"https:\/\/plurifor.iefc.net\/wp-content\/uploads\/WP1\/1.2.1\/Galicia\/WP1_Galicia.pdf\">Gest\u00e3o de risco florestal na Galicia (2016)<\/a>\u00a0(ES)<\/li>\n<li><a title=\"Forest risk management in Galicia (2016)\" href=\"https:\/\/plurifor.iefc.net\/wp-content\/uploads\/WP1\/1.2.1\/Euskadi\/WP1_Euskadi.pdf\">Gest\u00e3o de risco florestal no Pa\u00eds Basco (2016)<\/a>\u00a0(ES)<\/li>\n<li><a title=\"Forest risk management in Portugal (2016)\" href=\"https:\/\/plurifor.iefc.net\/wp-content\/uploads\/WP1\/1.2.1\/Portugal\/WP1_Portugal.pdf\">Gest\u00e3o de risco florestal em Portugal (2016)<\/a><\/li>\n<\/ul>\n<h3>Relat\u00f3rio resumido<\/h3>\n<p>Relat\u00f3rio resumindo a gest\u00e3o dos oito riscos nas regi\u00f5es em causa no in\u00edcio do projeto, em 2016:<\/p>\n<ul>\n<li><a title=\"Summary report: risk management before the PLURIFOR project (2016)\" href=\"https:\/\/plurifor.iefc.net\/wp-content\/uploads\/WP1\/1.2.2\/WP1-Summary-report-FINAL.pdf\">Relat\u00f3rio resumido (2016)<\/a> (EN)<\/li>\n<\/ul>\n<\/div><div class=\"fusion-sep-clear\"><\/div><div class=\"fusion-separator fusion-full-width-sep\" style=\"margin-left: auto;margin-right: auto;width:100%;\"><div class=\"fusion-separator-border sep-shadow\" style=\"--awb-height:20px;--awb-amount:20px;background:radial-gradient(ellipse at 50% -50% , #e0dede 0px, rgba(255, 255, 255, 0) 80%) repeat scroll 0 0 rgba(0, 0, 0, 0);background:-webkit-radial-gradient(ellipse at 50% -50% , #e0dede 0px, rgba(255, 255, 255, 0) 80%) repeat scroll 0 0 rgba(0, 0, 0, 0);background:-moz-radial-gradient(ellipse at 50% -50% , #e0dede 0px, rgba(255, 255, 255, 0) 80%) repeat scroll 0 0 rgba(0, 0, 0, 0);background:-o-radial-gradient(ellipse at 50% -50% , #e0dede 0px, rgba(255, 255, 255, 0) 80%) repeat scroll 0 0 rgba(0, 0, 0, 0);\"><\/div><\/div><div class=\"fusion-sep-clear\"><\/div><div class=\"fusion-clearfix\"><\/div><\/div><\/div><div class=\"fusion-layout-column fusion_builder_column fusion-builder-column-4 fusion_builder_column_1_1 1_1 fusion-one-full fusion-column-first fusion-column-last\" style=\"--awb-bg-size:cover;--awb-margin-bottom:0px;\"><div class=\"fusion-column-wrapper fusion-flex-column-wrapper-legacy\"><div class=\"fusion-text fusion-text-13\"><h2 style=\"font-size: 28px;\">Contatos<\/h2>\n<\/div><div class=\"fusion-text fusion-text-14\"><ul>\n<li><strong>Pa\u00eds Basco<\/strong>: Ander Arias (NEIKER) &#8211;\u00a0agonzalez @ neiker.eus &#8211; coordenador<\/li>\n<li><strong>Ast\u00farias<\/strong>: Elena Canga (CETEMAS) &#8211; ecanga @ cetemas.es<\/li>\n<li><strong>Galiza<\/strong>: Cristina Fern\u00e1ndez (CIF\/INGACAL) &#8211;\u00a0cffilgueira @ gmail.com<\/li>\n<li><strong>Portugal<\/strong>: Manuel Madeira (ISA) &#8211; mavmadeira @ isa.ulisboa.pt<\/li>\n<\/ul>\n<\/div><div class=\"fusion-clearfix\"><\/div><\/div><\/div><\/div><\/div>\n","protected":false},"excerpt":{"rendered":"","protected":false},"author":3,"featured_media":0,"parent":0,"menu_order":0,"comment_status":"closed","ping_status":"closed","template":"","meta":[],"_links":{"self":[{"href":"https:\/\/plurifor.iefc.net\/pt-pt\/wp-json\/wp\/v2\/pages\/1434"}],"collection":[{"href":"https:\/\/plurifor.iefc.net\/pt-pt\/wp-json\/wp\/v2\/pages"}],"about":[{"href":"https:\/\/plurifor.iefc.net\/pt-pt\/wp-json\/wp\/v2\/types\/page"}],"author":[{"embeddable":true,"href":"https:\/\/plurifor.iefc.net\/pt-pt\/wp-json\/wp\/v2\/users\/3"}],"replies":[{"embeddable":true,"href":"https:\/\/plurifor.iefc.net\/pt-pt\/wp-json\/wp\/v2\/comments?post=1434"}],"version-history":[{"count":111,"href":"https:\/\/plurifor.iefc.net\/pt-pt\/wp-json\/wp\/v2\/pages\/1434\/revisions"}],"predecessor-version":[{"id":7749,"href":"https:\/\/plurifor.iefc.net\/pt-pt\/wp-json\/wp\/v2\/pages\/1434\/revisions\/7749"}],"wp:attachment":[{"href":"https:\/\/plurifor.iefc.net\/pt-pt\/wp-json\/wp\/v2\/media?parent=1434"}],"curies":[{"name":"wp","href":"https:\/\/api.w.org\/{rel}","templated":true}]}}