{"id":1438,"date":"2017-11-21T21:56:12","date_gmt":"2017-11-21T18:56:12","guid":{"rendered":"https:\/\/plurifor.iefc.net\/storm\/"},"modified":"2019-07-09T11:24:52","modified_gmt":"2019-07-09T08:24:52","slug":"tempestade","status":"publish","type":"page","link":"https:\/\/plurifor.iefc.net\/pt-pt\/tempestade\/","title":{"rendered":"Tempestades"},"content":{"rendered":"<div class=\"fusion-fullwidth fullwidth-box fusion-builder-row-1 nonhundred-percent-fullwidth non-hundred-percent-height-scrolling\" style=\"--awb-border-radius-top-left:0px;--awb-border-radius-top-right:0px;--awb-border-radius-bottom-right:0px;--awb-border-radius-bottom-left:0px;--awb-flex-wrap:wrap;\" ><div class=\"fusion-builder-row fusion-row\"><div class=\"fusion-layout-column fusion_builder_column fusion-builder-column-0 fusion_builder_column_1_1 1_1 fusion-one-full fusion-column-first fusion-column-last\" style=\"--awb-bg-size:cover;--awb-margin-bottom:0px;\"><div class=\"fusion-column-wrapper fusion-flex-column-wrapper-legacy\"><div class=\"fusion-text fusion-text-1\"><\/div><div class=\"fusion-text fusion-text-2\"><p><img decoding=\"async\" class=\"size-thumbnail wp-image-1315 alignleft\" src=\"https:\/\/plurifor.iefc.net\/wp-content\/uploads\/2017\/11\/tormenta_min-1-150x150.jpg\" alt=\"\" width=\"150\" height=\"150\" srcset=\"https:\/\/plurifor.iefc.net\/wp-content\/uploads\/2017\/11\/tormenta_min-1-66x66.jpg 66w, https:\/\/plurifor.iefc.net\/wp-content\/uploads\/2017\/11\/tormenta_min-1-150x150.jpg 150w, https:\/\/plurifor.iefc.net\/wp-content\/uploads\/2017\/11\/tormenta_min-1-200x200.jpg 200w, https:\/\/plurifor.iefc.net\/wp-content\/uploads\/2017\/11\/tormenta_min-1-300x300.jpg 300w, https:\/\/plurifor.iefc.net\/wp-content\/uploads\/2017\/11\/tormenta_min-1-400x400.jpg 400w, https:\/\/plurifor.iefc.net\/wp-content\/uploads\/2017\/11\/tormenta_min-1.jpg 500w\" sizes=\"(max-width: 150px) 100vw, 150px\" \/><\/p>\n<p>Na Europa, as tempestades s\u00e3o respons\u00e1veis \u200b\u200bpor mais de 50% de todo o volume de perdas por danos. Um aumento no risco de vento tamb\u00e9m \u00e9 observado para florestas n\u00e3o afetadas em pa\u00edses do norte da Europa. O mapeamento de prepara\u00e7\u00e3o e vulnerabilidade \u00e9 um componente chave desse gerenciamento de riscos.<\/p>\n<\/div><div class=\"fusion-sep-clear\"><\/div><div class=\"fusion-separator fusion-full-width-sep\" style=\"margin-left: auto;margin-right: auto;width:100%;\"><div class=\"fusion-separator-border sep-shadow\" style=\"--awb-height:20px;--awb-amount:20px;background:radial-gradient(ellipse at 50% -50% , #e0dede 0px, rgba(255, 255, 255, 0) 80%) repeat scroll 0 0 rgba(0, 0, 0, 0);background:-webkit-radial-gradient(ellipse at 50% -50% , #e0dede 0px, rgba(255, 255, 255, 0) 80%) repeat scroll 0 0 rgba(0, 0, 0, 0);background:-moz-radial-gradient(ellipse at 50% -50% , #e0dede 0px, rgba(255, 255, 255, 0) 80%) repeat scroll 0 0 rgba(0, 0, 0, 0);background:-o-radial-gradient(ellipse at 50% -50% , #e0dede 0px, rgba(255, 255, 255, 0) 80%) repeat scroll 0 0 rgba(0, 0, 0, 0);\"><\/div><\/div><div class=\"fusion-sep-clear\"><\/div><div class=\"fusion-clearfix\"><\/div><\/div><\/div><div class=\"fusion-layout-column fusion_builder_column fusion-builder-column-1 fusion_builder_column_1_1 1_1 fusion-one-full fusion-column-first fusion-column-last\" style=\"--awb-bg-size:cover;--awb-margin-bottom:0px;\"><div class=\"fusion-column-wrapper fusion-flex-column-wrapper-legacy\"><div class=\"fusion-text fusion-text-3\"><h2 style=\"font-size: 28px;\">Planos de gest\u00e3o de riscos e ferramentas<\/h2>\n<\/div><div class=\"fusion-text fusion-text-4\"><p><a href=\"https:\/\/plurifor.iefc.net\/wp-content\/uploads\/WP2\/plans\/Storm-risk-national-plan_FR.pdf\">Plano nacional de risco para tempestades na Fran\u00e7a<\/a>\u00a0(FR)<\/p>\n<p><a href=\"https:\/\/plurifor.iefc.net\/wp-content\/uploads\/WP2\/plans\/Storm-plan_FR.pdf\">Recomenda\u00e7\u00f5es para o plano nacional de risco de tempestades franc\u00eas<\/a>\u00a0(FR)<\/p>\n<p><a href=\"https:\/\/plurifor.iefc.net\/wp-content\/uploads\/WP4\/E411_plan_storm_Euskadi.pdf&quot;\">Plano de gest\u00e3o de risco de tempestades no Pa\u00eds Basco V2<\/a>\u00a0(ES)<\/p>\n<p><a href=\"https:\/\/plurifor.iefc.net\/wp-content\/uploads\/WP2\/plans\/storm-risk-plan_ES.pdf\">Plano de gest\u00e3o de risco de tempestades no Pa\u00eds Basco V1<\/a>\u00a0(ES)<\/p>\n<p><a href=\"https:\/\/plurifor.iefc.net\/wp-content\/uploads\/WP4\/WindPlansSynthforEuskadi.pdf\">S\u00edntese dos planos atl\u00e2nticos para a gest\u00e3o do plano de risco de tempestade<\/a> (ES)<\/p>\n<p><a href=\"https:\/\/plurifor.iefc.net\/pt-pt\/ferramentas\/\">Ferramentas<\/a><\/p>\n<\/div><div class=\"fusion-sep-clear\"><\/div><div class=\"fusion-separator fusion-full-width-sep\" style=\"margin-left: auto;margin-right: auto;width:100%;\"><div class=\"fusion-separator-border sep-shadow\" style=\"--awb-height:20px;--awb-amount:20px;background:radial-gradient(ellipse at 50% -50% , #e0dede 0px, rgba(255, 255, 255, 0) 80%) repeat scroll 0 0 rgba(0, 0, 0, 0);background:-webkit-radial-gradient(ellipse at 50% -50% , #e0dede 0px, rgba(255, 255, 255, 0) 80%) repeat scroll 0 0 rgba(0, 0, 0, 0);background:-moz-radial-gradient(ellipse at 50% -50% , #e0dede 0px, rgba(255, 255, 255, 0) 80%) repeat scroll 0 0 rgba(0, 0, 0, 0);background:-o-radial-gradient(ellipse at 50% -50% , #e0dede 0px, rgba(255, 255, 255, 0) 80%) repeat scroll 0 0 rgba(0, 0, 0, 0);\"><\/div><\/div><div class=\"fusion-sep-clear\"><\/div><div class=\"fusion-clearfix\"><\/div><\/div><\/div><div class=\"fusion-layout-column fusion_builder_column fusion-builder-column-2 fusion_builder_column_1_1 1_1 fusion-one-full fusion-column-first fusion-column-last\" style=\"--awb-bg-size:cover;--awb-margin-bottom:0px;\"><div class=\"fusion-column-wrapper fusion-flex-column-wrapper-legacy\"><div class=\"fusion-text fusion-text-5\"><h2 style=\"font-size: 28px;\">Workshop sobre o risco de tempestades 4:\u00a0<em>D<\/em><em>ivulga\u00e7\u00e3o do plano de gest\u00e3o de riscos<\/em><\/h2>\n<\/div><div class=\"fusion-text fusion-text-6\"><p>24 &#8211; 28 Junho 2019 em Waterford (Irlanda)<\/p>\n<p><a title=\"Forest fire workshop minutes\" href=\"https:\/\/plurifor.iefc.net\/wp-content\/uploads\/WP4\/E421-Storm2-1.pdf\">Atas <\/a>(EN)<\/p>\n<div class=\"fusion-text\"><\/div>\n<\/div><div class=\"fusion-text fusion-text-7\"><p>7 Junho 2019 em Arkaute (Espanha)<\/p>\n<p><a title=\"Forest fire workshop minutes\" href=\"https:\/\/plurifor.iefc.net\/wp-content\/uploads\/WP4\/E421-Storm1.pdf\">Atas <\/a>(ES)<\/p>\n<div class=\"fusion-text\"><\/div>\n<\/div><div class=\"fusion-text fusion-text-8\"><p>18 de Fevereiro de 2019 em \u00a0Saugnacq-et-Muret (Fran\u00e7a)<\/p>\n<div class=\"fusion-text\">\n<p><a title=\"Forest fire workshop minutes\" href=\"https:\/\/plurifor.iefc.net\/wp-content\/uploads\/WP4\/E431-Storm.pdf\">Atas<\/a>\u00a0(EN)<\/p>\n<\/div>\n<div class=\"fusion-text\"><\/div>\n<\/div><div class=\"fusion-text fusion-text-9\"><h2 style=\"font-size: 28px;\">Workshop sobre o risco de tempestades 3: <em>Avaliando o plano de gest\u00e3o<\/em><\/h2>\n<\/div><div class=\"fusion-text fusion-text-10\"><p>10 de Dezembro de 2018 em Toki Alai (Espanha)<\/p>\n<div class=\"fusion-text\">\n<p><a title=\"Forest fire workshop minutes\" href=\"https:\/\/plurifor.iefc.net\/wp-content\/uploads\/WP3\/Deliv311_321_wind_BasqueCountry.pdf\">Atas e avalia\u00e7\u00e3o econ\u00f3mica do plano<\/a>\u00a0(EN)<\/p>\n<\/div>\n<div class=\"fusion-text\"><\/div>\n<\/div><div class=\"fusion-text fusion-text-11\"><h2 style=\"font-size: 28px;\">Workshop sobre o risco de tempestades 2:\u00a0<em>Interc\u00e2mbio de conhecimentos especializados em mat\u00e9ria de gest\u00e3o dos riscos de tempestade<\/em><\/h2>\n<\/div><div class=\"fusion-text fusion-text-12\"><p>19 &#8211; 20 Abril 2018 em Nova Aquit\u00e2nia (Fran\u00e7a)<\/p>\n<div class=\"fusion-text\">\n<p><a title=\"Forest fire workshop minutes\" href=\"https:\/\/plurifor.iefc.net\/wp-content\/uploads\/WP2\/plans\/Experts-exchange-minutes.pdf\">Atas<\/a>\u00a0(EN)<\/p>\n<\/div>\n<div class=\"fusion-text\"><\/div>\n<\/div><div class=\"fusion-text fusion-text-13\"><h2 style=\"font-size: 28px;\">Workshop sobre o risco de tempestades 1: M<em>odelo de risco de vento para Euskadi &amp; gest\u00e3o florestal adaptado aos danos causados pelo vento<\/em><\/h2>\n<\/div><div class=\"fusion-text fusion-text-14\"><p>11 &#8211; 12 de Setembro de 2017 em Galdakao e Eskoriatza (Espanha)<\/p>\n<p><a href=\"https:\/\/plurifor.iefc.net\/wp-content\/uploads\/WP2\/workshop_material\/plurifor_storm_workshop__agenda_12-09-2017.pdf\">Agenda<\/a><\/p>\n<p><a title=\"Minutes of the storm risk workshop\" href=\"https:\/\/plurifor.iefc.net\/wp-content\/uploads\/WP2\/2.1.1\/Storm\/2.1_Storm-workshop-minutes.pdf\">Atas<\/a><\/p>\n<p><a href=\"\/?page_id=3892\">Apresenta\u00e7\u00f5es<\/a><\/p>\n<\/div><div class=\"fusion-sep-clear\"><\/div><div class=\"fusion-separator fusion-full-width-sep\" style=\"margin-left: auto;margin-right: auto;width:100%;\"><div class=\"fusion-separator-border sep-shadow\" style=\"--awb-height:20px;--awb-amount:20px;background:radial-gradient(ellipse at 50% -50% , #e0dede 0px, rgba(255, 255, 255, 0) 80%) repeat scroll 0 0 rgba(0, 0, 0, 0);background:-webkit-radial-gradient(ellipse at 50% -50% , #e0dede 0px, rgba(255, 255, 255, 0) 80%) repeat scroll 0 0 rgba(0, 0, 0, 0);background:-moz-radial-gradient(ellipse at 50% -50% , #e0dede 0px, rgba(255, 255, 255, 0) 80%) repeat scroll 0 0 rgba(0, 0, 0, 0);background:-o-radial-gradient(ellipse at 50% -50% , #e0dede 0px, rgba(255, 255, 255, 0) 80%) repeat scroll 0 0 rgba(0, 0, 0, 0);\"><\/div><\/div><div class=\"fusion-sep-clear\"><\/div><div class=\"fusion-clearfix\"><\/div><\/div><\/div><div class=\"fusion-layout-column fusion_builder_column fusion-builder-column-3 fusion_builder_column_1_1 1_1 fusion-one-full fusion-column-first fusion-column-last\" style=\"--awb-bg-size:cover;--awb-margin-bottom:0px;\"><div class=\"fusion-column-wrapper fusion-flex-column-wrapper-legacy\"><div class=\"fusion-text fusion-text-15\"><h2 style=\"font-size: 28px;\">Entreg\u00e1veis<\/h2>\n<\/div><div class=\"fusion-text fusion-text-16\"><h3>Relat\u00f3rios regionais<\/h3>\n<p>Relat\u00f3rios descrevendo como o risco florestal foi gerenciado nas regi\u00f5es em quest\u00e3o no in\u00edcio do projeto, em 2016:<\/p>\n<ul>\n<li><a href=\"https:\/\/plurifor.iefc.net\/wp-content\/uploads\/WP1\/1.2.1\/Aquitaine\/WP1_Aquitaine.pdf\">Gest\u00e3o de risco florestal na Aquit\u00e2nia (2016)<\/a> (FR)<\/li>\n<li><a href=\"https:\/\/plurifor.iefc.net\/wp-content\/uploads\/WP1\/1.2.1\/Euskadi\/WP1_Euskadi.pdf\">Gest\u00e3o de risco florestal\u00a0no Pa\u00eds Basco (2016)<\/a>\u00a0(ES)<\/li>\n<\/ul>\n<h3>Relat\u00f3rio resumido<\/h3>\n<p>Relat\u00f3rio resumindo a gest\u00e3o dos oito riscos nas regi\u00f5es em causa no in\u00edcio do projeto, em 2016:<\/p>\n<ul>\n<li><a href=\"https:\/\/plurifor.iefc.net\/wp-content\/uploads\/WP1\/1.2.2\/WP1-Summary-report-FINAL.pdf\">Relat\u00f3rio resumido (2016)<\/a>\u00a0(EN)<\/li>\n<\/ul>\n<\/div><div class=\"fusion-sep-clear\"><\/div><div class=\"fusion-separator fusion-full-width-sep\" style=\"margin-left: auto;margin-right: auto;width:100%;\"><div class=\"fusion-separator-border sep-shadow\" style=\"--awb-height:20px;--awb-amount:20px;background:radial-gradient(ellipse at 50% -50% , #e0dede 0px, rgba(255, 255, 255, 0) 80%) repeat scroll 0 0 rgba(0, 0, 0, 0);background:-webkit-radial-gradient(ellipse at 50% -50% , #e0dede 0px, rgba(255, 255, 255, 0) 80%) repeat scroll 0 0 rgba(0, 0, 0, 0);background:-moz-radial-gradient(ellipse at 50% -50% , #e0dede 0px, rgba(255, 255, 255, 0) 80%) repeat scroll 0 0 rgba(0, 0, 0, 0);background:-o-radial-gradient(ellipse at 50% -50% , #e0dede 0px, rgba(255, 255, 255, 0) 80%) repeat scroll 0 0 rgba(0, 0, 0, 0);\"><\/div><\/div><div class=\"fusion-sep-clear\"><\/div><div class=\"fusion-clearfix\"><\/div><\/div><\/div><div class=\"fusion-layout-column fusion_builder_column fusion-builder-column-4 fusion_builder_column_1_1 1_1 fusion-one-full fusion-column-first fusion-column-last\" style=\"--awb-bg-size:cover;--awb-margin-bottom:0px;\"><div class=\"fusion-column-wrapper fusion-flex-column-wrapper-legacy\"><div class=\"fusion-text fusion-text-17\"><h2 style=\"font-size: 28px;\">Contatos<\/h2>\n<\/div><div class=\"fusion-text fusion-text-18\"><ul>\n<li><strong>Aquit\u00e2nia<\/strong>: Barry Gardiner (EFI) &#8211; barry.gardiner @ efi.int &#8211; coordenador<\/li>\n<li><strong>Pa\u00eds Basco<\/strong>: Alejandro Cantero (HAZI) &#8211; acantero @ hazi.eus<\/li>\n<\/ul>\n<\/div><div class=\"fusion-clearfix\"><\/div><\/div><\/div><\/div><\/div>\n","protected":false},"excerpt":{"rendered":"","protected":false},"author":3,"featured_media":0,"parent":0,"menu_order":0,"comment_status":"closed","ping_status":"closed","template":"","meta":[],"_links":{"self":[{"href":"https:\/\/plurifor.iefc.net\/pt-pt\/wp-json\/wp\/v2\/pages\/1438"}],"collection":[{"href":"https:\/\/plurifor.iefc.net\/pt-pt\/wp-json\/wp\/v2\/pages"}],"about":[{"href":"https:\/\/plurifor.iefc.net\/pt-pt\/wp-json\/wp\/v2\/types\/page"}],"author":[{"embeddable":true,"href":"https:\/\/plurifor.iefc.net\/pt-pt\/wp-json\/wp\/v2\/users\/3"}],"replies":[{"embeddable":true,"href":"https:\/\/plurifor.iefc.net\/pt-pt\/wp-json\/wp\/v2\/comments?post=1438"}],"version-history":[{"count":155,"href":"https:\/\/plurifor.iefc.net\/pt-pt\/wp-json\/wp\/v2\/pages\/1438\/revisions"}],"predecessor-version":[{"id":7401,"href":"https:\/\/plurifor.iefc.net\/pt-pt\/wp-json\/wp\/v2\/pages\/1438\/revisions\/7401"}],"wp:attachment":[{"href":"https:\/\/plurifor.iefc.net\/pt-pt\/wp-json\/wp\/v2\/media?parent=1438"}],"curies":[{"name":"wp","href":"https:\/\/api.w.org\/{rel}","templated":true}]}}