{"id":219,"date":"2017-10-31T18:11:33","date_gmt":"2017-10-31T15:11:33","guid":{"rendered":"https:\/\/plurifor.iefc.net\/forumspanish-topics\/"},"modified":"2017-11-16T15:17:19","modified_gmt":"2017-11-16T12:17:19","slug":"forum-es","status":"publish","type":"page","link":"https:\/\/plurifor.iefc.net\/pt-pt\/forum-es\/","title":{"rendered":"F\u00f3rum: T\u00f3picos em Espanhol"},"content":{"rendered":"<div id=\"forum-lg-switcher\"><a href=\"https:\/\/plurifor.iefc.net\/pt-pt\/forum\/\">Todos os t\u00f3picos<\/a><span> | <\/span><a href=\"https:\/\/plurifor.iefc.net\/pt-pt\/forum-en\/\">T\u00f3picos em Ingl\u00eas<\/a><span> | <\/span><a href=\"https:\/\/plurifor.iefc.net\/pt-pt\/forum-fr\/\">T\u00f3picos em Franc\u00eas<\/a><span> | <\/span><a href=\"https:\/\/plurifor.iefc.net\/pt-pt\/forum-pt\/\">T\u00f3picos em Portugu\u00eas<\/a><span> | <\/span><span class=\"selected-lg\">T\u00f3picos em Espanhol<\/span><\/div>\n<p>[bbp-single-tag id=21]<br \/>\n[bbp-topic-form forum_id=138]<\/p>\n","protected":false},"excerpt":{"rendered":"<p>Todos os t\u00f3picos | T\u00f3picos em Ingl\u00eas | T\u00f3picos em [&hellip;]<\/p>\n","protected":false},"author":3,"featured_media":0,"parent":0,"menu_order":0,"comment_status":"closed","ping_status":"closed","template":"","meta":[],"_links":{"self":[{"href":"https:\/\/plurifor.iefc.net\/pt-pt\/wp-json\/wp\/v2\/pages\/219"}],"collection":[{"href":"https:\/\/plurifor.iefc.net\/pt-pt\/wp-json\/wp\/v2\/pages"}],"about":[{"href":"https:\/\/plurifor.iefc.net\/pt-pt\/wp-json\/wp\/v2\/types\/page"}],"author":[{"embeddable":true,"href":"https:\/\/plurifor.iefc.net\/pt-pt\/wp-json\/wp\/v2\/users\/3"}],"replies":[{"embeddable":true,"href":"https:\/\/plurifor.iefc.net\/pt-pt\/wp-json\/wp\/v2\/comments?post=219"}],"version-history":[{"count":12,"href":"https:\/\/plurifor.iefc.net\/pt-pt\/wp-json\/wp\/v2\/pages\/219\/revisions"}],"predecessor-version":[{"id":831,"href":"https:\/\/plurifor.iefc.net\/pt-pt\/wp-json\/wp\/v2\/pages\/219\/revisions\/831"}],"wp:attachment":[{"href":"https:\/\/plurifor.iefc.net\/pt-pt\/wp-json\/wp\/v2\/media?parent=219"}],"curies":[{"name":"wp","href":"https:\/\/api.w.org\/{rel}","templated":true}]}}