{"id":237,"date":"2017-10-31T23:59:38","date_gmt":"2017-10-31T20:59:38","guid":{"rendered":"https:\/\/plurifor.iefc.net\/forum-pt\/"},"modified":"2017-11-16T15:18:29","modified_gmt":"2017-11-16T12:18:29","slug":"forum-pt","status":"publish","type":"page","link":"https:\/\/plurifor.iefc.net\/pt-pt\/forum-pt\/","title":{"rendered":"F\u00f3rum: T\u00f3picos em Portugu\u00eas"},"content":{"rendered":"<div id=\"forum-lg-switcher\"><a href=\"https:\/\/plurifor.iefc.net\/pt-pt\/forum\/\">Todos os t\u00f3picos<\/a><span> | <\/span><a href=\"https:\/\/plurifor.iefc.net\/pt-pt\/forum-en\/\">T\u00f3picos em Ingl\u00eas<\/a><span> | <\/span><a href=\"https:\/\/plurifor.iefc.net\/pt-pt\/forum-fr\/\">T\u00f3picos em Franc\u00eas<\/a><span> | <\/span><span class=\"selected-lg\">T\u00f3picos em Portugu\u00eas<\/span><span> | <\/span><a href=\"https:\/\/plurifor.iefc.net\/pt-pt\/forum-es\/\">T\u00f3picos em Espanhol<\/a><\/div>\n<p>[bbp-single-tag id=20]<br \/>\n[bbp-topic-form forum_id=138]<\/p>\n","protected":false},"excerpt":{"rendered":"<p>Todos os t\u00f3picos | T\u00f3picos em Ingl\u00eas | T\u00f3picos em [&hellip;]<\/p>\n","protected":false},"author":3,"featured_media":0,"parent":0,"menu_order":0,"comment_status":"closed","ping_status":"closed","template":"","meta":[],"_links":{"self":[{"href":"https:\/\/plurifor.iefc.net\/pt-pt\/wp-json\/wp\/v2\/pages\/237"}],"collection":[{"href":"https:\/\/plurifor.iefc.net\/pt-pt\/wp-json\/wp\/v2\/pages"}],"about":[{"href":"https:\/\/plurifor.iefc.net\/pt-pt\/wp-json\/wp\/v2\/types\/page"}],"author":[{"embeddable":true,"href":"https:\/\/plurifor.iefc.net\/pt-pt\/wp-json\/wp\/v2\/users\/3"}],"replies":[{"embeddable":true,"href":"https:\/\/plurifor.iefc.net\/pt-pt\/wp-json\/wp\/v2\/comments?post=237"}],"version-history":[{"count":15,"href":"https:\/\/plurifor.iefc.net\/pt-pt\/wp-json\/wp\/v2\/pages\/237\/revisions"}],"predecessor-version":[{"id":832,"href":"https:\/\/plurifor.iefc.net\/pt-pt\/wp-json\/wp\/v2\/pages\/237\/revisions\/832"}],"wp:attachment":[{"href":"https:\/\/plurifor.iefc.net\/pt-pt\/wp-json\/wp\/v2\/media?parent=237"}],"curies":[{"name":"wp","href":"https:\/\/api.w.org\/{rel}","templated":true}]}}