{"id":44,"date":"2017-10-26T13:37:33","date_gmt":"2017-10-26T10:37:33","guid":{"rendered":"https:\/\/plurifor.iefc.net\/forum\/"},"modified":"2017-11-16T15:12:47","modified_gmt":"2017-11-16T12:12:47","slug":"forum","status":"publish","type":"page","link":"https:\/\/plurifor.iefc.net\/pt-pt\/forum\/","title":{"rendered":"F\u00f3rum: Todos os t\u00f3picos"},"content":{"rendered":"<div id=\"forum-lg-switcher\"><span class=\"selected-lg\">Todos os t\u00f3picos<\/span><span> | <\/span><a href=\"https:\/\/plurifor.iefc.net\/pt-pt\/forum-en\/\">T\u00f3picos em Ingl\u00eas<\/a><span> | <\/span><a href=\"https:\/\/plurifor.iefc.net\/pt-pt\/forum-fr\/\">T\u00f3picos em Franc\u00eas<\/a><span> | <\/span><a href=\"https:\/\/plurifor.iefc.net\/pt-pt\/forum-pt\/\">T\u00f3picos em Portugu\u00eas<\/a><span> | <\/span><a href=\"https:\/\/plurifor.iefc.net\/pt-pt\/forum-es\/\">T\u00f3picos em Espanhol<\/a><\/div>\n<p>[bbp-single-forum id=138]<\/p>\n","protected":false},"excerpt":{"rendered":"<p>Todos os t\u00f3picos | T\u00f3picos em Ingl\u00eas | T\u00f3picos em [&hellip;]<\/p>\n","protected":false},"author":3,"featured_media":0,"parent":0,"menu_order":0,"comment_status":"closed","ping_status":"closed","template":"","meta":[],"_links":{"self":[{"href":"https:\/\/plurifor.iefc.net\/pt-pt\/wp-json\/wp\/v2\/pages\/44"}],"collection":[{"href":"https:\/\/plurifor.iefc.net\/pt-pt\/wp-json\/wp\/v2\/pages"}],"about":[{"href":"https:\/\/plurifor.iefc.net\/pt-pt\/wp-json\/wp\/v2\/types\/page"}],"author":[{"embeddable":true,"href":"https:\/\/plurifor.iefc.net\/pt-pt\/wp-json\/wp\/v2\/users\/3"}],"replies":[{"embeddable":true,"href":"https:\/\/plurifor.iefc.net\/pt-pt\/wp-json\/wp\/v2\/comments?post=44"}],"version-history":[{"count":9,"href":"https:\/\/plurifor.iefc.net\/pt-pt\/wp-json\/wp\/v2\/pages\/44\/revisions"}],"predecessor-version":[{"id":827,"href":"https:\/\/plurifor.iefc.net\/pt-pt\/wp-json\/wp\/v2\/pages\/44\/revisions\/827"}],"wp:attachment":[{"href":"https:\/\/plurifor.iefc.net\/pt-pt\/wp-json\/wp\/v2\/media?parent=44"}],"curies":[{"name":"wp","href":"https:\/\/api.w.org\/{rel}","templated":true}]}}