{"id":5389,"date":"2018-11-22T18:53:30","date_gmt":"2018-11-22T15:53:30","guid":{"rendered":"https:\/\/plurifor.iefc.net\/ferramentas-de-gorgulho-do-eucalipto\/"},"modified":"2018-12-04T19:19:45","modified_gmt":"2018-12-04T16:19:45","slug":"ferramentas-de-gorgulho-do-eucalipto","status":"publish","type":"page","link":"https:\/\/plurifor.iefc.net\/pt-pt\/ferramentas-de-gorgulho-do-eucalipto\/","title":{"rendered":"Ferramentas de gorgulho do eucalipto"},"content":{"rendered":"<p><a href=\"https:\/\/plurifor.iefc.net\/wp-content\/uploads\/WP2\/tools\/Gonipterus-platensis-tool-1.pdf\">Avalia\u00e7\u00e3o e monitoramento de desfolhamento (EN)<\/a><\/p>\n<p><a href=\"https:\/\/plurifor.iefc.net\/wp-content\/uploads\/WP2\/tools\/Gonipterus-platensis-tool-2.pdf\">Previs\u00e3o de impacto de desfolha\u00e7\u00e3o (EN)<\/a><\/p>\n<p><a href=\"https:\/\/plurifor.iefc.net\/wp-content\/uploads\/WP2\/tools\/Gonipterus-platensis-tool-3.pdf\">Avalia\u00e7\u00e3o de desfolha e metodologia de monitoramento (EN)<\/a><\/p>\n<p><a href=\"http:\/\/plurifor.agresta.org\/?lang=pt-pt\">Silvalert (relat\u00f3rio de danos florestais)<\/a><\/p>\n","protected":false},"excerpt":{"rendered":"<p>Avalia\u00e7\u00e3o e monitoramento de desfolhamento (EN) Previs\u00e3o de impacto de [&hellip;]<\/p>\n","protected":false},"author":65,"featured_media":0,"parent":0,"menu_order":0,"comment_status":"closed","ping_status":"closed","template":"","meta":[],"_links":{"self":[{"href":"https:\/\/plurifor.iefc.net\/pt-pt\/wp-json\/wp\/v2\/pages\/5389"}],"collection":[{"href":"https:\/\/plurifor.iefc.net\/pt-pt\/wp-json\/wp\/v2\/pages"}],"about":[{"href":"https:\/\/plurifor.iefc.net\/pt-pt\/wp-json\/wp\/v2\/types\/page"}],"author":[{"embeddable":true,"href":"https:\/\/plurifor.iefc.net\/pt-pt\/wp-json\/wp\/v2\/users\/65"}],"replies":[{"embeddable":true,"href":"https:\/\/plurifor.iefc.net\/pt-pt\/wp-json\/wp\/v2\/comments?post=5389"}],"version-history":[{"count":1,"href":"https:\/\/plurifor.iefc.net\/pt-pt\/wp-json\/wp\/v2\/pages\/5389\/revisions"}],"predecessor-version":[{"id":5564,"href":"https:\/\/plurifor.iefc.net\/pt-pt\/wp-json\/wp\/v2\/pages\/5389\/revisions\/5564"}],"wp:attachment":[{"href":"https:\/\/plurifor.iefc.net\/pt-pt\/wp-json\/wp\/v2\/media?parent=5389"}],"curies":[{"name":"wp","href":"https:\/\/api.w.org\/{rel}","templated":true}]}}