{"id":5412,"date":"2018-11-22T19:31:54","date_gmt":"2018-11-22T16:31:54","guid":{"rendered":"https:\/\/plurifor.iefc.net\/ferramentas-de-cancro-do-pinheiro\/"},"modified":"2019-07-09T11:50:16","modified_gmt":"2019-07-09T08:50:16","slug":"ferramentas-de-cancro-do-pinheiro","status":"publish","type":"page","link":"https:\/\/plurifor.iefc.net\/pt-pt\/ferramentas-de-cancro-do-pinheiro\/","title":{"rendered":"Ferramentas de cancro do pinheiro"},"content":{"rendered":"<p><a href=\"https:\/\/plurifor.iefc.net\/wp-content\/uploads\/WP2\/tools\/Pine-pitch-canker-1.pdf\">T\u00e9cnicas de Seq\u00fcenciamento de Pr\u00f3xima Gera\u00e7\u00e3o (NGS) para o diagn\u00f3stico de Fusarium circinatum<\/a> (EN)<\/p>\n<p><a href=\"https:\/\/plurifor.iefc.net\/wp-content\/uploads\/WP2\/tools\/Pine-pitch-canker-2.pdf\"> Ciclo de vida de Fusarium circinatum<\/a> (EN)<\/p>\n<p><a href=\"https:\/\/plurifor.iefc.net\/wp-content\/uploads\/WP2\/tools\/Pine-pitch-canker-4.pdf\">Armadilhas de esporos combinadas com PCR em tempo real (qPCR) 1<\/a> (EN)<\/p>\n<p><a href=\"https:\/\/plurifor.iefc.net\/wp-content\/uploads\/WP2\/tools\/Pine-pitch-canker-3.pdf\">Armadilhas de esporos combinadas com PCR em tempo real (qPCR) 2<\/a> (EN)<\/p>\n<p><a href=\"http:\/\/plurifor.agresta.org\/?lang=pt-pt\">Silvalert (relat\u00f3rio de danos florestais)<\/a><\/p>\n","protected":false},"excerpt":{"rendered":"<p>T\u00e9cnicas de Seq\u00fcenciamento de Pr\u00f3xima Gera\u00e7\u00e3o (NGS) para o diagn\u00f3stico [&hellip;]<\/p>\n","protected":false},"author":65,"featured_media":0,"parent":0,"menu_order":0,"comment_status":"closed","ping_status":"closed","template":"","meta":[],"_links":{"self":[{"href":"https:\/\/plurifor.iefc.net\/pt-pt\/wp-json\/wp\/v2\/pages\/5412"}],"collection":[{"href":"https:\/\/plurifor.iefc.net\/pt-pt\/wp-json\/wp\/v2\/pages"}],"about":[{"href":"https:\/\/plurifor.iefc.net\/pt-pt\/wp-json\/wp\/v2\/types\/page"}],"author":[{"embeddable":true,"href":"https:\/\/plurifor.iefc.net\/pt-pt\/wp-json\/wp\/v2\/users\/65"}],"replies":[{"embeddable":true,"href":"https:\/\/plurifor.iefc.net\/pt-pt\/wp-json\/wp\/v2\/comments?post=5412"}],"version-history":[{"count":2,"href":"https:\/\/plurifor.iefc.net\/pt-pt\/wp-json\/wp\/v2\/pages\/5412\/revisions"}],"predecessor-version":[{"id":7415,"href":"https:\/\/plurifor.iefc.net\/pt-pt\/wp-json\/wp\/v2\/pages\/5412\/revisions\/7415"}],"wp:attachment":[{"href":"https:\/\/plurifor.iefc.net\/pt-pt\/wp-json\/wp\/v2\/media?parent=5412"}],"curies":[{"name":"wp","href":"https:\/\/api.w.org\/{rel}","templated":true}]}}