{"id":5433,"date":"2018-11-22T19:50:51","date_gmt":"2018-11-22T16:50:51","guid":{"rendered":"https:\/\/plurifor.iefc.net\/ferramentas-de-monitoramento-de-incendios-florestais\/"},"modified":"2019-06-10T21:17:36","modified_gmt":"2019-06-10T18:17:36","slug":"ferramentas-de-monitoramento-de-incendios-florestais","status":"publish","type":"page","link":"https:\/\/plurifor.iefc.net\/pt-pt\/ferramentas-de-monitoramento-de-incendios-florestais\/","title":{"rendered":"Ferramentas de monitoramento de inc\u00eandios florestais"},"content":{"rendered":"<p><a href=\"https:\/\/plurifor.iefc.net\/wp-content\/uploads\/WP2\/tools\/Forest-fire-tool-1.pdf\">Gu\u00eda de buenas pr\u00e1cticas (EN)<\/a><\/p>\n<p><a href=\"https:\/\/plurifor.iefc.net\/wp-content\/uploads\/WP2\/tools\/Forest-fire-tool_Good-practices-guide_2_2.pdf\">Gu\u00eda de buenas pr\u00e1cticas (PT)<\/a><\/p>\n<p><a href=\"https:\/\/plurifor.iefc.net\/wp-content\/uploads\/WP2\/tools\/E221_Forest-fire-tool-2B.pdf\">Mapas de fogo no Pa\u00eds Basco Espanhol (EN)<\/a><\/p>\n<p><a href=\"http:\/\/plurifor.agresta.org\/?lang=pt-pt\">Silvalert (relat\u00f3rio de danos florestais)<\/a><\/p>\n","protected":false},"excerpt":{"rendered":"<p>Gu\u00eda de buenas pr\u00e1cticas (EN) Gu\u00eda de buenas pr\u00e1cticas (PT) [&hellip;]<\/p>\n","protected":false},"author":65,"featured_media":0,"parent":0,"menu_order":0,"comment_status":"closed","ping_status":"closed","template":"","meta":[],"_links":{"self":[{"href":"https:\/\/plurifor.iefc.net\/pt-pt\/wp-json\/wp\/v2\/pages\/5433"}],"collection":[{"href":"https:\/\/plurifor.iefc.net\/pt-pt\/wp-json\/wp\/v2\/pages"}],"about":[{"href":"https:\/\/plurifor.iefc.net\/pt-pt\/wp-json\/wp\/v2\/types\/page"}],"author":[{"embeddable":true,"href":"https:\/\/plurifor.iefc.net\/pt-pt\/wp-json\/wp\/v2\/users\/65"}],"replies":[{"embeddable":true,"href":"https:\/\/plurifor.iefc.net\/pt-pt\/wp-json\/wp\/v2\/comments?post=5433"}],"version-history":[{"count":4,"href":"https:\/\/plurifor.iefc.net\/pt-pt\/wp-json\/wp\/v2\/pages\/5433\/revisions"}],"predecessor-version":[{"id":6979,"href":"https:\/\/plurifor.iefc.net\/pt-pt\/wp-json\/wp\/v2\/pages\/5433\/revisions\/6979"}],"wp:attachment":[{"href":"https:\/\/plurifor.iefc.net\/pt-pt\/wp-json\/wp\/v2\/media?parent=5433"}],"curies":[{"name":"wp","href":"https:\/\/api.w.org\/{rel}","templated":true}]}}