{"id":5457,"date":"2018-11-23T02:47:43","date_gmt":"2018-11-22T23:47:43","guid":{"rendered":"https:\/\/plurifor.iefc.net\/ferramentas-de-degradacao-do-solo\/"},"modified":"2019-07-09T12:27:36","modified_gmt":"2019-07-09T09:27:36","slug":"ferramentas-de-degradacao-do-solo","status":"publish","type":"page","link":"https:\/\/plurifor.iefc.net\/pt-pt\/ferramentas-de-degradacao-do-solo\/","title":{"rendered":"Ferramentas de degrada\u00e7\u00e3o do solo"},"content":{"rendered":"<p><a href=\"https:\/\/plurifor.iefc.net\/wp-content\/uploads\/WP2\/tools\/Soil-degradation-tool-1-2.pdf\">Efeitos da mastiga\u00e7\u00e3o do pinheiro na compacta\u00e7\u00e3o e eros\u00e3o do solo 1<\/a> (EN)<\/p>\n<p><a href=\"https:\/\/plurifor.iefc.net\/wp-content\/uploads\/WP2\/tools\/Soil-degradation-Mastication.pdf\">Efeitos da mastiga\u00e7\u00e3o do pinheiro na compacta\u00e7\u00e3o e eros\u00e3o do solo 2<\/a> (ES)<\/p>\n<p><a href=\"https:\/\/plurifor.iefc.net\/wp-content\/uploads\/WP2\/tools\/Soil-degradation-tool-2-1.pdf\">Efetividade de diferentes tratamentos para redu\u00e7\u00e3o de perdas de solo p\u00f3s-fogo<\/a> (EN)<\/p>\n<p><a href=\"https:\/\/plurifor.iefc.net\/wp-content\/uploads\/WP2\/tools\/Soil-degradation-tool-3-1.pdf\">Conectividade hidrol\u00f3gica para o planejamento de aplica\u00e7\u00f5es de tratamentos de redu\u00e7\u00e3o de eros\u00e3o p\u00f3s-inc\u00eandio 1<\/a> (EN)<\/p>\n<p><a href=\"https:\/\/plurifor.iefc.net\/wp-content\/uploads\/WP2\/tools\/Soil-degradation-Connectivity.pdf\">Conectividade hidrol\u00f3gica para o planejamento de aplica\u00e7\u00f5es de tratamentos de redu\u00e7\u00e3o de eros\u00e3o p\u00f3s-inc\u00eandio 2<\/a> (ES)<\/p>\n<p><a href=\"https:\/\/plurifor.iefc.net\/wp-content\/uploads\/WP2\/tools\/Soil-degradation-tool-4-1.pdf\">Mapa de susceptibilidade \u00e0 eros\u00e3o do solo na regi\u00e3o SUDOE<\/a> (EN)<\/p>\n<p><a href=\"https:\/\/plurifor.iefc.net\/wp-content\/uploads\/WP2\/tools\/Soil-degradation-tool-5-1.pdf\">Mapa da erosividade das chuvas<\/a> (EN)<\/p>\n<p><a href=\"https:\/\/plurifor.iefc.net\/wp-content\/uploads\/WP2\/tools\/Soil-degradation-tool-6.pdf\">Valores de refer\u00eancia para a biodiversidade do solo 1<\/a> (EN)<\/p>\n<p><a href=\"https:\/\/plurifor.iefc.net\/wp-content\/uploads\/WP2\/tools\/Soil-degradation-Biodiversity.pdf\">Valores de refer\u00eancia para a biodiversidade do solo 2<\/a> (EN)<\/p>\n<p><a href=\"https:\/\/plurifor.iefc.net\/wp-content\/uploads\/WP2\/tools\/E221_Soil-degradation-tool-7.pdf\">Mapa de suscetibilidade \u00e0 eros\u00e3o do solo usando dados do Lidar<\/a> (EN)<\/p>\n<p><a href=\"https:\/\/plurifor.iefc.net\/wp-content\/uploads\/WP2\/tools\/Soil-degradation-Annex.pdf\">Soil erosion susceptibility map &#8211; Annex<\/a> (EN)<\/p>\n<p><a href=\"https:\/\/plurifor.iefc.net\/wp-content\/uploads\/WP2\/tools\/E221_Soil-degradation-tool-8.pdf\">Mapa de susceptibilidade \u00e0 eros\u00e3o do solo para o Pa\u00eds Basco<\/a> (EN)<\/p>\n<p><a href=\"https:\/\/plurifor.iefc.net\/wp-content\/uploads\/WP2\/tools\/E221_Soil-degradation-tool-9.pdf\">Compacta\u00e7\u00e3o do solo<\/a> (EN)<\/p>\n<p><a href=\"https:\/\/plurifor.iefc.net\/wp-content\/uploads\/WP2\/tools\/E221_Soil-degradation-tool-10.pdf\">Protocolo de monitoriza\u00e7\u00e3o da perturba\u00e7\u00e3o do solo florestal<\/a> (EN)<\/p>\n<p><a href=\"https:\/\/plurifor.iefc.net\/wp-content\/uploads\/WP4\/soil_erosion_susceptibility_Euskadi_20190521.pdf\">Mapa de susceptibilidade \u00e0 eros\u00e3o do solo para o Pa\u00eds Basco &#8211; Annex<\/a> (EN)<\/p>\n<p><a href=\"http:\/\/plurifor.agresta.org\/\">Silvalert (relat\u00f3rio de danos florestais)<\/a> (EN)<\/p>\n","protected":false},"excerpt":{"rendered":"<p>Efeitos da mastiga\u00e7\u00e3o do pinheiro na compacta\u00e7\u00e3o e eros\u00e3o do [&hellip;]<\/p>\n","protected":false},"author":65,"featured_media":0,"parent":0,"menu_order":0,"comment_status":"closed","ping_status":"closed","template":"","meta":[],"_links":{"self":[{"href":"https:\/\/plurifor.iefc.net\/pt-pt\/wp-json\/wp\/v2\/pages\/5457"}],"collection":[{"href":"https:\/\/plurifor.iefc.net\/pt-pt\/wp-json\/wp\/v2\/pages"}],"about":[{"href":"https:\/\/plurifor.iefc.net\/pt-pt\/wp-json\/wp\/v2\/types\/page"}],"author":[{"embeddable":true,"href":"https:\/\/plurifor.iefc.net\/pt-pt\/wp-json\/wp\/v2\/users\/65"}],"replies":[{"embeddable":true,"href":"https:\/\/plurifor.iefc.net\/pt-pt\/wp-json\/wp\/v2\/comments?post=5457"}],"version-history":[{"count":12,"href":"https:\/\/plurifor.iefc.net\/pt-pt\/wp-json\/wp\/v2\/pages\/5457\/revisions"}],"predecessor-version":[{"id":7424,"href":"https:\/\/plurifor.iefc.net\/pt-pt\/wp-json\/wp\/v2\/pages\/5457\/revisions\/7424"}],"wp:attachment":[{"href":"https:\/\/plurifor.iefc.net\/pt-pt\/wp-json\/wp\/v2\/media?parent=5457"}],"curies":[{"name":"wp","href":"https:\/\/api.w.org\/{rel}","templated":true}]}}