{"id":5492,"date":"2018-11-23T03:36:56","date_gmt":"2018-11-23T00:36:56","guid":{"rendered":"https:\/\/plurifor.iefc.net\/ferramentas\/"},"modified":"2019-09-02T05:05:59","modified_gmt":"2019-09-02T02:05:59","slug":"ferramentas","status":"publish","type":"page","link":"https:\/\/plurifor.iefc.net\/pt-pt\/ferramentas\/","title":{"rendered":"Ferramentas de tempestade"},"content":{"rendered":"<p><a href=\"https:\/\/plurifor.iefc.net\/wp-content\/uploads\/WP2\/tools\/Storm-tool-EN-1.pdf\">Mapas de risco de danos causados \u200b\u200bpelo vento na Fran\u00e7a (EN)<\/a><\/p>\n<p><a href=\"https:\/\/plurifor.iefc.net\/wp-content\/uploads\/WP2\/tools\/Storm-tool-EN-2-1.pdf\">Danos cr\u00edticos \u00e0 altura de estandes na Fran\u00e7a (EN)<\/a><\/p>\n<p><a href=\"https:\/\/plurifor.iefc.net\/wp-content\/uploads\/WP2\/tools\/Storm-tool-EN-3-1.pdf\">Modelo de risco de dano de vento na Fran\u00e7a 1 (EN)<\/a><\/p>\n<p><a href=\"https:\/\/plurifor.iefc.net\/wp-content\/uploads\/WP2\/tools\/Storm-tool-EN-4.pdf\">Modelo de risco de dano de vento na Fran\u00e7a 2 (EN)<\/a><\/p>\n<p><a href=\"https:\/\/plurifor.iefc.net\/pt-pt\/mapas-da-altura-critica-da-nova-aquitania\/\">Mapas da altura cr\u00edtica da Nova Aquit\u00e2nia<\/a><\/p>\n<p><a href=\"https:\/\/plurifor.iefc.net\/wp-content\/uploads\/WP2\/tools\/Storm-tool-FR-5.pdf\">Gest\u00e3o de risco de tempestades em New Aquitaine (EN)<\/a><\/p>\n<p><a href=\"https:\/\/plurifor.iefc.net\/wp-content\/uploads\/WP2\/tools\/Storm-tool-ES-1.pdf\">Modelo de risco de danos causados \u200b\u200bpelo vento no Pa\u00eds Basco 1 (EN)<\/a><\/p>\n<p><a href=\"https:\/\/plurifor.iefc.net\/wp-content\/uploads\/WP2\/tools\/Storm-tool-ES-2.pdf\">Modelo de risco de danos causados \u200b\u200bpelo vento no Pa\u00eds Basco 2 (EN)<\/a><\/p>\n<p><a href=\"https:\/\/plurifor.iefc.net\/wp-content\/uploads\/WP2\/tools\/Storm-tool-ES-3.pdf\">Mapas dos ventos locais no Pa\u00eds Basco (EN)<\/a><\/p>\n<p><a href=\"http:\/\/plurifor.agresta.org\/?lang=pt-pt\">Silvalert (relat\u00f3rio de danos florestais)<\/a><\/p>\n","protected":false},"excerpt":{"rendered":"<p>Mapas de risco de danos causados \u200b\u200bpelo vento na Fran\u00e7a [&hellip;]<\/p>\n","protected":false},"author":65,"featured_media":0,"parent":0,"menu_order":0,"comment_status":"closed","ping_status":"closed","template":"","meta":[],"_links":{"self":[{"href":"https:\/\/plurifor.iefc.net\/pt-pt\/wp-json\/wp\/v2\/pages\/5492"}],"collection":[{"href":"https:\/\/plurifor.iefc.net\/pt-pt\/wp-json\/wp\/v2\/pages"}],"about":[{"href":"https:\/\/plurifor.iefc.net\/pt-pt\/wp-json\/wp\/v2\/types\/page"}],"author":[{"embeddable":true,"href":"https:\/\/plurifor.iefc.net\/pt-pt\/wp-json\/wp\/v2\/users\/65"}],"replies":[{"embeddable":true,"href":"https:\/\/plurifor.iefc.net\/pt-pt\/wp-json\/wp\/v2\/comments?post=5492"}],"version-history":[{"count":5,"href":"https:\/\/plurifor.iefc.net\/pt-pt\/wp-json\/wp\/v2\/pages\/5492\/revisions"}],"predecessor-version":[{"id":7792,"href":"https:\/\/plurifor.iefc.net\/pt-pt\/wp-json\/wp\/v2\/pages\/5492\/revisions\/7792"}],"wp:attachment":[{"href":"https:\/\/plurifor.iefc.net\/pt-pt\/wp-json\/wp\/v2\/media?parent=5492"}],"curies":[{"name":"wp","href":"https:\/\/api.w.org\/{rel}","templated":true}]}}