{"id":5659,"date":"2018-12-06T13:46:26","date_gmt":"2018-12-06T10:46:26","guid":{"rendered":"https:\/\/plurifor.iefc.net\/ferramentas-de-nematode-da-madeira-do-pinheiro\/"},"modified":"2019-04-15T16:28:32","modified_gmt":"2019-04-15T13:28:32","slug":"ferramentas-de-nematode-da-madeira-do-pinheiro","status":"publish","type":"page","link":"https:\/\/plurifor.iefc.net\/pt-pt\/ferramentas-de-nematode-da-madeira-do-pinheiro\/","title":{"rendered":"FERRAMENTAS DE NEMATODE DA MADEIRA DO PINHEIRO"},"content":{"rendered":"<p><a href=\"https:\/\/plurifor.iefc.net\/wp-content\/uploads\/WP2\/tools\/E221_Pine-wood-nematode.pdf\">Ferramentas de sensoriamento remoto na detec\u00e7\u00e3o e monitoramento do nem\u00e1tode do pinheiro (ES)<\/a><\/p>\n<p><a href=\"http:\/\/plurifor.agresta.org\/?lang=pt-pt\">Silvalert para relat\u00f3rio de danos florestais (PT)<\/a><\/p>\n","protected":false},"excerpt":{"rendered":"<p>Ferramentas de sensoriamento remoto na detec\u00e7\u00e3o e monitoramento do nem\u00e1tode [&hellip;]<\/p>\n","protected":false},"author":65,"featured_media":0,"parent":0,"menu_order":0,"comment_status":"closed","ping_status":"closed","template":"","meta":[],"_links":{"self":[{"href":"https:\/\/plurifor.iefc.net\/pt-pt\/wp-json\/wp\/v2\/pages\/5659"}],"collection":[{"href":"https:\/\/plurifor.iefc.net\/pt-pt\/wp-json\/wp\/v2\/pages"}],"about":[{"href":"https:\/\/plurifor.iefc.net\/pt-pt\/wp-json\/wp\/v2\/types\/page"}],"author":[{"embeddable":true,"href":"https:\/\/plurifor.iefc.net\/pt-pt\/wp-json\/wp\/v2\/users\/65"}],"replies":[{"embeddable":true,"href":"https:\/\/plurifor.iefc.net\/pt-pt\/wp-json\/wp\/v2\/comments?post=5659"}],"version-history":[{"count":5,"href":"https:\/\/plurifor.iefc.net\/pt-pt\/wp-json\/wp\/v2\/pages\/5659\/revisions"}],"predecessor-version":[{"id":6579,"href":"https:\/\/plurifor.iefc.net\/pt-pt\/wp-json\/wp\/v2\/pages\/5659\/revisions\/6579"}],"wp:attachment":[{"href":"https:\/\/plurifor.iefc.net\/pt-pt\/wp-json\/wp\/v2\/media?parent=5659"}],"curies":[{"name":"wp","href":"https:\/\/api.w.org\/{rel}","templated":true}]}}