{"id":7611,"date":"2019-07-17T15:19:52","date_gmt":"2019-07-17T12:19:52","guid":{"rendered":"https:\/\/plurifor.iefc.net\/presentacciones\/"},"modified":"2019-07-17T15:28:28","modified_gmt":"2019-07-17T12:28:28","slug":"presentacciones","status":"publish","type":"page","link":"https:\/\/plurifor.iefc.net\/pt-pt\/presentacciones\/","title":{"rendered":"Apresenta\u00e7\u00f5es"},"content":{"rendered":"<p><a href=\"https:\/\/plurifor.iefc.net\/wp-content\/uploads\/WP4\/ECCA-Oral-presentation-Cola\u00e7o.pptx\">Projecto Plurifor: um plano transnacional para a gest\u00e3o do risco de inc\u00eandio florestal<\/a>, Concei\u00e7\u00e3o Cola\u00e7o (ISA, Portugal) &#8211; EN<\/p>\n<p><a href=\"https:\/\/plurifor.iefc.net\/wp-content\/uploads\/WP4\/Gu\u00eda_Taller_Simulaciones_Incendios-English_Version.pptx\">Guia para a utiliza\u00e7\u00e3o de simuladores de comportamento ao fogo<\/a>, Enrique Jim\u00e9nez Carmona (CIF Lourizan, Spain) &#8211; EN<\/p>\n<p><a href=\"https:\/\/plurifor.iefc.net\/wp-content\/uploads\/WP4\/Gu%C3%ADa_Taller_Simulaciones_Incendios-Spanish_Version.pdf\">Guia para a utiliza\u00e7\u00e3o de simuladores de comportamento ao fogo<\/a>, Enrique Jim\u00e9nez Carmona (CIF Lourizan, Spain) &#8211; ES<\/p>\n<p><a href=\"https:\/\/plurifor.iefc.net\/wp-content\/uploads\/WP4\/Gu%C3%ADa_MapaCombustibles_QGis_Spanish_Version.pdf\">Gera\u00e7\u00e3o e visualiza\u00e7\u00e3o de mapas de combust\u00edvel<\/a>, Sandra S\u00e1nchez Garc\u00eda and Antol\u00edn Velasco Moreno (Cetemas, Spain) &#8211; ES<\/p>\n","protected":false},"excerpt":{"rendered":"<p>Projecto Plurifor: um plano transnacional para a gest\u00e3o do risco [&hellip;]<\/p>\n","protected":false},"author":65,"featured_media":0,"parent":0,"menu_order":0,"comment_status":"closed","ping_status":"closed","template":"","meta":[],"_links":{"self":[{"href":"https:\/\/plurifor.iefc.net\/pt-pt\/wp-json\/wp\/v2\/pages\/7611"}],"collection":[{"href":"https:\/\/plurifor.iefc.net\/pt-pt\/wp-json\/wp\/v2\/pages"}],"about":[{"href":"https:\/\/plurifor.iefc.net\/pt-pt\/wp-json\/wp\/v2\/types\/page"}],"author":[{"embeddable":true,"href":"https:\/\/plurifor.iefc.net\/pt-pt\/wp-json\/wp\/v2\/users\/65"}],"replies":[{"embeddable":true,"href":"https:\/\/plurifor.iefc.net\/pt-pt\/wp-json\/wp\/v2\/comments?post=7611"}],"version-history":[{"count":2,"href":"https:\/\/plurifor.iefc.net\/pt-pt\/wp-json\/wp\/v2\/pages\/7611\/revisions"}],"predecessor-version":[{"id":7618,"href":"https:\/\/plurifor.iefc.net\/pt-pt\/wp-json\/wp\/v2\/pages\/7611\/revisions\/7618"}],"wp:attachment":[{"href":"https:\/\/plurifor.iefc.net\/pt-pt\/wp-json\/wp\/v2\/media?parent=7611"}],"curies":[{"name":"wp","href":"https:\/\/api.w.org\/{rel}","templated":true}]}}